{"id":574,"date":"2023-02-06T08:53:20","date_gmt":"2023-02-06T08:53:20","guid":{"rendered":"https:\/\/www.prorent.eu\/impressum\/"},"modified":"2025-12-23T12:52:47","modified_gmt":"2025-12-23T12:52:47","slug":"note-legali","status":"publish","type":"page","link":"https:\/\/www.prorent.eu\/it\/note-legali\/","title":{"rendered":"Note legali"},"content":{"rendered":"<h1>Note legali<\/h1>\n<div>\n<p><strong>Rappresentata dall\u2019Amministratore Delegato:<\/strong> Alexander Stenmans<\/p>\n<h2 class=\"uk-text-large uk-margin-remove-bottom\">ProRent GmbH<\/h2>\n<p>Im Rohnweiher 12, 53797 Lohmar, Gernamnia<br \/><strong>E-Mail:<\/strong> info@prorent.eu<br \/><strong>Phone:<\/strong> +49 (0) 2205 92016-0<br \/><strong>Fax:<\/strong> +49 (0) 2205 92016-66<strong><\/strong><\/p>\n<p><strong>Partita Iva ai sensi del \u00a727a della legge tedesca sull\u2019Iva:<\/strong> DE 227066632<\/p>\n<\/div>\n<div>\n<h3>Diritto d\u2019autore<\/h3>\n<p>I contenuti e le opere presenti su queste pagine sono soggetti al diritto d\u2019autore tedesco. Qualsiasi utilizzo oltre i limiti di legge richiede il previo consenso scritto del titolare dei diritti.<\/p>\n<h3>Progettazione e realizzazione<\/h3>\n<p><span>Berendsohn AG |\u00a0<\/span><a href=\"https:\/\/www.berendsohn.de\/\" target=\"_blank\" rel=\"noopener\">www.berendsohn.de<\/a><\/p>\n<p>Si applica il diritto della Repubblica Federale di Germania.<\/p>\n<\/div>\n<p><!--more--><br \/>\n<!-- {\"type\":\"layout\",\"children\":[{\"type\":\"section\",\"props\":{\"image_position\":\"center-center\",\"style\":\"muted\",\"title_breakpoint\":\"xl\",\"title_position\":\"top-left\",\"title_rotation\":\"left\",\"vertical_align\":\"\",\"width\":\"large\"},\"children\":[{\"type\":\"row\",\"children\":[{\"type\":\"column\",\"props\":{\"image_position\":\"center-center\",\"position_sticky_breakpoint\":\"m\"},\"children\":[{\"type\":\"headline\",\"props\":{\"content\":\"Note legali\",\"title_element\":\"h1\"},\"name\":\"Impressum \\u00dcberschrift\"}]}]},{\"type\":\"row\",\"children\":[{\"type\":\"column\",\"props\":{\"image_position\":\"center-center\",\"position_sticky_breakpoint\":\"m\"},\"children\":[{\"type\":\"text\",\"props\":{\"column_breakpoint\":\"m\",\"content\":\"\n\n<p><strong>Rappresentata dall\\u2019Amministratore Delegato:<\\\/strong> Alexander Stenmans<\\\/p>\\n\n\n<h2 class=\\\"uk-text-large uk-margin-remove-bottom\\\">ProRent GmbH<\\\/h2>Im Rohnweiher 12, 53797 Lohmar, Gernamnia<br \\\/><strong>E-Mail:<\\\/strong> info@prorent.eu<br \\\/><strong>Phone:<\\\/strong> +49 (0) 2205 92016-0<br \\\/><strong>Fax:<\\\/strong> +49 (0) 2205 92016-66<strong><\\\/strong>\\n\n\n<p><strong>Partita Iva ai sensi del \\u00a727a della legge tedesca sull\\u2019Iva:<\\\/strong> DE 227066632<\\\/p>\",\"css\":\".el-element h2{font-weight:bold; font-size:18px;}\",\"margin\":\"default\"},\"name\":\"Kundendaten eintragen\"}]}]},{\"type\":\"row\",\"children\":[{\"type\":\"column\",\"props\":{\"image_position\":\"center-center\",\"position_sticky_breakpoint\":\"m\"},\"children\":[{\"type\":\"text\",\"props\":{\"column_breakpoint\":\"m\",\"content\":\"\n\n<h3>Diritto d\\u2019autore<\\\/h3>\\n\n\n<p>I contenuti e le opere presenti su queste pagine sono soggetti al diritto d\\u2019autore tedesco. Qualsiasi utilizzo oltre i limiti di legge richiede il previo consenso scritto del titolare dei diritti.<\\\/p>\\n\n\n<h3>Progettazione e realizzazione<\\\/h3>\\n\n\n<p><span>Berendsohn AG |\\u00a0<\\\/span><a href=\\\"https:\\\/\\\/www.berendsohn.de\\\/\\\" target=\\\"_blank\\\" rel=\\\"noopener\\\">www.berendsohn.de<\\\/a><\\\/p>\\n\n\n<p>Si applica il diritto della Repubblica Federale di Germania.<\\\/p>\",\"margin\":\"default\"},\"name\":\"Impressumstext\"}]}]}]}],\"version\":\"4.5.33\"} --><\/p>\n","protected":false},"excerpt":{"rendered":"<p>Note legali Rappresentata dall\u2019Amministratore Delegato: Alexander Stenmans ProRent GmbH Im Rohnweiher 12, 53797 Lohmar, GernamniaE-Mail: info@prorent.euPhone: +49 (0) 2205 92016-0Fax: +49 (0) 2205 92016-66 Partita Iva ai sensi del \u00a727a della legge tedesca sull\u2019Iva: DE 227066632 Diritto d\u2019autore I contenuti e le opere presenti su queste pagine sono soggetti al diritto d\u2019autore tedesco. Qualsiasi utilizzo [&hellip;]<\/p>\n","protected":false},"author":1,"featured_media":0,"parent":0,"menu_order":0,"comment_status":"closed","ping_status":"closed","template":"","meta":{"footnotes":""},"class_list":["post-574","page","type-page","status-publish","hentry"],"yoast_head":"<!-- This site is optimized with the Yoast SEO plugin v27.5 - https:\/\/yoast.com\/product\/yoast-seo-wordpress\/ -->\n<title>Impressum | ProRent GmbH<\/title>\n<meta name=\"description\" content=\"Rechtliche Informationen und Pflichtangaben f\u00fcr ProRent GmbH. Alle Details zu Adresse, Kontakt und Gesch\u00e4ftsf\u00fchrung finden Sie hier.\" \/>\n<meta name=\"robots\" content=\"index, follow, max-snippet:-1, max-image-preview:large, max-video-preview:-1\" \/>\n<link rel=\"canonical\" href=\"https:\/\/www.prorent.eu\/it\/note-legali\/\" \/>\n<meta property=\"og:locale\" content=\"it_IT\" \/>\n<meta property=\"og:type\" content=\"article\" \/>\n<meta property=\"og:title\" content=\"Impressum | ProRent GmbH\" \/>\n<meta property=\"og:description\" content=\"Rechtliche Informationen und Pflichtangaben f\u00fcr ProRent GmbH. Alle Details zu Adresse, Kontakt und Gesch\u00e4ftsf\u00fchrung finden Sie hier.\" \/>\n<meta property=\"og:url\" content=\"https:\/\/www.prorent.eu\/it\/note-legali\/\" \/>\n<meta property=\"og:site_name\" content=\"ProRent GmbH\" \/>\n<meta property=\"article:modified_time\" content=\"2025-12-23T12:52:47+00:00\" \/>\n<meta name=\"twitter:card\" content=\"summary_large_image\" \/>\n<script type=\"application\/ld+json\" class=\"yoast-schema-graph\">{\"@context\":\"https:\\\/\\\/schema.org\",\"@graph\":[{\"@type\":\"WebPage\",\"@id\":\"https:\\\/\\\/www.prorent.eu\\\/it\\\/note-legali\\\/\",\"url\":\"https:\\\/\\\/www.prorent.eu\\\/it\\\/note-legali\\\/\",\"name\":\"Impressum | ProRent GmbH\",\"isPartOf\":{\"@id\":\"https:\\\/\\\/www.prorent.eu\\\/it\\\/#website\"},\"datePublished\":\"2023-02-06T08:53:20+00:00\",\"dateModified\":\"2025-12-23T12:52:47+00:00\",\"description\":\"Rechtliche Informationen und Pflichtangaben f\u00fcr ProRent GmbH. Alle Details zu Adresse, Kontakt und Gesch\u00e4ftsf\u00fchrung finden Sie hier.\",\"breadcrumb\":{\"@id\":\"https:\\\/\\\/www.prorent.eu\\\/it\\\/note-legali\\\/#breadcrumb\"},\"inLanguage\":\"it-IT\",\"potentialAction\":[{\"@type\":\"ReadAction\",\"target\":[\"https:\\\/\\\/www.prorent.eu\\\/it\\\/note-legali\\\/\"]}]},{\"@type\":\"BreadcrumbList\",\"@id\":\"https:\\\/\\\/www.prorent.eu\\\/it\\\/note-legali\\\/#breadcrumb\",\"itemListElement\":[{\"@type\":\"ListItem\",\"position\":1,\"name\":\"Startseite\",\"item\":\"https:\\\/\\\/www.prorent.eu\\\/it\\\/\"},{\"@type\":\"ListItem\",\"position\":2,\"name\":\"Note legali\"}]},{\"@type\":\"WebSite\",\"@id\":\"https:\\\/\\\/www.prorent.eu\\\/it\\\/#website\",\"url\":\"https:\\\/\\\/www.prorent.eu\\\/it\\\/\",\"name\":\"ProRent GmbH\",\"description\":\"Website f\u00fcr\",\"potentialAction\":[{\"@type\":\"SearchAction\",\"target\":{\"@type\":\"EntryPoint\",\"urlTemplate\":\"https:\\\/\\\/www.prorent.eu\\\/it\\\/?s={search_term_string}\"},\"query-input\":{\"@type\":\"PropertyValueSpecification\",\"valueRequired\":true,\"valueName\":\"search_term_string\"}}],\"inLanguage\":\"it-IT\"}]}<\/script>\n<!-- \/ Yoast SEO plugin. -->","yoast_head_json":{"title":"Impressum | ProRent GmbH","description":"Rechtliche Informationen und Pflichtangaben f\u00fcr ProRent GmbH. Alle Details zu Adresse, Kontakt und Gesch\u00e4ftsf\u00fchrung finden Sie hier.","robots":{"index":"index","follow":"follow","max-snippet":"max-snippet:-1","max-image-preview":"max-image-preview:large","max-video-preview":"max-video-preview:-1"},"canonical":"https:\/\/www.prorent.eu\/it\/note-legali\/","og_locale":"it_IT","og_type":"article","og_title":"Impressum | ProRent GmbH","og_description":"Rechtliche Informationen und Pflichtangaben f\u00fcr ProRent GmbH. Alle Details zu Adresse, Kontakt und Gesch\u00e4ftsf\u00fchrung finden Sie hier.","og_url":"https:\/\/www.prorent.eu\/it\/note-legali\/","og_site_name":"ProRent GmbH","article_modified_time":"2025-12-23T12:52:47+00:00","twitter_card":"summary_large_image","schema":{"@context":"https:\/\/schema.org","@graph":[{"@type":"WebPage","@id":"https:\/\/www.prorent.eu\/it\/note-legali\/","url":"https:\/\/www.prorent.eu\/it\/note-legali\/","name":"Impressum | ProRent GmbH","isPartOf":{"@id":"https:\/\/www.prorent.eu\/it\/#website"},"datePublished":"2023-02-06T08:53:20+00:00","dateModified":"2025-12-23T12:52:47+00:00","description":"Rechtliche Informationen und Pflichtangaben f\u00fcr ProRent GmbH. Alle Details zu Adresse, Kontakt und Gesch\u00e4ftsf\u00fchrung finden Sie hier.","breadcrumb":{"@id":"https:\/\/www.prorent.eu\/it\/note-legali\/#breadcrumb"},"inLanguage":"it-IT","potentialAction":[{"@type":"ReadAction","target":["https:\/\/www.prorent.eu\/it\/note-legali\/"]}]},{"@type":"BreadcrumbList","@id":"https:\/\/www.prorent.eu\/it\/note-legali\/#breadcrumb","itemListElement":[{"@type":"ListItem","position":1,"name":"Startseite","item":"https:\/\/www.prorent.eu\/it\/"},{"@type":"ListItem","position":2,"name":"Note legali"}]},{"@type":"WebSite","@id":"https:\/\/www.prorent.eu\/it\/#website","url":"https:\/\/www.prorent.eu\/it\/","name":"ProRent GmbH","description":"Website f\u00fcr","potentialAction":[{"@type":"SearchAction","target":{"@type":"EntryPoint","urlTemplate":"https:\/\/www.prorent.eu\/it\/?s={search_term_string}"},"query-input":{"@type":"PropertyValueSpecification","valueRequired":true,"valueName":"search_term_string"}}],"inLanguage":"it-IT"}]}},"_links":{"self":[{"href":"https:\/\/www.prorent.eu\/it\/wp-json\/wp\/v2\/pages\/574","targetHints":{"allow":["GET"]}}],"collection":[{"href":"https:\/\/www.prorent.eu\/it\/wp-json\/wp\/v2\/pages"}],"about":[{"href":"https:\/\/www.prorent.eu\/it\/wp-json\/wp\/v2\/types\/page"}],"author":[{"embeddable":true,"href":"https:\/\/www.prorent.eu\/it\/wp-json\/wp\/v2\/users\/1"}],"replies":[{"embeddable":true,"href":"https:\/\/www.prorent.eu\/it\/wp-json\/wp\/v2\/comments?post=574"}],"version-history":[{"count":2,"href":"https:\/\/www.prorent.eu\/it\/wp-json\/wp\/v2\/pages\/574\/revisions"}],"predecessor-version":[{"id":576,"href":"https:\/\/www.prorent.eu\/it\/wp-json\/wp\/v2\/pages\/574\/revisions\/576"}],"wp:attachment":[{"href":"https:\/\/www.prorent.eu\/it\/wp-json\/wp\/v2\/media?parent=574"}],"curies":[{"name":"wp","href":"https:\/\/api.w.org\/{rel}","templated":true}]}}