{"id":531,"date":"2023-02-06T08:53:07","date_gmt":"2023-02-06T08:53:07","guid":{"rendered":"https:\/\/www.prorent.eu\/startseite\/"},"modified":"2025-12-23T13:21:39","modified_gmt":"2025-12-23T13:21:39","slug":"home","status":"publish","type":"page","link":"https:\/\/www.prorent.eu\/it\/","title":{"rendered":"Home"},"content":{"rendered":"<ul>\n<li>\n<p>        <img decoding=\"async\" src=\"\/wp-content\/uploads\/2025\/11\/Bildschirmfoto-2025-11-15-um-15.08.23.png\" alt=\"\"><\/p>\n<h2>Desiderate noleggiare un veicolo?<\/h2>\n<p><a href=\"https:\/\/www.prorent.eu\/it\/contatti\/\">Richiedi ora<\/a><\/p>\n<\/li>\n<li>\n<p>        <img decoding=\"async\" src=\"\/wp-content\/uploads\/2025\/09\/AdobeStock_282077531-scaled.jpg\" alt=\"\"><\/p>\n<h2>Ricerca &#038; Sviluppo Nell\u2019Industria Automotive<\/h2>\n<p><a href=\"https:\/\/www.prorent.eu\/it\/automotive\/\">Automotive<\/a><\/p>\n<\/li>\n<li>\n<p>        <img decoding=\"async\" src=\"\/wp-content\/uploads\/2025\/09\/AdobeStock_1412454105-scaled.jpg\" alt=\"\"><\/p>\n<h2>Gestione Flotte &#038; Servizi Di Veicoli Sostitutivi<\/h2>\n<p><a href=\"https:\/\/www.prorent.eu\/it\/soluzioni-di-mobilita\/\"> Soluzioni di mobilit\u00e0<\/a><\/p>\n<\/li>\n<\/ul>\n<div>\n<h1>ProRent GmbH<\/h1>\n<\/div>\n<hr>\n<div>\n<p style=\"font-weight: 400;\">Dal 2003, ProRent GmbH \u00e8 sinonimo di soluzioni di mobilit\u00e0 personalizzate e affidabili. Con sede a Lohmar e un team di collaboratori esperti, siamo specializzati nella fornitura di veicoli per l\u2019industria automobilistica, nonch\u00e9 nei servizi di gestione flotte e veicoli sostitutivi.<\/p>\n<\/div>\n<div>\n<p style=\"font-weight: 400;\">Che si tratti di ricerca e sviluppo, di veicoli sostitutivi in caso di incidente o di sostituzioni per officina, garantiamo la disponibilit\u00e0 rapida e semplice dei veicoli pi\u00f9 adatti alle vostre esigenze. Aziende e partner dei settori pi\u00f9 diversi si affidano alla nostra pluriennale esperienza, ai tempi di reazione ridotti e alla massima qualit\u00e0 del servizio.<\/p>\n<\/div>\n<hr>\n<p><p>\n        <a href=\"https:\/\/www.prorent.eu\/it\/contatti\/\">Metteteci alla prova<\/a>\n    <\/p>\n<\/p>\n<p><img decoding=\"async\" src=\"\/wp-content\/uploads\/2025\/09\/AdobeStock_647492977-scaled.jpg\" alt=\"\"><\/p>\n<div>\n<h2>I nostri punti di forza<\/h2>\n<\/div>\n<ul>\n<li>\n<h3>Rapidit\u00e0<\/h3>\n<div>\n<p>Rapida disponibilit\u00e0 di veicoli<\/p>\n<\/div>\n<\/li>\n<li>\n<h3>Team esperto<\/h3>\n<div>\n<p>Un team altamente qualificato ed esperto<\/p>\n<\/div>\n<\/li>\n<li>\n<h3>Reattivit\u00e0<\/h3>\n<div>\n<p>Tempi di risposta rapidi<\/p>\n<\/div>\n<\/li>\n<li>\n<h3>Servizio<\/h3>\n<div>\n<p>Massimi standard di qualit\u00e0<\/p>\n<\/div>\n<\/li>\n<li>\n<h3>Stabilit\u00e0<\/h3>\n<div>\n<p>Oltre 20 anni di presenza stabile sul mercato<\/p>\n<\/div>\n<\/li>\n<li>\n<h3>Marchio di qualit\u00e0<\/h3>\n<div>\n<p>certificato secondo DIN ISO 9001<\/p>\n<\/div>\n<\/li>\n<\/ul>\n<ul>\n<li>\n<p>        <img decoding=\"async\" src=\"\/wp-content\/uploads\/2025\/09\/rim.svg\" alt=\"\"><\/p>\n<h2>Automotive<\/h2>\n<p><a href=\"https:\/\/www.prorent.eu\/it\/automotive\/\"><\/a><\/p>\n<\/li>\n<li>\n<p>        <img decoding=\"async\" src=\"\/wp-content\/uploads\/2025\/09\/transport.svg\" alt=\"\"><\/p>\n<h2>Soluzioni di mobilit\u00e0<\/h2>\n<p><a href=\"https:\/\/www.prorent.eu\/it\/soluzioni-di-mobilita\/\"><\/a><\/p>\n<\/li>\n<\/ul>\n<p><!--more--><br \/>\n<!-- {\"type\":\"layout\",\"children\":[{\"type\":\"section\",\"props\":{\"image_position\":\"center-center\",\"padding_remove_bottom\":true,\"padding_remove_top\":true,\"style\":\"default\",\"title_breakpoint\":\"xl\",\"title_position\":\"top-left\",\"title_rotation\":\"left\",\"vertical_align\":\"middle\",\"width\":\"\"},\"children\":[{\"type\":\"row\",\"children\":[{\"type\":\"column\",\"props\":{\"image_position\":\"center-center\",\"position_sticky_breakpoint\":\"m\"},\"children\":[{\"type\":\"slideshow\",\"props\":{\"link_style\":\"default\",\"link_text\":\"Read more\",\"margin\":\"default\",\"meta_align\":\"below-title\",\"meta_element\":\"div\",\"meta_style\":\"text-meta\",\"nav\":\"thumbnav\",\"nav_align\":\"center\",\"nav_breakpoint\":\"s\",\"nav_position\":\"bottom-center\",\"nav_position_margin\":\"medium\",\"overlay_animation\":\"parallax\",\"overlay_position\":\"center-left\",\"overlay_style\":\"overlay-primary\",\"show_content\":true,\"show_link\":true,\"show_meta\":true,\"show_thumbnail\":true,\"show_title\":true,\"slidenav\":\"\",\"slidenav_breakpoint\":\"s\",\"slidenav_margin\":\"medium\",\"slidenav_outside_breakpoint\":\"xl\",\"slideshow_animation\":\"fade\",\"slideshow_autoplay\":true,\"slideshow_autoplay_pause\":false,\"slideshow_kenburns\":\"top-left\",\"slideshow_max_height\":\"600\",\"slideshow_min_height\":300,\"text_align\":\"center\",\"thumbnav_height\":\"75\",\"thumbnav_svg_color\":\"emphasis\",\"thumbnav_width\":\"100\",\"title_element\":\"h2\",\"title_hover_style\":\"reset\"},\"children\":[{\"type\":\"slideshow_item\",\"props\":{\"image\":\"wp-content\\\/uploads\\\/2025\\\/11\\\/Bildschirmfoto-2025-11-15-um-15.08.23.png\",\"link\":\"it\\\/contatti\\\/\",\"link_text\":\"Richiedi ora\",\"title\":\"Desiderate noleggiare un veicolo?\"}},{\"type\":\"slideshow_item\",\"props\":{\"image\":\"wp-content\\\/uploads\\\/2025\\\/09\\\/AdobeStock_282077531-scaled.jpg\",\"link\":\"it\\\/automotive\\\/\",\"link_text\":\"Automotive\",\"title\":\"Ricerca & Sviluppo Nell\\u2019Industria Automotive\"}},{\"type\":\"slideshow_item\",\"props\":{\"image\":\"wp-content\\\/uploads\\\/2025\\\/09\\\/AdobeStock_1412454105-scaled.jpg\",\"link\":\"it\\\/soluzioni-di-mobilita\\\/\",\"link_text\":\" Soluzioni di mobilit\\u00e0\",\"title\":\"Gestione Flotte & Servizi Di Veicoli Sostitutivi\"}}]}]}]}]},{\"type\":\"section\",\"props\":{\"animation\":\"fade\",\"animation_delay\":\"150\",\"image_position\":\"center-center\",\"style\":\"default\",\"title_breakpoint\":\"xl\",\"title_position\":\"top-left\",\"title_rotation\":\"left\",\"vertical_align\":\"middle\",\"width\":\"large\"},\"children\":[{\"type\":\"row\",\"props\":{\"layout\":\"1-2,1-2\"},\"children\":[{\"type\":\"column\",\"props\":{\"image_position\":\"center-center\",\"position_sticky_breakpoint\":\"m\",\"width_medium\":\"1-2\"},\"children\":[{\"type\":\"panel\",\"props\":{\"content_column_breakpoint\":\"m\",\"icon_width\":80,\"image_align\":\"top\",\"image_grid_breakpoint\":\"m\",\"image_grid_width\":\"1-2\",\"image_svg_color\":\"emphasis\",\"link_style\":\"default\",\"link_text\":\"Read more\",\"margin\":\"default\",\"meta_align\":\"below-title\",\"meta_element\":\"div\",\"meta_style\":\"text-meta\",\"title\":\"ProRent GmbH\",\"title_align\":\"top\",\"title_decoration\":\"bullet\",\"title_element\":\"h1\",\"title_grid_breakpoint\":\"m\",\"title_grid_width\":\"1-2\",\"title_hover_style\":\"reset\",\"title_style\":\"h1\"}},{\"type\":\"divider\",\"props\":{\"divider_element\":\"hr\",\"margin_remove_top\":false}},{\"type\":\"text\",\"props\":{\"column_breakpoint\":\"m\",\"content\":\"\n\n<p style=\\\"font-weight: 400;\\\">Dal 2003, ProRent GmbH \\u00e8 sinonimo di soluzioni di mobilit\\u00e0 personalizzate e affidabili. Con sede a Lohmar e un team di collaboratori esperti, siamo specializzati nella fornitura di veicoli per l\\u2019industria automobilistica, nonch\\u00e9 nei servizi di gestione flotte e veicoli sostitutivi.<\\\/p>\",\"margin\":\"default\"}},{\"type\":\"text\",\"props\":{\"column_breakpoint\":\"m\",\"content\":\"\n\n<p style=\\\"font-weight: 400;\\\">Che si tratti di ricerca e sviluppo, di veicoli sostitutivi in caso di incidente o di sostituzioni per officina, garantiamo la disponibilit\\u00e0 rapida e semplice dei veicoli pi\\u00f9 adatti alle vostre esigenze. Aziende e partner dei settori pi\\u00f9 diversi si affidano alla nostra pluriennale esperienza, ai tempi di reazione ridotti e alla massima qualit\\u00e0 del servizio.<\\\/p>\",\"margin\":\"default\"}},{\"type\":\"divider\",\"props\":{\"divider_element\":\"hr\",\"margin_remove_top\":false}},{\"type\":\"button\",\"props\":{\"grid_column_gap\":\"small\",\"grid_row_gap\":\"small\",\"margin\":\"medium\"},\"children\":[{\"type\":\"button_item\",\"props\":{\"button_style\":\"primary\",\"content\":\"Metteteci alla prova\",\"dialog_layout\":\"modal\",\"dialog_offcanvas_flip\":true,\"icon_align\":\"left\",\"link\":\"it\\\/contatti\\\/\"}}]}]},{\"type\":\"column\",\"props\":{\"image_position\":\"center-center\",\"position_sticky_breakpoint\":\"m\",\"width_medium\":\"1-2\"},\"children\":[{\"type\":\"image\",\"props\":{\"animation\":\"slide-right-medium\",\"height_expand\":true,\"image\":\"wp-content\\\/uploads\\\/2025\\\/09\\\/AdobeStock_647492977-scaled.jpg\",\"image_border\":\"rounded\",\"image_box_decoration\":\"secondary\",\"image_svg_color\":\"emphasis\",\"margin\":\"default\"}}]}]}]},{\"type\":\"section\",\"props\":{\"image_position\":\"center-center\",\"style\":\"muted\",\"title_breakpoint\":\"xl\",\"title_position\":\"top-left\",\"title_rotation\":\"left\",\"vertical_align\":\"middle\",\"width\":\"default\"},\"children\":[{\"type\":\"row\",\"children\":[{\"type\":\"column\",\"props\":{\"image_position\":\"center-center\",\"position_sticky_breakpoint\":\"m\"},\"children\":[{\"type\":\"panel\",\"props\":{\"content_column_breakpoint\":\"m\",\"icon_width\":80,\"image_align\":\"top\",\"image_grid_breakpoint\":\"m\",\"image_grid_width\":\"1-2\",\"image_svg_color\":\"emphasis\",\"link_style\":\"default\",\"link_text\":\"Read more\",\"margin\":\"default\",\"meta_align\":\"below-title\",\"meta_element\":\"div\",\"meta_style\":\"text-meta\",\"title\":\"I nostri punti di forza\",\"title_align\":\"top\",\"title_decoration\":\"bullet\",\"title_element\":\"h2\",\"title_grid_breakpoint\":\"m\",\"title_grid_width\":\"1-2\",\"title_hover_style\":\"reset\",\"title_style\":\"h2\"}},{\"type\":\"grid\",\"props\":{\"content_column_breakpoint\":\"m\",\"content_margin\":\"remove\",\"filter_align\":\"left\",\"filter_all\":true,\"filter_grid_breakpoint\":\"m\",\"filter_grid_width\":\"auto\",\"filter_position\":\"top\",\"filter_style\":\"tab\",\"grid_default\":\"1\",\"grid_medium\":\"3\",\"grid_small\":\"2\",\"icon_width\":80,\"image_align\":\"top\",\"image_grid_breakpoint\":\"m\",\"image_grid_width\":\"1-2\",\"image_svg_color\":\"emphasis\",\"item_animation\":true,\"lightbox_bg_close\":true,\"link_style\":\"default\",\"link_text\":\"Read more\",\"margin\":\"remove-vertical\",\"meta_align\":\"below-title\",\"meta_element\":\"div\",\"meta_style\":\"text-meta\",\"panel_padding\":\"small\",\"panel_style\":\"card-secondary\",\"show_content\":true,\"show_hover_image\":true,\"show_hover_video\":true,\"show_image\":true,\"show_link\":true,\"show_meta\":true,\"show_title\":true,\"show_video\":true,\"text_align\":\"center\",\"title_align\":\"top\",\"title_element\":\"h3\",\"title_grid_breakpoint\":\"m\",\"title_grid_width\":\"1-2\",\"title_hover_style\":\"reset\",\"title_style\":\"h3\"},\"children\":[{\"type\":\"grid_item\",\"props\":{\"content\":\"\n\n<p>Rapida disponibilit\\u00e0 di veicoli<\\\/p>\",\"title\":\"Rapidit\\u00e0\"}},{\"type\":\"grid_item\",\"props\":{\"content\":\"\n\n<p>Un team altamente qualificato ed esperto<\\\/p>\",\"title\":\"Team esperto\"}},{\"type\":\"grid_item\",\"props\":{\"content\":\"\n\n<p>Tempi di risposta rapidi<\\\/p>\",\"title\":\"Reattivit\\u00e0\"}},{\"type\":\"grid_item\",\"props\":{\"content\":\"\n\n<p>Massimi standard di qualit\\u00e0<\\\/p>\",\"title\":\"Servizio\"}},{\"type\":\"grid_item\",\"props\":{\"content\":\"\n\n<p>Oltre 20 anni di presenza stabile sul mercato<\\\/p>\",\"title\":\"Stabilit\\u00e0\"}},{\"type\":\"grid_item\",\"props\":{\"content\":\"\n\n<p>certificato secondo DIN ISO 9001<\\\/p>\",\"image\":\"\",\"meta\":\"\",\"title\":\"Marchio di qualit\\u00e0\"}}]}]}]}]},{\"type\":\"section\",\"props\":{\"image\":\"wp-content\\\/uploads\\\/2025\\\/09\\\/AdobeStock_1530628231-scaled.jpg\",\"image_position\":\"center-center\",\"image_size\":\"cover\",\"style\":\"secondary\",\"title_breakpoint\":\"xl\",\"title_position\":\"top-left\",\"title_rotation\":\"left\",\"vertical_align\":\"middle\",\"width\":\"small\"},\"children\":[{\"type\":\"row\",\"children\":[{\"type\":\"column\",\"props\":{\"image_position\":\"center-center\",\"position_sticky_breakpoint\":\"m\"},\"children\":[{\"type\":\"grid\",\"props\":{\"content_column_breakpoint\":\"m\",\"filter_align\":\"left\",\"filter_all\":true,\"filter_grid_breakpoint\":\"m\",\"filter_grid_width\":\"auto\",\"filter_position\":\"top\",\"filter_style\":\"tab\",\"grid_default\":\"1\",\"grid_medium\":\"2\",\"grid_small\":\"2\",\"icon_width\":80,\"image_align\":\"left\",\"image_grid_breakpoint\":\"s\",\"image_grid_column_gap\":\"small\",\"image_grid_width\":\"auto\",\"image_height\":60,\"image_svg_color\":\"emphasis\",\"image_svg_inline\":true,\"image_vertical_align\":true,\"item_animation\":true,\"lightbox_bg_close\":true,\"link_style\":\"default\",\"link_text\":\"\",\"margin\":\"default\",\"meta_align\":\"below-title\",\"meta_element\":\"div\",\"meta_style\":\"text-meta\",\"panel_image_no_padding\":false,\"panel_link\":true,\"panel_padding\":\"small\",\"panel_style\":\"card-primary\",\"show_content\":true,\"show_hover_image\":true,\"show_hover_video\":true,\"show_image\":true,\"show_link\":true,\"show_meta\":true,\"show_title\":true,\"show_video\":true,\"text_align\":\"center\",\"title_align\":\"top\",\"title_element\":\"h2\",\"title_grid_breakpoint\":\"m\",\"title_grid_width\":\"1-2\",\"title_hover_style\":\"reset\",\"title_margin\":\"small\",\"title_style\":\"h3\"},\"children\":[{\"type\":\"grid_item\",\"props\":{\"image\":\"wp-content\\\/uploads\\\/2025\\\/09\\\/rim.svg\",\"link\":\"it\\\/automotive\\\/\",\"title\":\"Automotive\"}},{\"type\":\"grid_item\",\"props\":{\"image\":\"wp-content\\\/uploads\\\/2025\\\/09\\\/transport.svg\",\"link\":\"it\\\/soluzioni-di-mobilita\\\/\",\"title\":\"Soluzioni di mobilit\\u00e0\"}}]}]}]}]}],\"version\":\"4.5.33\"} --><\/p>\n","protected":false},"excerpt":{"rendered":"<p>Desiderate noleggiare un veicolo? Richiedi ora Ricerca &#038; Sviluppo Nell\u2019Industria Automotive Automotive Gestione Flotte &#038; Servizi Di Veicoli Sostitutivi Soluzioni di mobilit\u00e0 ProRent GmbH Dal 2003, ProRent GmbH \u00e8 sinonimo di soluzioni di mobilit\u00e0 personalizzate e affidabili. Con sede a Lohmar e un team di collaboratori esperti, siamo specializzati nella fornitura di veicoli per l\u2019industria [&hellip;]<\/p>\n","protected":false},"author":1,"featured_media":0,"parent":0,"menu_order":0,"comment_status":"closed","ping_status":"closed","template":"","meta":{"footnotes":""},"class_list":["post-531","page","type-page","status-publish","hentry"],"yoast_head":"<!-- This site is optimized with the Yoast SEO plugin v27.5 - https:\/\/yoast.com\/product\/yoast-seo-wordpress\/ -->\n<title>ProRent GmbH - your automotive partner<\/title>\n<meta name=\"description\" content=\"Die ProRent GmbH ist seit 2003 Ihr zuverl\u00e4ssiger Partner f\u00fcr den Automotive Bereich und ma\u00dfgeschneiderte Mobilit\u00e4tsl\u00f6sungen.\" \/>\n<meta name=\"robots\" content=\"index, follow, max-snippet:-1, max-image-preview:large, max-video-preview:-1\" \/>\n<link rel=\"canonical\" href=\"https:\/\/www.prorent.eu\/it\/\" \/>\n<meta property=\"og:locale\" content=\"it_IT\" \/>\n<meta property=\"og:type\" content=\"article\" \/>\n<meta property=\"og:title\" content=\"ProRent GmbH - your automotive partner\" \/>\n<meta property=\"og:description\" content=\"Die ProRent GmbH ist seit 2003 Ihr zuverl\u00e4ssiger Partner f\u00fcr den Automotive Bereich und ma\u00dfgeschneiderte Mobilit\u00e4tsl\u00f6sungen.\" \/>\n<meta property=\"og:url\" content=\"https:\/\/www.prorent.eu\/it\/\" \/>\n<meta property=\"og:site_name\" content=\"ProRent GmbH\" \/>\n<meta property=\"article:modified_time\" content=\"2025-12-23T13:21:39+00:00\" \/>\n<meta name=\"twitter:card\" content=\"summary_large_image\" \/>\n<meta name=\"twitter:label1\" content=\"Tempo di lettura stimato\" \/>\n\t<meta name=\"twitter:data1\" content=\"1 minuto\" \/>\n<script type=\"application\/ld+json\" class=\"yoast-schema-graph\">{\"@context\":\"https:\\\/\\\/schema.org\",\"@graph\":[{\"@type\":\"WebPage\",\"@id\":\"https:\\\/\\\/www.prorent.eu\\\/it\\\/\",\"url\":\"https:\\\/\\\/www.prorent.eu\\\/it\\\/\",\"name\":\"ProRent GmbH - your automotive partner\",\"isPartOf\":{\"@id\":\"https:\\\/\\\/www.prorent.eu\\\/it\\\/#website\"},\"datePublished\":\"2023-02-06T08:53:07+00:00\",\"dateModified\":\"2025-12-23T13:21:39+00:00\",\"description\":\"Die ProRent GmbH ist seit 2003 Ihr zuverl\u00e4ssiger Partner f\u00fcr den Automotive Bereich und ma\u00dfgeschneiderte Mobilit\u00e4tsl\u00f6sungen.\",\"breadcrumb\":{\"@id\":\"https:\\\/\\\/www.prorent.eu\\\/it\\\/#breadcrumb\"},\"inLanguage\":\"it-IT\",\"potentialAction\":[{\"@type\":\"ReadAction\",\"target\":[\"https:\\\/\\\/www.prorent.eu\\\/it\\\/\"]}]},{\"@type\":\"BreadcrumbList\",\"@id\":\"https:\\\/\\\/www.prorent.eu\\\/it\\\/#breadcrumb\",\"itemListElement\":[{\"@type\":\"ListItem\",\"position\":1,\"name\":\"Startseite\",\"item\":\"https:\\\/\\\/www.prorent.eu\\\/it\\\/\"},{\"@type\":\"ListItem\",\"position\":2,\"name\":\"Home\"}]},{\"@type\":\"WebSite\",\"@id\":\"https:\\\/\\\/www.prorent.eu\\\/it\\\/#website\",\"url\":\"https:\\\/\\\/www.prorent.eu\\\/it\\\/\",\"name\":\"ProRent GmbH\",\"description\":\"Website f\u00fcr\",\"potentialAction\":[{\"@type\":\"SearchAction\",\"target\":{\"@type\":\"EntryPoint\",\"urlTemplate\":\"https:\\\/\\\/www.prorent.eu\\\/it\\\/?s={search_term_string}\"},\"query-input\":{\"@type\":\"PropertyValueSpecification\",\"valueRequired\":true,\"valueName\":\"search_term_string\"}}],\"inLanguage\":\"it-IT\"}]}<\/script>\n<!-- \/ Yoast SEO plugin. -->","yoast_head_json":{"title":"ProRent GmbH - your automotive partner","description":"Die ProRent GmbH ist seit 2003 Ihr zuverl\u00e4ssiger Partner f\u00fcr den Automotive Bereich und ma\u00dfgeschneiderte Mobilit\u00e4tsl\u00f6sungen.","robots":{"index":"index","follow":"follow","max-snippet":"max-snippet:-1","max-image-preview":"max-image-preview:large","max-video-preview":"max-video-preview:-1"},"canonical":"https:\/\/www.prorent.eu\/it\/","og_locale":"it_IT","og_type":"article","og_title":"ProRent GmbH - your automotive partner","og_description":"Die ProRent GmbH ist seit 2003 Ihr zuverl\u00e4ssiger Partner f\u00fcr den Automotive Bereich und ma\u00dfgeschneiderte Mobilit\u00e4tsl\u00f6sungen.","og_url":"https:\/\/www.prorent.eu\/it\/","og_site_name":"ProRent GmbH","article_modified_time":"2025-12-23T13:21:39+00:00","twitter_card":"summary_large_image","twitter_misc":{"Tempo di lettura stimato":"1 minuto"},"schema":{"@context":"https:\/\/schema.org","@graph":[{"@type":"WebPage","@id":"https:\/\/www.prorent.eu\/it\/","url":"https:\/\/www.prorent.eu\/it\/","name":"ProRent GmbH - your automotive partner","isPartOf":{"@id":"https:\/\/www.prorent.eu\/it\/#website"},"datePublished":"2023-02-06T08:53:07+00:00","dateModified":"2025-12-23T13:21:39+00:00","description":"Die ProRent GmbH ist seit 2003 Ihr zuverl\u00e4ssiger Partner f\u00fcr den Automotive Bereich und ma\u00dfgeschneiderte Mobilit\u00e4tsl\u00f6sungen.","breadcrumb":{"@id":"https:\/\/www.prorent.eu\/it\/#breadcrumb"},"inLanguage":"it-IT","potentialAction":[{"@type":"ReadAction","target":["https:\/\/www.prorent.eu\/it\/"]}]},{"@type":"BreadcrumbList","@id":"https:\/\/www.prorent.eu\/it\/#breadcrumb","itemListElement":[{"@type":"ListItem","position":1,"name":"Startseite","item":"https:\/\/www.prorent.eu\/it\/"},{"@type":"ListItem","position":2,"name":"Home"}]},{"@type":"WebSite","@id":"https:\/\/www.prorent.eu\/it\/#website","url":"https:\/\/www.prorent.eu\/it\/","name":"ProRent GmbH","description":"Website f\u00fcr","potentialAction":[{"@type":"SearchAction","target":{"@type":"EntryPoint","urlTemplate":"https:\/\/www.prorent.eu\/it\/?s={search_term_string}"},"query-input":{"@type":"PropertyValueSpecification","valueRequired":true,"valueName":"search_term_string"}}],"inLanguage":"it-IT"}]}},"_links":{"self":[{"href":"https:\/\/www.prorent.eu\/it\/wp-json\/wp\/v2\/pages\/531","targetHints":{"allow":["GET"]}}],"collection":[{"href":"https:\/\/www.prorent.eu\/it\/wp-json\/wp\/v2\/pages"}],"about":[{"href":"https:\/\/www.prorent.eu\/it\/wp-json\/wp\/v2\/types\/page"}],"author":[{"embeddable":true,"href":"https:\/\/www.prorent.eu\/it\/wp-json\/wp\/v2\/users\/1"}],"replies":[{"embeddable":true,"href":"https:\/\/www.prorent.eu\/it\/wp-json\/wp\/v2\/comments?post=531"}],"version-history":[{"count":8,"href":"https:\/\/www.prorent.eu\/it\/wp-json\/wp\/v2\/pages\/531\/revisions"}],"predecessor-version":[{"id":590,"href":"https:\/\/www.prorent.eu\/it\/wp-json\/wp\/v2\/pages\/531\/revisions\/590"}],"wp:attachment":[{"href":"https:\/\/www.prorent.eu\/it\/wp-json\/wp\/v2\/media?parent=531"}],"curies":[{"name":"wp","href":"https:\/\/api.w.org\/{rel}","templated":true}]}}