{"id":512,"date":"2025-09-05T06:53:57","date_gmt":"2025-09-05T06:53:57","guid":{"rendered":"https:\/\/www.prorent.eu\/mobilitaetsloesungen\/"},"modified":"2025-12-30T08:52:04","modified_gmt":"2025-12-30T08:52:04","slug":"solutions-de-mobilite","status":"publish","type":"page","link":"https:\/\/www.prorent.eu\/fr\/solutions-de-mobilite\/","title":{"rendered":"Solutions de mobilit\u00e9"},"content":{"rendered":"<div>\n<p>    <img decoding=\"async\" src=\"\/wp-content\/uploads\/2025\/09\/AdobeStock_598955509-scaled.jpg\" alt=\"\"><\/p>\n<\/div>\n<div>\n<h1>Solutions de mobilit\u00e9<\/h1>\n<\/div>\n<hr>\n<ul>\n<li>\n<p>        <img decoding=\"async\" src=\"\/wp-content\/uploads\/2025\/09\/AdobeStock_1411839421.jpg\" alt=\"\"><\/p>\n<h2>Gestion de flotte<\/h2>\n<div>\n<p>Nous prenons en charge l\u2019organisation et la gestion de votre flotte de v\u00e9hicules. De l\u2019acquisition \u00e0 l\u2019utilisation jusqu\u2019\u00e0 la restitution, nous garantissons efficacit\u00e9, transparence et ma\u00eetrise des co\u00fbts.<\/p>\n<\/div>\n<\/li>\n<li>\n<p>        <img decoding=\"async\" src=\"\/wp-content\/uploads\/2025\/09\/AdobeStock_612399329.jpg\" alt=\"\"><\/p>\n<h2>V\u00e9hicules de remplacement atelier<\/h2>\n<div>En cas d\u2019immobilisation du v\u00e9hicule d\u2019un client pour r\u00e9parations ou entretien, nous fournissons des v\u00e9hicules de remplacement pour le compte des ateliers et concessions. Vos clients restent mobiles \u2013 et vous profitez d\u2019un service fluide.<\/div>\n<\/li>\n<li>\n<p>        <img decoding=\"async\" src=\"\/wp-content\/uploads\/2025\/09\/AdobeStock_211630355.jpg\" alt=\"\"><\/p>\n<h2>V\u00e9hicules de remplacement en cas d\u2019accident<\/h2>\n<div>En cas d\u2019accident, une aide rapide est essentielle. En collaboration avec ateliers et concessions, nous veillons \u00e0 ce que les clients concern\u00e9s re\u00e7oivent imm\u00e9diatement un v\u00e9hicule de remplacement, sans perdre de temps.<\/div>\n<\/li>\n<li>\n<p>        <img decoding=\"async\" src=\"\/wp-content\/uploads\/2025\/09\/AdobeStock_1557303674.jpg\" alt=\"\"><\/p>\n<h2>Abonnement automobile<\/h2>\n<div>\n<p>Flexibilit\u00e9 totale sans engagement \u00e0 long terme: avec notre abonnement automobile, vous conduisez un v\u00e9hicule moderne pour un montant mensuel fixe. Assurance, entretien et service sont inclus \u2013 il ne vous reste que le carburant ou la recharge \u00e0 r\u00e9gler.<\/p>\n<\/div>\n<\/li>\n<\/ul>\n<div>\n<h3>Dites-Nous Ce Dont Vous Avez Besoin \u2013 Nous Trouvons La Solution V\u00c9Hicule Adapt\u00c9E<\/h3>\n<p><a href=\"https:\/\/www.prorent.eu\/fr\/contact\/\">Contactez-nous d\u00e8s maintenant<\/a><\/p>\n<\/div>\n<p><!--more--><br \/>\n<!-- {\"type\":\"layout\",\"children\":[{\"type\":\"section\",\"props\":{\"image_position\":\"center-center\",\"padding_remove_bottom\":true,\"padding_remove_top\":true,\"style\":\"default\",\"title_breakpoint\":\"xl\",\"title_position\":\"top-left\",\"title_rotation\":\"left\",\"vertical_align\":\"middle\",\"width\":\"\"},\"children\":[{\"type\":\"row\",\"children\":[{\"type\":\"column\",\"props\":{\"image_position\":\"center-center\",\"position_sticky_breakpoint\":\"m\"},\"children\":[{\"type\":\"slideshow\",\"props\":{\"link_style\":\"default\",\"link_text\":\"Read more\",\"margin\":\"default\",\"meta_align\":\"below-title\",\"meta_element\":\"div\",\"meta_style\":\"text-meta\",\"nav\":\"thumbnav\",\"nav_align\":\"center\",\"nav_breakpoint\":\"s\",\"nav_position\":\"bottom-center\",\"nav_position_margin\":\"medium\",\"overlay_animation\":\"parallax\",\"overlay_position\":\"center-left\",\"overlay_style\":\"overlay-primary\",\"show_content\":true,\"show_link\":true,\"show_meta\":true,\"show_thumbnail\":true,\"show_title\":true,\"slidenav\":\"\",\"slidenav_breakpoint\":\"s\",\"slidenav_margin\":\"medium\",\"slidenav_outside_breakpoint\":\"xl\",\"slideshow_animation\":\"fade\",\"slideshow_autoplay\":true,\"slideshow_autoplay_pause\":false,\"slideshow_kenburns\":\"top-left\",\"slideshow_max_height\":\"300\",\"slideshow_min_height\":300,\"text_align\":\"center\",\"thumbnav_height\":\"75\",\"thumbnav_svg_color\":\"emphasis\",\"thumbnav_width\":\"100\",\"title_element\":\"h2\",\"title_hover_style\":\"reset\"},\"children\":[{\"type\":\"slideshow_item\",\"props\":{\"image\":\"wp-content\\\/uploads\\\/2025\\\/09\\\/AdobeStock_598955509-scaled.jpg\",\"link_text\":\"Jetzt einfach anfragen! \",\"title\":\"\"}}]}]}]}]},{\"type\":\"section\",\"props\":{\"animation\":\"fade\",\"animation_delay\":\"150\",\"image_position\":\"center-center\",\"style\":\"default\",\"title_breakpoint\":\"xl\",\"title_position\":\"top-left\",\"title_rotation\":\"left\",\"vertical_align\":\"middle\",\"width\":\"large\"},\"children\":[{\"type\":\"row\",\"children\":[{\"type\":\"column\",\"props\":{\"image_position\":\"center-center\",\"position_sticky_breakpoint\":\"m\"},\"children\":[{\"type\":\"panel\",\"props\":{\"content_column_breakpoint\":\"m\",\"icon_width\":80,\"image_align\":\"top\",\"image_grid_breakpoint\":\"m\",\"image_grid_width\":\"1-2\",\"image_svg_color\":\"emphasis\",\"link_style\":\"default\",\"link_text\":\"Read more\",\"margin\":\"default\",\"meta_align\":\"below-title\",\"meta_element\":\"div\",\"meta_style\":\"text-meta\",\"title\":\"Solutions de mobilit\\u00e9\",\"title_align\":\"top\",\"title_decoration\":\"bullet\",\"title_element\":\"h1\",\"title_grid_breakpoint\":\"m\",\"title_grid_width\":\"1-2\",\"title_hover_style\":\"reset\",\"title_style\":\"h1\"}},{\"type\":\"divider\",\"props\":{\"divider_element\":\"hr\",\"margin_remove_top\":false}}]}]},{\"type\":\"row\",\"children\":[{\"type\":\"column\",\"props\":{\"image_position\":\"center-center\",\"position_sticky_breakpoint\":\"m\"},\"children\":[{\"type\":\"grid\",\"props\":{\"content_column_breakpoint\":\"m\",\"filter_align\":\"left\",\"filter_all\":true,\"filter_grid_breakpoint\":\"m\",\"filter_grid_width\":\"auto\",\"filter_position\":\"top\",\"filter_style\":\"tab\",\"grid_column_align\":true,\"grid_default\":\"1\",\"grid_medium\":\"4\",\"grid_small\":\"2\",\"icon_width\":80,\"image_align\":\"top\",\"image_grid_breakpoint\":\"m\",\"image_grid_width\":\"1-2\",\"image_svg_color\":\"emphasis\",\"item_animation\":true,\"lightbox_bg_close\":true,\"link_style\":\"default\",\"link_text\":\"Read more\",\"margin\":\"default\",\"meta_align\":\"below-title\",\"meta_element\":\"div\",\"meta_style\":\"text-meta\",\"panel_image_no_padding\":true,\"panel_padding\":\"small\",\"panel_style\":\"card-primary\",\"show_content\":true,\"show_hover_image\":true,\"show_hover_video\":true,\"show_image\":true,\"show_link\":true,\"show_meta\":true,\"show_title\":true,\"show_video\":true,\"text_align\":\"center\",\"title_align\":\"top\",\"title_element\":\"h2\",\"title_grid_breakpoint\":\"m\",\"title_grid_width\":\"1-2\",\"title_hover_style\":\"reset\",\"title_style\":\"h4\"},\"children\":[{\"type\":\"grid_item\",\"props\":{\"content\":\"\n\n<p>Nous prenons en charge l\\u2019organisation et la gestion de votre flotte de v\\u00e9hicules. De l\\u2019acquisition \\u00e0 l\\u2019utilisation jusqu\\u2019\\u00e0 la restitution, nous garantissons efficacit\\u00e9, transparence et ma\\u00eetrise des co\\u00fbts.<\\\/p>\",\"image\":\"wp-content\\\/uploads\\\/2025\\\/09\\\/AdobeStock_1411839421.jpg\",\"title\":\"Gestion de flotte\"}},{\"type\":\"grid_item\",\"props\":{\"content\":\"En cas d\\u2019immobilisation du v\\u00e9hicule d\\u2019un client pour r\\u00e9parations ou entretien, nous fournissons des v\\u00e9hicules de remplacement pour le compte des ateliers et concessions. Vos clients restent mobiles \\u2013 et vous profitez d\\u2019un service fluide.\",\"image\":\"wp-content\\\/uploads\\\/2025\\\/09\\\/AdobeStock_612399329.jpg\",\"title\":\"V\\u00e9hicules de remplacement atelier\"}},{\"type\":\"grid_item\",\"props\":{\"content\":\"En cas d\\u2019accident, une aide rapide est essentielle. En collaboration avec ateliers et concessions, nous veillons \\u00e0 ce que les clients concern\\u00e9s re\\u00e7oivent imm\\u00e9diatement un v\\u00e9hicule de remplacement, sans perdre de temps.\",\"image\":\"wp-content\\\/uploads\\\/2025\\\/09\\\/AdobeStock_211630355.jpg\",\"title\":\"V\\u00e9hicules de remplacement en cas d\\u2019accident\"}},{\"type\":\"grid_item\",\"props\":{\"content\":\"\n\n<p>Flexibilit\\u00e9 totale sans engagement \\u00e0 long terme: avec notre abonnement automobile, vous conduisez un v\\u00e9hicule moderne pour un montant mensuel fixe. Assurance, entretien et service sont inclus \\u2013 il ne vous reste que le carburant ou la recharge \\u00e0 r\\u00e9gler.<\\\/p>\",\"image\":\"wp-content\\\/uploads\\\/2025\\\/09\\\/AdobeStock_1557303674.jpg\",\"title\":\"Abonnement automobile\"}}]}]}]}]},{\"type\":\"section\",\"props\":{\"image\":\"wp-content\\\/uploads\\\/2025\\\/09\\\/AdobeStock_1530628231-scaled.jpg\",\"image_position\":\"center-center\",\"image_size\":\"cover\",\"style\":\"secondary\",\"title_breakpoint\":\"xl\",\"title_position\":\"top-left\",\"title_rotation\":\"left\",\"vertical_align\":\"middle\",\"width\":\"large\"},\"children\":[{\"type\":\"row\",\"children\":[{\"type\":\"column\",\"props\":{\"image_position\":\"center-center\",\"position_sticky_breakpoint\":\"m\"},\"children\":[{\"type\":\"panel\",\"props\":{\"content_column_breakpoint\":\"m\",\"icon_width\":80,\"image_align\":\"top\",\"image_grid_breakpoint\":\"m\",\"image_grid_width\":\"1-2\",\"image_svg_color\":\"emphasis\",\"link\":\"fr\\\/contact\\\/\",\"link_style\":\"default\",\"link_text\":\"Contactez-nous d\\u00e8s maintenant\",\"margin\":\"medium\",\"meta_align\":\"below-title\",\"meta_element\":\"div\",\"meta_style\":\"text-meta\",\"panel_link\":true,\"panel_padding\":\"default\",\"panel_style\":\"card-primary\",\"text_align\":\"center\",\"title\":\"Dites-Nous Ce Dont Vous Avez Besoin \\u2013 Nous Trouvons La Solution V\\u00c9Hicule Adapt\\u00c9E\",\"title_align\":\"top\",\"title_element\":\"h3\",\"title_grid_breakpoint\":\"m\",\"title_grid_width\":\"1-2\",\"title_hover_style\":\"reset\"}}]}]}]}],\"version\":\"4.5.33\"} --><\/p>\n","protected":false},"excerpt":{"rendered":"<p>Solutions de mobilit\u00e9 Gestion de flotte Nous prenons en charge l\u2019organisation et la gestion de votre flotte de v\u00e9hicules. De l\u2019acquisition \u00e0 l\u2019utilisation jusqu\u2019\u00e0 la restitution, nous garantissons efficacit\u00e9, transparence et ma\u00eetrise des co\u00fbts. V\u00e9hicules de remplacement atelier En cas d\u2019immobilisation du v\u00e9hicule d\u2019un client pour r\u00e9parations ou entretien, nous fournissons des v\u00e9hicules de remplacement [&hellip;]<\/p>\n","protected":false},"author":14,"featured_media":0,"parent":0,"menu_order":0,"comment_status":"closed","ping_status":"closed","template":"","meta":{"footnotes":""},"class_list":["post-512","page","type-page","status-publish","hentry"],"yoast_head":"<!-- This site is optimized with the Yoast SEO plugin v27.5 - https:\/\/yoast.com\/product\/yoast-seo-wordpress\/ -->\n<title>Solutions de mobilit\u00e9 - ProRent GmbH<\/title>\n<meta name=\"robots\" content=\"index, follow, max-snippet:-1, max-image-preview:large, max-video-preview:-1\" \/>\n<link rel=\"canonical\" href=\"https:\/\/www.prorent.eu\/fr\/solutions-de-mobilite\/\" \/>\n<meta property=\"og:locale\" content=\"fr_FR\" \/>\n<meta property=\"og:type\" content=\"article\" \/>\n<meta property=\"og:title\" content=\"Solutions de mobilit\u00e9 - ProRent GmbH\" \/>\n<meta property=\"og:description\" content=\"Solutions de mobilit\u00e9 Gestion de flotte Nous prenons en charge l\u2019organisation et la gestion de votre flotte de v\u00e9hicules. De l\u2019acquisition \u00e0 l\u2019utilisation jusqu\u2019\u00e0 la restitution, nous garantissons efficacit\u00e9, transparence et ma\u00eetrise des co\u00fbts. V\u00e9hicules de remplacement atelier En cas d\u2019immobilisation du v\u00e9hicule d\u2019un client pour r\u00e9parations ou entretien, nous fournissons des v\u00e9hicules de remplacement [&hellip;]\" \/>\n<meta property=\"og:url\" content=\"https:\/\/www.prorent.eu\/fr\/solutions-de-mobilite\/\" \/>\n<meta property=\"og:site_name\" content=\"ProRent GmbH\" \/>\n<meta property=\"article:modified_time\" content=\"2025-12-30T08:52:04+00:00\" \/>\n<meta name=\"twitter:card\" content=\"summary_large_image\" \/>\n<meta name=\"twitter:label1\" content=\"Dur\u00e9e de lecture estim\u00e9e\" \/>\n\t<meta name=\"twitter:data1\" content=\"1 minute\" \/>\n<script type=\"application\/ld+json\" class=\"yoast-schema-graph\">{\"@context\":\"https:\\\/\\\/schema.org\",\"@graph\":[{\"@type\":\"WebPage\",\"@id\":\"https:\\\/\\\/www.prorent.eu\\\/fr\\\/solutions-de-mobilite\\\/\",\"url\":\"https:\\\/\\\/www.prorent.eu\\\/fr\\\/solutions-de-mobilite\\\/\",\"name\":\"Solutions de mobilit\u00e9 - ProRent GmbH\",\"isPartOf\":{\"@id\":\"https:\\\/\\\/www.prorent.eu\\\/fr\\\/#website\"},\"datePublished\":\"2025-09-05T06:53:57+00:00\",\"dateModified\":\"2025-12-30T08:52:04+00:00\",\"breadcrumb\":{\"@id\":\"https:\\\/\\\/www.prorent.eu\\\/fr\\\/solutions-de-mobilite\\\/#breadcrumb\"},\"inLanguage\":\"fr-FR\",\"potentialAction\":[{\"@type\":\"ReadAction\",\"target\":[\"https:\\\/\\\/www.prorent.eu\\\/fr\\\/solutions-de-mobilite\\\/\"]}]},{\"@type\":\"BreadcrumbList\",\"@id\":\"https:\\\/\\\/www.prorent.eu\\\/fr\\\/solutions-de-mobilite\\\/#breadcrumb\",\"itemListElement\":[{\"@type\":\"ListItem\",\"position\":1,\"name\":\"Startseite\",\"item\":\"https:\\\/\\\/www.prorent.eu\\\/fr\\\/\"},{\"@type\":\"ListItem\",\"position\":2,\"name\":\"Solutions de mobilit\u00e9\"}]},{\"@type\":\"WebSite\",\"@id\":\"https:\\\/\\\/www.prorent.eu\\\/fr\\\/#website\",\"url\":\"https:\\\/\\\/www.prorent.eu\\\/fr\\\/\",\"name\":\"ProRent GmbH\",\"description\":\"Website f\u00fcr\",\"potentialAction\":[{\"@type\":\"SearchAction\",\"target\":{\"@type\":\"EntryPoint\",\"urlTemplate\":\"https:\\\/\\\/www.prorent.eu\\\/fr\\\/?s={search_term_string}\"},\"query-input\":{\"@type\":\"PropertyValueSpecification\",\"valueRequired\":true,\"valueName\":\"search_term_string\"}}],\"inLanguage\":\"fr-FR\"}]}<\/script>\n<!-- \/ Yoast SEO plugin. -->","yoast_head_json":{"title":"Solutions de mobilit\u00e9 - ProRent GmbH","robots":{"index":"index","follow":"follow","max-snippet":"max-snippet:-1","max-image-preview":"max-image-preview:large","max-video-preview":"max-video-preview:-1"},"canonical":"https:\/\/www.prorent.eu\/fr\/solutions-de-mobilite\/","og_locale":"fr_FR","og_type":"article","og_title":"Solutions de mobilit\u00e9 - ProRent GmbH","og_description":"Solutions de mobilit\u00e9 Gestion de flotte Nous prenons en charge l\u2019organisation et la gestion de votre flotte de v\u00e9hicules. De l\u2019acquisition \u00e0 l\u2019utilisation jusqu\u2019\u00e0 la restitution, nous garantissons efficacit\u00e9, transparence et ma\u00eetrise des co\u00fbts. V\u00e9hicules de remplacement atelier En cas d\u2019immobilisation du v\u00e9hicule d\u2019un client pour r\u00e9parations ou entretien, nous fournissons des v\u00e9hicules de remplacement [&hellip;]","og_url":"https:\/\/www.prorent.eu\/fr\/solutions-de-mobilite\/","og_site_name":"ProRent GmbH","article_modified_time":"2025-12-30T08:52:04+00:00","twitter_card":"summary_large_image","twitter_misc":{"Dur\u00e9e de lecture estim\u00e9e":"1 minute"},"schema":{"@context":"https:\/\/schema.org","@graph":[{"@type":"WebPage","@id":"https:\/\/www.prorent.eu\/fr\/solutions-de-mobilite\/","url":"https:\/\/www.prorent.eu\/fr\/solutions-de-mobilite\/","name":"Solutions de mobilit\u00e9 - ProRent GmbH","isPartOf":{"@id":"https:\/\/www.prorent.eu\/fr\/#website"},"datePublished":"2025-09-05T06:53:57+00:00","dateModified":"2025-12-30T08:52:04+00:00","breadcrumb":{"@id":"https:\/\/www.prorent.eu\/fr\/solutions-de-mobilite\/#breadcrumb"},"inLanguage":"fr-FR","potentialAction":[{"@type":"ReadAction","target":["https:\/\/www.prorent.eu\/fr\/solutions-de-mobilite\/"]}]},{"@type":"BreadcrumbList","@id":"https:\/\/www.prorent.eu\/fr\/solutions-de-mobilite\/#breadcrumb","itemListElement":[{"@type":"ListItem","position":1,"name":"Startseite","item":"https:\/\/www.prorent.eu\/fr\/"},{"@type":"ListItem","position":2,"name":"Solutions de mobilit\u00e9"}]},{"@type":"WebSite","@id":"https:\/\/www.prorent.eu\/fr\/#website","url":"https:\/\/www.prorent.eu\/fr\/","name":"ProRent GmbH","description":"Website f\u00fcr","potentialAction":[{"@type":"SearchAction","target":{"@type":"EntryPoint","urlTemplate":"https:\/\/www.prorent.eu\/fr\/?s={search_term_string}"},"query-input":{"@type":"PropertyValueSpecification","valueRequired":true,"valueName":"search_term_string"}}],"inLanguage":"fr-FR"}]}},"_links":{"self":[{"href":"https:\/\/www.prorent.eu\/fr\/wp-json\/wp\/v2\/pages\/512","targetHints":{"allow":["GET"]}}],"collection":[{"href":"https:\/\/www.prorent.eu\/fr\/wp-json\/wp\/v2\/pages"}],"about":[{"href":"https:\/\/www.prorent.eu\/fr\/wp-json\/wp\/v2\/types\/page"}],"author":[{"embeddable":true,"href":"https:\/\/www.prorent.eu\/fr\/wp-json\/wp\/v2\/users\/14"}],"replies":[{"embeddable":true,"href":"https:\/\/www.prorent.eu\/fr\/wp-json\/wp\/v2\/comments?post=512"}],"version-history":[{"count":4,"href":"https:\/\/www.prorent.eu\/fr\/wp-json\/wp\/v2\/pages\/512\/revisions"}],"predecessor-version":[{"id":663,"href":"https:\/\/www.prorent.eu\/fr\/wp-json\/wp\/v2\/pages\/512\/revisions\/663"}],"wp:attachment":[{"href":"https:\/\/www.prorent.eu\/fr\/wp-json\/wp\/v2\/media?parent=512"}],"curies":[{"name":"wp","href":"https:\/\/api.w.org\/{rel}","templated":true}]}}