{"id":502,"date":"2025-09-05T06:52:25","date_gmt":"2025-09-05T06:52:25","guid":{"rendered":"https:\/\/www.prorent.eu\/leistungen\/"},"modified":"2025-12-23T15:08:42","modified_gmt":"2025-12-23T15:08:42","slug":"services","status":"publish","type":"page","link":"https:\/\/www.prorent.eu\/fr\/services\/","title":{"rendered":"Services"},"content":{"rendered":"<div>\n<p>    <img decoding=\"async\" src=\"\/wp-content\/uploads\/2025\/09\/AdobeStock_647492977-scaled.jpg\" alt=\"\"><\/p>\n<\/div>\n<div>\n<h1>Services<\/h1>\n<\/div>\n<hr>\n<div>\n<p>Forts de nombreuses ann\u00e9es d\u2019exp\u00e9rience, d\u2019une \u00e9quipe qualifi\u00e9e et d\u2019une grande r\u00e9activit\u00e9, nous vous garantissons des solutions de mobilit\u00e9 toujours adapt\u00e9es \u00e0 vos besoins. En tant que fournisseur complet de solutions de mobilit\u00e9, nous intervenons dans les domaines suivants :<\/p>\n<\/div>\n<ul>\n<li>\n<p>        <img decoding=\"async\" src=\"\/wp-content\/uploads\/2025\/09\/rim.svg\" alt=\"\"><\/p>\n<h2>Automotive<\/h2>\n<div>\n<p>V\u00e9hicules destin\u00e9s \u00e0 la recherche, au d\u00e9veloppement et aux projets dans l\u2019industrie automobile.<\/p>\n<\/div>\n<p><a href=\"https:\/\/www.prorent.eu\/fr\/automotive\/\"><\/a><\/p>\n<\/li>\n<li>\n<p>        <img decoding=\"async\" src=\"\/wp-content\/uploads\/2025\/09\/transport.svg\" alt=\"\"><\/p>\n<h2>Solutions de mobilit\u00e9<\/h2>\n<div>\n<p>Gestion de flotte, v\u00e9hicules de remplacement en cas d\u2019entretien ou de sinistre, ainsi que formules d\u2019abonnement automobile flexibles.<\/p>\n<\/div>\n<p><a href=\"https:\/\/www.prorent.eu\/fr\/solutions-de-mobilite\/\"><\/a><\/p>\n<\/li>\n<\/ul>\n<p><!--more--><br \/>\n<!-- {\"type\":\"layout\",\"children\":[{\"type\":\"section\",\"props\":{\"image_position\":\"center-center\",\"padding_remove_bottom\":true,\"padding_remove_top\":true,\"style\":\"default\",\"title_breakpoint\":\"xl\",\"title_position\":\"top-left\",\"title_rotation\":\"left\",\"vertical_align\":\"middle\",\"width\":\"\"},\"children\":[{\"type\":\"row\",\"children\":[{\"type\":\"column\",\"props\":{\"image_position\":\"center-center\",\"position_sticky_breakpoint\":\"m\"},\"children\":[{\"type\":\"slideshow\",\"props\":{\"link_style\":\"default\",\"link_text\":\"Read more\",\"margin\":\"default\",\"meta_align\":\"below-title\",\"meta_element\":\"div\",\"meta_style\":\"text-meta\",\"nav\":\"\",\"nav_align\":\"center\",\"nav_breakpoint\":\"s\",\"nav_position\":\"bottom-center\",\"nav_position_margin\":\"medium\",\"overlay_animation\":\"parallax\",\"overlay_position\":\"center-left\",\"overlay_style\":\"overlay-primary\",\"show_content\":true,\"show_link\":true,\"show_meta\":true,\"show_thumbnail\":true,\"show_title\":true,\"slidenav\":\"\",\"slidenav_breakpoint\":\"s\",\"slidenav_margin\":\"medium\",\"slidenav_outside_breakpoint\":\"xl\",\"slideshow_animation\":\"fade\",\"slideshow_autoplay\":true,\"slideshow_autoplay_pause\":false,\"slideshow_kenburns\":\"top-left\",\"slideshow_max_height\":\"300\",\"slideshow_min_height\":300,\"text_align\":\"center\",\"thumbnav_height\":\"75\",\"thumbnav_svg_color\":\"emphasis\",\"thumbnav_width\":\"100\",\"title_element\":\"h2\",\"title_hover_style\":\"reset\"},\"children\":[{\"type\":\"slideshow_item\",\"props\":{\"image\":\"wp-content\\\/uploads\\\/2025\\\/09\\\/AdobeStock_647492977-scaled.jpg\",\"link_text\":\"Jetzt einfach anfragen! \",\"title\":\"\"}}]}]}]}]},{\"type\":\"section\",\"props\":{\"animation\":\"fade\",\"animation_delay\":\"150\",\"image_position\":\"center-center\",\"style\":\"default\",\"title_breakpoint\":\"xl\",\"title_position\":\"top-left\",\"title_rotation\":\"left\",\"vertical_align\":\"middle\",\"width\":\"large\"},\"children\":[{\"type\":\"row\",\"children\":[{\"type\":\"column\",\"props\":{\"image_position\":\"center-center\",\"position_sticky_breakpoint\":\"m\"},\"children\":[{\"type\":\"panel\",\"props\":{\"content_column_breakpoint\":\"m\",\"icon_width\":80,\"image_align\":\"top\",\"image_grid_breakpoint\":\"m\",\"image_grid_width\":\"1-2\",\"image_svg_color\":\"emphasis\",\"link_style\":\"default\",\"link_text\":\"Read more\",\"margin\":\"default\",\"meta_align\":\"below-title\",\"meta_element\":\"div\",\"meta_style\":\"text-meta\",\"title\":\"Services\",\"title_align\":\"top\",\"title_decoration\":\"bullet\",\"title_element\":\"h1\",\"title_grid_breakpoint\":\"m\",\"title_grid_width\":\"1-2\",\"title_hover_style\":\"reset\",\"title_style\":\"h1\"}},{\"type\":\"divider\",\"props\":{\"divider_element\":\"hr\"}},{\"type\":\"text\",\"props\":{\"column_breakpoint\":\"m\",\"content\":\"\n\n<p>Forts de nombreuses ann\\u00e9es d\\u2019exp\\u00e9rience, d\\u2019une \\u00e9quipe qualifi\\u00e9e et d\\u2019une grande r\\u00e9activit\\u00e9, nous vous garantissons des solutions de mobilit\\u00e9 toujours adapt\\u00e9es \\u00e0 vos besoins. En tant que fournisseur complet de solutions de mobilit\\u00e9, nous intervenons dans les domaines suivants :<\\\/p>\",\"margin\":\"default\"}}]}]}]},{\"type\":\"section\",\"props\":{\"image\":\"wp-content\\\/uploads\\\/2025\\\/09\\\/AdobeStock_1530628231-scaled.jpg\",\"image_position\":\"center-center\",\"image_size\":\"cover\",\"style\":\"secondary\",\"title_breakpoint\":\"xl\",\"title_position\":\"top-left\",\"title_rotation\":\"left\",\"vertical_align\":\"middle\",\"width\":\"small\"},\"children\":[{\"type\":\"row\",\"children\":[{\"type\":\"column\",\"props\":{\"image_position\":\"center-center\",\"position_sticky_breakpoint\":\"m\"},\"children\":[{\"type\":\"grid\",\"props\":{\"content_column_breakpoint\":\"m\",\"content_margin\":\"small\",\"filter_align\":\"left\",\"filter_all\":true,\"filter_grid_breakpoint\":\"m\",\"filter_grid_width\":\"auto\",\"filter_position\":\"top\",\"filter_style\":\"tab\",\"grid_default\":\"1\",\"grid_medium\":\"2\",\"grid_small\":\"2\",\"icon_width\":80,\"image_align\":\"left\",\"image_grid_breakpoint\":\"s\",\"image_grid_column_gap\":\"medium\",\"image_grid_width\":\"auto\",\"image_height\":60,\"image_svg_color\":\"emphasis\",\"image_svg_inline\":true,\"image_vertical_align\":false,\"item_animation\":true,\"lightbox_bg_close\":true,\"link_style\":\"default\",\"link_text\":\"\",\"margin\":\"default\",\"meta_align\":\"below-title\",\"meta_element\":\"div\",\"meta_style\":\"text-meta\",\"panel_image_no_padding\":false,\"panel_link\":true,\"panel_padding\":\"small\",\"panel_style\":\"card-primary\",\"show_content\":true,\"show_hover_image\":true,\"show_hover_video\":true,\"show_image\":true,\"show_link\":true,\"show_meta\":true,\"show_title\":true,\"show_video\":true,\"title_align\":\"top\",\"title_element\":\"h2\",\"title_grid_breakpoint\":\"m\",\"title_grid_width\":\"1-2\",\"title_hover_style\":\"reset\",\"title_margin\":\"small\",\"title_style\":\"h3\"},\"children\":[{\"type\":\"grid_item\",\"props\":{\"content\":\"\n\n<p>V\\u00e9hicules destin\\u00e9s \\u00e0 la recherche, au d\\u00e9veloppement et aux projets dans l\\u2019industrie automobile.<\\\/p>\",\"image\":\"wp-content\\\/uploads\\\/2025\\\/09\\\/rim.svg\",\"link\":\"fr\\\/automotive\\\/\",\"title\":\"Automotive\"}},{\"type\":\"grid_item\",\"props\":{\"content\":\"\n\n<p>Gestion de flotte, v\\u00e9hicules de remplacement en cas d\\u2019entretien ou de sinistre, ainsi que formules d\\u2019abonnement automobile flexibles.<\\\/p>\",\"image\":\"wp-content\\\/uploads\\\/2025\\\/09\\\/transport.svg\",\"link\":\"fr\\\/solutions-de-mobilite\\\/\",\"title\":\"Solutions de mobilit\\u00e9\"}}]}]}]}]}],\"version\":\"4.5.33\"} --><\/p>\n","protected":false},"excerpt":{"rendered":"<p>Services Forts de nombreuses ann\u00e9es d\u2019exp\u00e9rience, d\u2019une \u00e9quipe qualifi\u00e9e et d\u2019une grande r\u00e9activit\u00e9, nous vous garantissons des solutions de mobilit\u00e9 toujours adapt\u00e9es \u00e0 vos besoins. En tant que fournisseur complet de solutions de mobilit\u00e9, nous intervenons dans les domaines suivants : Automotive V\u00e9hicules destin\u00e9s \u00e0 la recherche, au d\u00e9veloppement et aux projets dans l\u2019industrie automobile. [&hellip;]<\/p>\n","protected":false},"author":14,"featured_media":0,"parent":0,"menu_order":0,"comment_status":"closed","ping_status":"closed","template":"","meta":{"footnotes":""},"class_list":["post-502","page","type-page","status-publish","hentry"],"yoast_head":"<!-- This site is optimized with the Yoast SEO plugin v27.5 - https:\/\/yoast.com\/product\/yoast-seo-wordpress\/ -->\n<title>Services - ProRent GmbH<\/title>\n<meta name=\"robots\" content=\"index, follow, max-snippet:-1, max-image-preview:large, max-video-preview:-1\" \/>\n<link rel=\"canonical\" href=\"https:\/\/www.prorent.eu\/fr\/services\/\" \/>\n<meta property=\"og:locale\" content=\"fr_FR\" \/>\n<meta property=\"og:type\" content=\"article\" \/>\n<meta property=\"og:title\" content=\"Services - ProRent GmbH\" \/>\n<meta property=\"og:description\" content=\"Services Forts de nombreuses ann\u00e9es d\u2019exp\u00e9rience, d\u2019une \u00e9quipe qualifi\u00e9e et d\u2019une grande r\u00e9activit\u00e9, nous vous garantissons des solutions de mobilit\u00e9 toujours adapt\u00e9es \u00e0 vos besoins. En tant que fournisseur complet de solutions de mobilit\u00e9, nous intervenons dans les domaines suivants : Automotive V\u00e9hicules destin\u00e9s \u00e0 la recherche, au d\u00e9veloppement et aux projets dans l\u2019industrie automobile. [&hellip;]\" \/>\n<meta property=\"og:url\" content=\"https:\/\/www.prorent.eu\/fr\/services\/\" \/>\n<meta property=\"og:site_name\" content=\"ProRent GmbH\" \/>\n<meta property=\"article:modified_time\" content=\"2025-12-23T15:08:42+00:00\" \/>\n<meta name=\"twitter:card\" content=\"summary_large_image\" \/>\n<script type=\"application\/ld+json\" class=\"yoast-schema-graph\">{\"@context\":\"https:\\\/\\\/schema.org\",\"@graph\":[{\"@type\":\"WebPage\",\"@id\":\"https:\\\/\\\/www.prorent.eu\\\/fr\\\/services\\\/\",\"url\":\"https:\\\/\\\/www.prorent.eu\\\/fr\\\/services\\\/\",\"name\":\"Services - ProRent GmbH\",\"isPartOf\":{\"@id\":\"https:\\\/\\\/www.prorent.eu\\\/fr\\\/#website\"},\"datePublished\":\"2025-09-05T06:52:25+00:00\",\"dateModified\":\"2025-12-23T15:08:42+00:00\",\"breadcrumb\":{\"@id\":\"https:\\\/\\\/www.prorent.eu\\\/fr\\\/services\\\/#breadcrumb\"},\"inLanguage\":\"fr-FR\",\"potentialAction\":[{\"@type\":\"ReadAction\",\"target\":[\"https:\\\/\\\/www.prorent.eu\\\/fr\\\/services\\\/\"]}]},{\"@type\":\"BreadcrumbList\",\"@id\":\"https:\\\/\\\/www.prorent.eu\\\/fr\\\/services\\\/#breadcrumb\",\"itemListElement\":[{\"@type\":\"ListItem\",\"position\":1,\"name\":\"Startseite\",\"item\":\"https:\\\/\\\/www.prorent.eu\\\/fr\\\/\"},{\"@type\":\"ListItem\",\"position\":2,\"name\":\"Services\"}]},{\"@type\":\"WebSite\",\"@id\":\"https:\\\/\\\/www.prorent.eu\\\/fr\\\/#website\",\"url\":\"https:\\\/\\\/www.prorent.eu\\\/fr\\\/\",\"name\":\"ProRent GmbH\",\"description\":\"Website f\u00fcr\",\"potentialAction\":[{\"@type\":\"SearchAction\",\"target\":{\"@type\":\"EntryPoint\",\"urlTemplate\":\"https:\\\/\\\/www.prorent.eu\\\/fr\\\/?s={search_term_string}\"},\"query-input\":{\"@type\":\"PropertyValueSpecification\",\"valueRequired\":true,\"valueName\":\"search_term_string\"}}],\"inLanguage\":\"fr-FR\"}]}<\/script>\n<!-- \/ Yoast SEO plugin. -->","yoast_head_json":{"title":"Services - ProRent GmbH","robots":{"index":"index","follow":"follow","max-snippet":"max-snippet:-1","max-image-preview":"max-image-preview:large","max-video-preview":"max-video-preview:-1"},"canonical":"https:\/\/www.prorent.eu\/fr\/services\/","og_locale":"fr_FR","og_type":"article","og_title":"Services - ProRent GmbH","og_description":"Services Forts de nombreuses ann\u00e9es d\u2019exp\u00e9rience, d\u2019une \u00e9quipe qualifi\u00e9e et d\u2019une grande r\u00e9activit\u00e9, nous vous garantissons des solutions de mobilit\u00e9 toujours adapt\u00e9es \u00e0 vos besoins. En tant que fournisseur complet de solutions de mobilit\u00e9, nous intervenons dans les domaines suivants : Automotive V\u00e9hicules destin\u00e9s \u00e0 la recherche, au d\u00e9veloppement et aux projets dans l\u2019industrie automobile. [&hellip;]","og_url":"https:\/\/www.prorent.eu\/fr\/services\/","og_site_name":"ProRent GmbH","article_modified_time":"2025-12-23T15:08:42+00:00","twitter_card":"summary_large_image","schema":{"@context":"https:\/\/schema.org","@graph":[{"@type":"WebPage","@id":"https:\/\/www.prorent.eu\/fr\/services\/","url":"https:\/\/www.prorent.eu\/fr\/services\/","name":"Services - ProRent GmbH","isPartOf":{"@id":"https:\/\/www.prorent.eu\/fr\/#website"},"datePublished":"2025-09-05T06:52:25+00:00","dateModified":"2025-12-23T15:08:42+00:00","breadcrumb":{"@id":"https:\/\/www.prorent.eu\/fr\/services\/#breadcrumb"},"inLanguage":"fr-FR","potentialAction":[{"@type":"ReadAction","target":["https:\/\/www.prorent.eu\/fr\/services\/"]}]},{"@type":"BreadcrumbList","@id":"https:\/\/www.prorent.eu\/fr\/services\/#breadcrumb","itemListElement":[{"@type":"ListItem","position":1,"name":"Startseite","item":"https:\/\/www.prorent.eu\/fr\/"},{"@type":"ListItem","position":2,"name":"Services"}]},{"@type":"WebSite","@id":"https:\/\/www.prorent.eu\/fr\/#website","url":"https:\/\/www.prorent.eu\/fr\/","name":"ProRent GmbH","description":"Website f\u00fcr","potentialAction":[{"@type":"SearchAction","target":{"@type":"EntryPoint","urlTemplate":"https:\/\/www.prorent.eu\/fr\/?s={search_term_string}"},"query-input":{"@type":"PropertyValueSpecification","valueRequired":true,"valueName":"search_term_string"}}],"inLanguage":"fr-FR"}]}},"_links":{"self":[{"href":"https:\/\/www.prorent.eu\/fr\/wp-json\/wp\/v2\/pages\/502","targetHints":{"allow":["GET"]}}],"collection":[{"href":"https:\/\/www.prorent.eu\/fr\/wp-json\/wp\/v2\/pages"}],"about":[{"href":"https:\/\/www.prorent.eu\/fr\/wp-json\/wp\/v2\/types\/page"}],"author":[{"embeddable":true,"href":"https:\/\/www.prorent.eu\/fr\/wp-json\/wp\/v2\/users\/14"}],"replies":[{"embeddable":true,"href":"https:\/\/www.prorent.eu\/fr\/wp-json\/wp\/v2\/comments?post=502"}],"version-history":[{"count":4,"href":"https:\/\/www.prorent.eu\/fr\/wp-json\/wp\/v2\/pages\/502\/revisions"}],"predecessor-version":[{"id":633,"href":"https:\/\/www.prorent.eu\/fr\/wp-json\/wp\/v2\/pages\/502\/revisions\/633"}],"wp:attachment":[{"href":"https:\/\/www.prorent.eu\/fr\/wp-json\/wp\/v2\/media?parent=502"}],"curies":[{"name":"wp","href":"https:\/\/api.w.org\/{rel}","templated":true}]}}