{"id":481,"date":"2025-09-05T06:53:47","date_gmt":"2025-09-05T06:53:47","guid":{"rendered":"https:\/\/www.prorent.eu\/automotive\/"},"modified":"2025-12-23T15:20:27","modified_gmt":"2025-12-23T15:20:27","slug":"automotive","status":"publish","type":"page","link":"https:\/\/www.prorent.eu\/fr\/automotive\/","title":{"rendered":"Automotive"},"content":{"rendered":"<div>\n<p>    <img decoding=\"async\" src=\"\/wp-content\/uploads\/2025\/09\/AdobeStock_1536159786-scaled.jpg\" alt=\"\"><\/p>\n<\/div>\n<div>\n<h1>Automotive<\/h1>\n<\/div>\n<hr>\n<div>\n<p>L\u2019industrie automobile repose sur l\u2019innovation et la pr\u00e9cision. Elle n\u00e9cessite des v\u00e9hicules parfaitement adapt\u00e9s \u00e0 chaque projet \u2013 qu\u2019il s\u2019agisse de tests, d\u2019\u00e9tudes de march\u00e9 ou de programmes de d\u00e9veloppement.<\/p>\n<p><strong>Nous accompagnons :<\/strong><\/p>\n<ul>\n<li>Constructeurs automobiles (OEMs)<\/li>\n<li>\u00c9quipementiers (Tier 1 \/ Tier 2)<\/li>\n<li>Instituts d\u2019\u00e9tudes de march\u00e9<\/li>\n<li>Prestataires d\u2019ing\u00e9nierie et de d\u00e9veloppement<\/li>\n<\/ul>\n<p>Nous fournissons tous types de v\u00e9hicules \u00e0 nos partenaires \u2013 de mani\u00e8re fiable, rapide et parfaitement conforme \u00e0 leurs besoins. De la mise \u00e0 disposition urgente d\u2019un mod\u00e8le unique \u00e0 la planification d\u2019une flotte compl\u00e8te, nous garantissons un d\u00e9roulement fluide et efficace.<\/p>\n<\/div>\n<hr>\n<p><img decoding=\"async\" src=\"\/wp-content\/uploads\/2025\/09\/AdobeStock_1672891805-scaled.jpg\" alt=\"\"><\/p>\n<ul>\n<li>\n<h3>Recherche &#038; d\u00e9veloppement<\/h3>\n<div>\n<p>V\u00e9hicules et flottes d\u2019essai pour \u00e9valuer des concepts et technologies innovants.<\/p>\n<\/div>\n<\/li>\n<li>\n<h3>Formation Produit &#038; Formation Commerciale<\/h3>\n<div>\n<p>V\u00e9hicules d\u00e9di\u00e9s aux formations pratiques et aux pr\u00e9sentations produit.<\/p>\n<\/div>\n<\/li>\n<li>\n<h3>\u00c9tudes de march\u00e9 \/ car clinic<\/h3>\n<div>\n<p>Conditions de test r\u00e9alistes pour enqu\u00eates clients et analyses de march\u00e9.<\/p>\n<\/div>\n<\/li>\n<li>\n<h3>Tests complets en centres d\u2019essais<\/h3>\n<div>\n<p>Tests complets en centres d\u2019essais<\/p>\n<\/div>\n<\/li>\n<li>\n<h3>Pr\u00e9sentations &#038; \u00e9v\u00e9nements<\/h3>\n<div>\n<p>Mise \u00e0 disposition flexible de v\u00e9hicules pour salons, roadshows et d\u00e9monstrations.<\/p>\n<\/div>\n<\/li>\n<li>\n<h3>Conseil sur mesure<\/h3>\n<div>\n<p>Solutions de mobilit\u00e9 personnalis\u00e9es, adapt\u00e9es \u00e0 vos exigences sp\u00e9cifiques.<\/p>\n<\/div>\n<\/li>\n<li>\n<h3>Logistique mondiale<\/h3>\n<div>\n<p>Transport fiable des v\u00e9hicules et mise \u00e0 disposition sur tout site souhait\u00e9.<\/p>\n<\/div>\n<\/li>\n<\/ul>\n<div>\n<h3>Nous Trouvons Le V\u00c9Hicule Qu\u2019Il Vous Faut<\/h3>\n<p><a href=\"https:\/\/www.prorent.eu\/fr\/contact\/\">Contactez-nous d\u00e8s maintenant<\/a><\/p>\n<\/div>\n<p><!--more--><br \/>\n<!-- {\"type\":\"layout\",\"children\":[{\"type\":\"section\",\"props\":{\"image_position\":\"center-center\",\"padding_remove_bottom\":true,\"padding_remove_top\":true,\"style\":\"default\",\"title_breakpoint\":\"xl\",\"title_position\":\"top-left\",\"title_rotation\":\"left\",\"vertical_align\":\"middle\",\"width\":\"\"},\"children\":[{\"type\":\"row\",\"children\":[{\"type\":\"column\",\"props\":{\"image_position\":\"center-center\",\"position_sticky_breakpoint\":\"m\"},\"children\":[{\"type\":\"slideshow\",\"props\":{\"link_style\":\"default\",\"link_text\":\"Read more\",\"margin\":\"default\",\"meta_align\":\"below-title\",\"meta_element\":\"div\",\"meta_style\":\"text-meta\",\"nav\":\"thumbnav\",\"nav_align\":\"center\",\"nav_breakpoint\":\"s\",\"nav_position\":\"bottom-center\",\"nav_position_margin\":\"medium\",\"overlay_animation\":\"parallax\",\"overlay_position\":\"center-left\",\"overlay_style\":\"overlay-primary\",\"show_content\":true,\"show_link\":true,\"show_meta\":true,\"show_thumbnail\":true,\"show_title\":true,\"slidenav\":\"\",\"slidenav_breakpoint\":\"s\",\"slidenav_margin\":\"medium\",\"slidenav_outside_breakpoint\":\"xl\",\"slideshow_animation\":\"fade\",\"slideshow_autoplay\":true,\"slideshow_autoplay_pause\":false,\"slideshow_kenburns\":\"top-left\",\"slideshow_max_height\":\"300\",\"slideshow_min_height\":300,\"text_align\":\"center\",\"thumbnav_height\":\"75\",\"thumbnav_svg_color\":\"emphasis\",\"thumbnav_width\":\"100\",\"title_element\":\"h2\",\"title_hover_style\":\"reset\"},\"children\":[{\"type\":\"slideshow_item\",\"props\":{\"image\":\"wp-content\\\/uploads\\\/2025\\\/09\\\/AdobeStock_1536159786-scaled.jpg\",\"link_text\":\"Jetzt einfach anfragen! \",\"title\":\"\"}}]}]}]}]},{\"type\":\"section\",\"props\":{\"animation\":\"fade\",\"animation_delay\":\"150\",\"image_position\":\"center-center\",\"style\":\"default\",\"title_breakpoint\":\"xl\",\"title_position\":\"top-left\",\"title_rotation\":\"left\",\"vertical_align\":\"middle\",\"width\":\"large\"},\"children\":[{\"type\":\"row\",\"props\":{\"layout\":\"1-2,1-2\"},\"children\":[{\"type\":\"column\",\"props\":{\"image_position\":\"center-center\",\"position_sticky_breakpoint\":\"m\",\"width_medium\":\"1-2\"},\"children\":[{\"type\":\"panel\",\"props\":{\"content_column_breakpoint\":\"m\",\"icon_width\":80,\"image_align\":\"top\",\"image_grid_breakpoint\":\"m\",\"image_grid_width\":\"1-2\",\"image_svg_color\":\"emphasis\",\"link_style\":\"default\",\"link_text\":\"Read more\",\"margin\":\"default\",\"meta_align\":\"below-title\",\"meta_element\":\"div\",\"meta_style\":\"text-meta\",\"title\":\"Automotive\",\"title_align\":\"top\",\"title_decoration\":\"bullet\",\"title_element\":\"h1\",\"title_grid_breakpoint\":\"m\",\"title_grid_width\":\"1-2\",\"title_hover_style\":\"reset\",\"title_style\":\"h1\"}},{\"type\":\"divider\",\"props\":{\"divider_element\":\"hr\",\"margin_remove_top\":false}},{\"type\":\"text\",\"props\":{\"class\":\"panellist\",\"column_breakpoint\":\"m\",\"content\":\"\n\n<p>L\\u2019industrie automobile repose sur l\\u2019innovation et la pr\\u00e9cision. Elle n\\u00e9cessite des v\\u00e9hicules parfaitement adapt\\u00e9s \\u00e0 chaque projet \\u2013 qu\\u2019il s\\u2019agisse de tests, d\\u2019\\u00e9tudes de march\\u00e9 ou de programmes de d\\u00e9veloppement.<\\\/p>\\n\n\n<p><strong>Nous accompagnons :<\\\/strong><\\\/p>\\n\n\n<ul>\\n\n\n<li>Constructeurs automobiles (OEMs)<\\\/li>\\n\n\n<li>\\u00c9quipementiers (Tier 1 \\\/ Tier 2)<\\\/li>\\n\n\n<li>Instituts d\\u2019\\u00e9tudes de march\\u00e9<\\\/li>\\n\n\n<li>Prestataires d\\u2019ing\\u00e9nierie et de d\\u00e9veloppement<\\\/li>\\n<\\\/ul>\\n\n\n<p>Nous fournissons tous types de v\\u00e9hicules \\u00e0 nos partenaires \\u2013 de mani\\u00e8re fiable, rapide et parfaitement conforme \\u00e0 leurs besoins. De la mise \\u00e0 disposition urgente d\\u2019un mod\\u00e8le unique \\u00e0 la planification d\\u2019une flotte compl\\u00e8te, nous garantissons un d\\u00e9roulement fluide et efficace.<\\\/p>\",\"margin\":\"default\"}},{\"type\":\"divider\",\"props\":{\"divider_element\":\"hr\",\"margin_remove_top\":false}}]},{\"type\":\"column\",\"props\":{\"image_position\":\"center-center\",\"position_sticky_breakpoint\":\"m\",\"width_medium\":\"1-2\"},\"children\":[{\"type\":\"image\",\"props\":{\"animation\":\"slide-right-medium\",\"height_expand\":true,\"image\":\"wp-content\\\/uploads\\\/2025\\\/09\\\/AdobeStock_1672891805-scaled.jpg\",\"image_border\":\"rounded\",\"image_box_decoration\":\"secondary\",\"image_focal_point\":\"center-left\",\"image_svg_color\":\"emphasis\",\"margin\":\"default\"}}]}]}]},{\"type\":\"section\",\"props\":{\"image\":\"wp-content\\\/uploads\\\/2025\\\/09\\\/AdobeStock_1530628231-scaled.jpg\",\"image_position\":\"center-center\",\"image_size\":\"cover\",\"style\":\"secondary\",\"title_breakpoint\":\"xl\",\"title_position\":\"top-left\",\"title_rotation\":\"left\",\"vertical_align\":\"middle\",\"width\":\"large\"},\"children\":[{\"type\":\"row\",\"children\":[{\"type\":\"column\",\"props\":{\"image_position\":\"center-center\",\"position_sticky_breakpoint\":\"m\"},\"children\":[{\"type\":\"grid\",\"props\":{\"content_column_breakpoint\":\"m\",\"content_margin\":\"small\",\"filter_align\":\"left\",\"filter_all\":true,\"filter_grid_breakpoint\":\"m\",\"filter_grid_width\":\"auto\",\"filter_position\":\"top\",\"filter_style\":\"tab\",\"grid_column_align\":true,\"grid_default\":\"1\",\"grid_medium\":\"3\",\"grid_parallax_justify\":false,\"grid_row_align\":false,\"icon_width\":80,\"image_align\":\"top\",\"image_grid_breakpoint\":\"m\",\"image_grid_width\":\"1-2\",\"image_svg_color\":\"emphasis\",\"item_animation\":true,\"lightbox_bg_close\":true,\"link_style\":\"default\",\"link_text\":\"Read more\",\"margin\":\"default\",\"meta_align\":\"below-title\",\"meta_element\":\"div\",\"meta_style\":\"text-meta\",\"panel_padding\":\"small\",\"panel_style\":\"card-secondary\",\"show_content\":true,\"show_hover_image\":true,\"show_hover_video\":true,\"show_image\":true,\"show_link\":true,\"show_meta\":true,\"show_title\":true,\"show_video\":true,\"title_align\":\"top\",\"title_element\":\"h3\",\"title_grid_breakpoint\":\"m\",\"title_grid_width\":\"1-2\",\"title_hover_style\":\"reset\"},\"children\":[{\"type\":\"grid_item\",\"props\":{\"content\":\"\n\n<p>V\\u00e9hicules et flottes d\\u2019essai pour \\u00e9valuer des concepts et technologies innovants.<\\\/p>\",\"title\":\"Recherche & d\\u00e9veloppement\"}},{\"type\":\"grid_item\",\"props\":{\"content\":\"\n\n<p>V\\u00e9hicules d\\u00e9di\\u00e9s aux formations pratiques et aux pr\\u00e9sentations produit.<\\\/p>\",\"title\":\"Formation Produit & Formation Commerciale\"}},{\"type\":\"grid_item\",\"props\":{\"content\":\"\n\n<p>Conditions de test r\\u00e9alistes pour enqu\\u00eates clients et analyses de march\\u00e9.<\\\/p>\",\"title\":\"\\u00c9tudes de march\\u00e9 \\\/ car clinic\"}},{\"type\":\"grid_item\",\"props\":{\"content\":\"\n\n<p>Tests complets en centres d\\u2019essais<\\\/p>\",\"title\":\"Tests complets en centres d\\u2019essais\"}},{\"type\":\"grid_item\",\"props\":{\"content\":\"\n\n<p>Mise \\u00e0 disposition flexible de v\\u00e9hicules pour salons, roadshows et d\\u00e9monstrations.<\\\/p>\",\"title\":\"Pr\\u00e9sentations & \\u00e9v\\u00e9nements\"}},{\"type\":\"grid_item\",\"props\":{\"content\":\"\n\n<p>Solutions de mobilit\\u00e9 personnalis\\u00e9es, adapt\\u00e9es \\u00e0 vos exigences sp\\u00e9cifiques.<\\\/p>\",\"title\":\"Conseil sur mesure\"}},{\"type\":\"grid_item\",\"props\":{\"content\":\"\n\n<p>Transport fiable des v\\u00e9hicules et mise \\u00e0 disposition sur tout site souhait\\u00e9.<\\\/p>\",\"title\":\"Logistique mondiale\"}}]},{\"type\":\"panel\",\"props\":{\"content_column_breakpoint\":\"m\",\"icon_width\":80,\"image_align\":\"top\",\"image_grid_breakpoint\":\"m\",\"image_grid_width\":\"1-2\",\"image_svg_color\":\"emphasis\",\"link\":\"fr\\\/contact\\\/\",\"link_style\":\"default\",\"link_text\":\"Contactez-nous d\\u00e8s maintenant\",\"margin\":\"medium\",\"meta_align\":\"below-title\",\"meta_element\":\"div\",\"meta_style\":\"text-meta\",\"panel_link\":true,\"panel_padding\":\"default\",\"panel_style\":\"card-primary\",\"text_align\":\"center\",\"title\":\"Nous Trouvons Le V\\u00c9Hicule Qu\\u2019Il Vous Faut\",\"title_align\":\"top\",\"title_element\":\"h3\",\"title_grid_breakpoint\":\"m\",\"title_grid_width\":\"1-2\",\"title_hover_style\":\"reset\"},\"name\":\"button\"}]}]}]}],\"version\":\"4.5.33\"} --><\/p>\n","protected":false},"excerpt":{"rendered":"<p>Automotive L\u2019industrie automobile repose sur l\u2019innovation et la pr\u00e9cision. Elle n\u00e9cessite des v\u00e9hicules parfaitement adapt\u00e9s \u00e0 chaque projet \u2013 qu\u2019il s\u2019agisse de tests, d\u2019\u00e9tudes de march\u00e9 ou de programmes de d\u00e9veloppement. Nous accompagnons : Constructeurs automobiles (OEMs) \u00c9quipementiers (Tier 1 \/ Tier 2) Instituts d\u2019\u00e9tudes de march\u00e9 Prestataires d\u2019ing\u00e9nierie et de d\u00e9veloppement Nous fournissons tous [&hellip;]<\/p>\n","protected":false},"author":14,"featured_media":0,"parent":0,"menu_order":0,"comment_status":"closed","ping_status":"closed","template":"","meta":{"footnotes":""},"class_list":["post-481","page","type-page","status-publish","hentry"],"yoast_head":"<!-- This site is optimized with the Yoast SEO plugin v27.5 - https:\/\/yoast.com\/product\/yoast-seo-wordpress\/ -->\n<title>Automotive - ProRent GmbH<\/title>\n<meta name=\"robots\" content=\"index, follow, max-snippet:-1, max-image-preview:large, max-video-preview:-1\" \/>\n<link rel=\"canonical\" href=\"https:\/\/www.prorent.eu\/fr\/automotive\/\" \/>\n<meta property=\"og:locale\" content=\"fr_FR\" \/>\n<meta property=\"og:type\" content=\"article\" \/>\n<meta property=\"og:title\" content=\"Automotive - ProRent GmbH\" \/>\n<meta property=\"og:description\" content=\"Automotive L\u2019industrie automobile repose sur l\u2019innovation et la pr\u00e9cision. Elle n\u00e9cessite des v\u00e9hicules parfaitement adapt\u00e9s \u00e0 chaque projet \u2013 qu\u2019il s\u2019agisse de tests, d\u2019\u00e9tudes de march\u00e9 ou de programmes de d\u00e9veloppement. Nous accompagnons : Constructeurs automobiles (OEMs) \u00c9quipementiers (Tier 1 \/ Tier 2) Instituts d\u2019\u00e9tudes de march\u00e9 Prestataires d\u2019ing\u00e9nierie et de d\u00e9veloppement Nous fournissons tous [&hellip;]\" \/>\n<meta property=\"og:url\" content=\"https:\/\/www.prorent.eu\/fr\/automotive\/\" \/>\n<meta property=\"og:site_name\" content=\"ProRent GmbH\" \/>\n<meta property=\"article:modified_time\" content=\"2025-12-23T15:20:27+00:00\" \/>\n<meta name=\"twitter:card\" content=\"summary_large_image\" \/>\n<meta name=\"twitter:label1\" content=\"Dur\u00e9e de lecture estim\u00e9e\" \/>\n\t<meta name=\"twitter:data1\" content=\"1 minute\" \/>\n<script type=\"application\/ld+json\" class=\"yoast-schema-graph\">{\"@context\":\"https:\\\/\\\/schema.org\",\"@graph\":[{\"@type\":\"WebPage\",\"@id\":\"https:\\\/\\\/www.prorent.eu\\\/fr\\\/automotive\\\/\",\"url\":\"https:\\\/\\\/www.prorent.eu\\\/fr\\\/automotive\\\/\",\"name\":\"Automotive - ProRent GmbH\",\"isPartOf\":{\"@id\":\"https:\\\/\\\/www.prorent.eu\\\/fr\\\/#website\"},\"datePublished\":\"2025-09-05T06:53:47+00:00\",\"dateModified\":\"2025-12-23T15:20:27+00:00\",\"breadcrumb\":{\"@id\":\"https:\\\/\\\/www.prorent.eu\\\/fr\\\/automotive\\\/#breadcrumb\"},\"inLanguage\":\"fr-FR\",\"potentialAction\":[{\"@type\":\"ReadAction\",\"target\":[\"https:\\\/\\\/www.prorent.eu\\\/fr\\\/automotive\\\/\"]}]},{\"@type\":\"BreadcrumbList\",\"@id\":\"https:\\\/\\\/www.prorent.eu\\\/fr\\\/automotive\\\/#breadcrumb\",\"itemListElement\":[{\"@type\":\"ListItem\",\"position\":1,\"name\":\"Startseite\",\"item\":\"https:\\\/\\\/www.prorent.eu\\\/fr\\\/\"},{\"@type\":\"ListItem\",\"position\":2,\"name\":\"Automotive\"}]},{\"@type\":\"WebSite\",\"@id\":\"https:\\\/\\\/www.prorent.eu\\\/fr\\\/#website\",\"url\":\"https:\\\/\\\/www.prorent.eu\\\/fr\\\/\",\"name\":\"ProRent GmbH\",\"description\":\"Website f\u00fcr\",\"potentialAction\":[{\"@type\":\"SearchAction\",\"target\":{\"@type\":\"EntryPoint\",\"urlTemplate\":\"https:\\\/\\\/www.prorent.eu\\\/fr\\\/?s={search_term_string}\"},\"query-input\":{\"@type\":\"PropertyValueSpecification\",\"valueRequired\":true,\"valueName\":\"search_term_string\"}}],\"inLanguage\":\"fr-FR\"}]}<\/script>\n<!-- \/ Yoast SEO plugin. -->","yoast_head_json":{"title":"Automotive - ProRent GmbH","robots":{"index":"index","follow":"follow","max-snippet":"max-snippet:-1","max-image-preview":"max-image-preview:large","max-video-preview":"max-video-preview:-1"},"canonical":"https:\/\/www.prorent.eu\/fr\/automotive\/","og_locale":"fr_FR","og_type":"article","og_title":"Automotive - ProRent GmbH","og_description":"Automotive L\u2019industrie automobile repose sur l\u2019innovation et la pr\u00e9cision. Elle n\u00e9cessite des v\u00e9hicules parfaitement adapt\u00e9s \u00e0 chaque projet \u2013 qu\u2019il s\u2019agisse de tests, d\u2019\u00e9tudes de march\u00e9 ou de programmes de d\u00e9veloppement. Nous accompagnons : Constructeurs automobiles (OEMs) \u00c9quipementiers (Tier 1 \/ Tier 2) Instituts d\u2019\u00e9tudes de march\u00e9 Prestataires d\u2019ing\u00e9nierie et de d\u00e9veloppement Nous fournissons tous [&hellip;]","og_url":"https:\/\/www.prorent.eu\/fr\/automotive\/","og_site_name":"ProRent GmbH","article_modified_time":"2025-12-23T15:20:27+00:00","twitter_card":"summary_large_image","twitter_misc":{"Dur\u00e9e de lecture estim\u00e9e":"1 minute"},"schema":{"@context":"https:\/\/schema.org","@graph":[{"@type":"WebPage","@id":"https:\/\/www.prorent.eu\/fr\/automotive\/","url":"https:\/\/www.prorent.eu\/fr\/automotive\/","name":"Automotive - ProRent GmbH","isPartOf":{"@id":"https:\/\/www.prorent.eu\/fr\/#website"},"datePublished":"2025-09-05T06:53:47+00:00","dateModified":"2025-12-23T15:20:27+00:00","breadcrumb":{"@id":"https:\/\/www.prorent.eu\/fr\/automotive\/#breadcrumb"},"inLanguage":"fr-FR","potentialAction":[{"@type":"ReadAction","target":["https:\/\/www.prorent.eu\/fr\/automotive\/"]}]},{"@type":"BreadcrumbList","@id":"https:\/\/www.prorent.eu\/fr\/automotive\/#breadcrumb","itemListElement":[{"@type":"ListItem","position":1,"name":"Startseite","item":"https:\/\/www.prorent.eu\/fr\/"},{"@type":"ListItem","position":2,"name":"Automotive"}]},{"@type":"WebSite","@id":"https:\/\/www.prorent.eu\/fr\/#website","url":"https:\/\/www.prorent.eu\/fr\/","name":"ProRent GmbH","description":"Website f\u00fcr","potentialAction":[{"@type":"SearchAction","target":{"@type":"EntryPoint","urlTemplate":"https:\/\/www.prorent.eu\/fr\/?s={search_term_string}"},"query-input":{"@type":"PropertyValueSpecification","valueRequired":true,"valueName":"search_term_string"}}],"inLanguage":"fr-FR"}]}},"_links":{"self":[{"href":"https:\/\/www.prorent.eu\/fr\/wp-json\/wp\/v2\/pages\/481","targetHints":{"allow":["GET"]}}],"collection":[{"href":"https:\/\/www.prorent.eu\/fr\/wp-json\/wp\/v2\/pages"}],"about":[{"href":"https:\/\/www.prorent.eu\/fr\/wp-json\/wp\/v2\/types\/page"}],"author":[{"embeddable":true,"href":"https:\/\/www.prorent.eu\/fr\/wp-json\/wp\/v2\/users\/14"}],"replies":[{"embeddable":true,"href":"https:\/\/www.prorent.eu\/fr\/wp-json\/wp\/v2\/comments?post=481"}],"version-history":[{"count":4,"href":"https:\/\/www.prorent.eu\/fr\/wp-json\/wp\/v2\/pages\/481\/revisions"}],"predecessor-version":[{"id":646,"href":"https:\/\/www.prorent.eu\/fr\/wp-json\/wp\/v2\/pages\/481\/revisions\/646"}],"wp:attachment":[{"href":"https:\/\/www.prorent.eu\/fr\/wp-json\/wp\/v2\/media?parent=481"}],"curies":[{"name":"wp","href":"https:\/\/api.w.org\/{rel}","templated":true}]}}