{"id":475,"date":"2023-02-06T08:53:20","date_gmt":"2023-02-06T08:53:20","guid":{"rendered":"https:\/\/www.prorent.eu\/impressum\/"},"modified":"2025-12-23T11:09:36","modified_gmt":"2025-12-23T11:09:36","slug":"mentions-legales","status":"publish","type":"page","link":"https:\/\/www.prorent.eu\/fr\/mentions-legales\/","title":{"rendered":"Mentions l\u00e9gales"},"content":{"rendered":"<h1>Mentions l\u00e9gales<\/h1>\n<div>\n<p><b>Soci\u00e9t\u00e9 \u00e0 responsabilit\u00e9 limit\u00e9e de droit allemand\u00a0<\/b><strong>:<\/strong> Alexander Stenmans<\/p>\n<h2 class=\"uk-text-large uk-margin-remove-bottom\">ProRent GmbH<\/h2>\n<p>Im Rohnweiher 12, 53797 Lohmar, Allemagne<br \/><strong>E-Mail:<\/strong> info@prorent.eu<br \/><strong>Phone:<\/strong> +49 (0) 2205 92016-0<br \/><strong>Fax:<\/strong> +49 (0) 2205 92016-66<strong><\/strong><\/p>\n<p><b>Num\u00e9ro d\u2019identification Tva conform\u00e9ment au \u00a727a de la loi allemande sur la Tva : <\/b>DE 227066632<\/p>\n<\/div>\n<div>\n<h3>Droits d\u2019auteur<\/h3>\n<p>Les contenus et \u0153uvres de ces pages sont soumis au droit d\u2019auteur allemand. Toute utilisation en dehors des limites pr\u00e9vues par la loi n\u00e9cessite l\u2019autorisation \u00e9crite pr\u00e9alable du titulaire des droits.<\/p>\n<h3>Conception &amp; r\u00e9alisation<\/h3>\n<p>Berendsohn Ag \u2013 www.berendsohn.de<\/p>\n<p>Le droit de la R\u00e9publique f\u00e9d\u00e9rale d\u2019Allemagne s\u2019applique.<\/p>\n<\/div>\n<p><!--more--><br \/>\n<!-- {\"type\":\"layout\",\"children\":[{\"type\":\"section\",\"props\":{\"image_position\":\"center-center\",\"style\":\"muted\",\"title_breakpoint\":\"xl\",\"title_position\":\"top-left\",\"title_rotation\":\"left\",\"vertical_align\":\"\",\"width\":\"large\"},\"children\":[{\"type\":\"row\",\"children\":[{\"type\":\"column\",\"props\":{\"image_position\":\"center-center\",\"position_sticky_breakpoint\":\"m\"},\"children\":[{\"type\":\"headline\",\"props\":{\"content\":\"Mentions l\\u00e9gales\",\"title_element\":\"h1\"},\"name\":\"Impressum \\u00dcberschrift\"}]}]},{\"type\":\"row\",\"children\":[{\"type\":\"column\",\"props\":{\"image_position\":\"center-center\",\"position_sticky_breakpoint\":\"m\"},\"children\":[{\"type\":\"text\",\"props\":{\"column_breakpoint\":\"m\",\"content\":\"\n\n<p><b>Soci\\u00e9t\\u00e9 \\u00e0 responsabilit\\u00e9 limit\\u00e9e de droit allemand\\u00a0<\\\/b><strong>:<\\\/strong> Alexander Stenmans<\\\/p>\\n\n\n<h2 class=\\\"uk-text-large uk-margin-remove-bottom\\\">ProRent GmbH<\\\/h2>\\n\n\n<p>Im Rohnweiher 12, 53797 Lohmar, Allemagne<br \\\/><strong>E-Mail:<\\\/strong> info@prorent.eu<br \\\/><strong>Phone:<\\\/strong> +49 (0) 2205 92016-0<br \\\/><strong>Fax:<\\\/strong> +49 (0) 2205 92016-66<strong><\\\/strong><\\\/p>\\n\n\n<p><b>Num\\u00e9ro d\\u2019identification Tva conform\\u00e9ment au \\u00a727a de la loi allemande sur la Tva : <\\\/b>DE 227066632<\\\/p>\",\"css\":\".el-element h2{font-weight:bold; font-size:18px;}\",\"margin\":\"default\"},\"name\":\"Kundendaten eintragen\"}]}]},{\"type\":\"row\",\"children\":[{\"type\":\"column\",\"props\":{\"image_position\":\"center-center\",\"position_sticky_breakpoint\":\"m\"},\"children\":[{\"type\":\"text\",\"props\":{\"column_breakpoint\":\"m\",\"content\":\"\n\n<h3>Droits d\\u2019auteur<\\\/h3>\\n\n\n<p>Les contenus et \\u0153uvres de ces pages sont soumis au droit d\\u2019auteur allemand. Toute utilisation en dehors des limites pr\\u00e9vues par la loi n\\u00e9cessite l\\u2019autorisation \\u00e9crite pr\\u00e9alable du titulaire des droits.<\\\/p>\\n\n\n<h3>Conception &amp; r\\u00e9alisation<\\\/h3>\\n\n\n<p>Berendsohn Ag \\u2013 www.berendsohn.de<\\\/p>\\n\n\n<p>Le droit de la R\\u00e9publique f\\u00e9d\\u00e9rale d\\u2019Allemagne s\\u2019applique.<\\\/p>\",\"margin\":\"default\"},\"name\":\"Impressumstext\"}]}]}]}],\"version\":\"4.5.33\"} --><\/p>\n","protected":false},"excerpt":{"rendered":"<p>Mentions l\u00e9gales Soci\u00e9t\u00e9 \u00e0 responsabilit\u00e9 limit\u00e9e de droit allemand\u00a0: Alexander Stenmans ProRent GmbH Im Rohnweiher 12, 53797 Lohmar, AllemagneE-Mail: info@prorent.euPhone: +49 (0) 2205 92016-0Fax: +49 (0) 2205 92016-66 Num\u00e9ro d\u2019identification Tva conform\u00e9ment au \u00a727a de la loi allemande sur la Tva : DE 227066632 Droits d\u2019auteur Les contenus et \u0153uvres de ces pages sont soumis [&hellip;]<\/p>\n","protected":false},"author":1,"featured_media":0,"parent":0,"menu_order":0,"comment_status":"closed","ping_status":"closed","template":"","meta":{"footnotes":""},"class_list":["post-475","page","type-page","status-publish","hentry"],"yoast_head":"<!-- This site is optimized with the Yoast SEO plugin v27.5 - https:\/\/yoast.com\/product\/yoast-seo-wordpress\/ -->\n<title>Impressum | ProRent GmbH<\/title>\n<meta name=\"description\" content=\"Rechtliche Informationen und Pflichtangaben f\u00fcr ProRent GmbH. Alle Details zu Adresse, Kontakt und Gesch\u00e4ftsf\u00fchrung finden Sie hier.\" \/>\n<meta name=\"robots\" content=\"index, follow, max-snippet:-1, max-image-preview:large, max-video-preview:-1\" \/>\n<link rel=\"canonical\" href=\"https:\/\/www.prorent.eu\/fr\/mentions-legales\/\" \/>\n<meta property=\"og:locale\" content=\"fr_FR\" \/>\n<meta property=\"og:type\" content=\"article\" \/>\n<meta property=\"og:title\" content=\"Impressum | ProRent GmbH\" \/>\n<meta property=\"og:description\" content=\"Rechtliche Informationen und Pflichtangaben f\u00fcr ProRent GmbH. Alle Details zu Adresse, Kontakt und Gesch\u00e4ftsf\u00fchrung finden Sie hier.\" \/>\n<meta property=\"og:url\" content=\"https:\/\/www.prorent.eu\/fr\/mentions-legales\/\" \/>\n<meta property=\"og:site_name\" content=\"ProRent GmbH\" \/>\n<meta property=\"article:modified_time\" content=\"2025-12-23T11:09:36+00:00\" \/>\n<meta name=\"twitter:card\" content=\"summary_large_image\" \/>\n<meta name=\"twitter:label1\" content=\"Dur\u00e9e de lecture estim\u00e9e\" \/>\n\t<meta name=\"twitter:data1\" content=\"1 minute\" \/>\n<script type=\"application\/ld+json\" class=\"yoast-schema-graph\">{\"@context\":\"https:\\\/\\\/schema.org\",\"@graph\":[{\"@type\":\"WebPage\",\"@id\":\"https:\\\/\\\/www.prorent.eu\\\/fr\\\/mentions-legales\\\/\",\"url\":\"https:\\\/\\\/www.prorent.eu\\\/fr\\\/mentions-legales\\\/\",\"name\":\"Impressum | ProRent GmbH\",\"isPartOf\":{\"@id\":\"https:\\\/\\\/www.prorent.eu\\\/fr\\\/#website\"},\"datePublished\":\"2023-02-06T08:53:20+00:00\",\"dateModified\":\"2025-12-23T11:09:36+00:00\",\"description\":\"Rechtliche Informationen und Pflichtangaben f\u00fcr ProRent GmbH. Alle Details zu Adresse, Kontakt und Gesch\u00e4ftsf\u00fchrung finden Sie hier.\",\"breadcrumb\":{\"@id\":\"https:\\\/\\\/www.prorent.eu\\\/fr\\\/mentions-legales\\\/#breadcrumb\"},\"inLanguage\":\"fr-FR\",\"potentialAction\":[{\"@type\":\"ReadAction\",\"target\":[\"https:\\\/\\\/www.prorent.eu\\\/fr\\\/mentions-legales\\\/\"]}]},{\"@type\":\"BreadcrumbList\",\"@id\":\"https:\\\/\\\/www.prorent.eu\\\/fr\\\/mentions-legales\\\/#breadcrumb\",\"itemListElement\":[{\"@type\":\"ListItem\",\"position\":1,\"name\":\"Startseite\",\"item\":\"https:\\\/\\\/www.prorent.eu\\\/fr\\\/\"},{\"@type\":\"ListItem\",\"position\":2,\"name\":\"Mentions l\u00e9gales\"}]},{\"@type\":\"WebSite\",\"@id\":\"https:\\\/\\\/www.prorent.eu\\\/fr\\\/#website\",\"url\":\"https:\\\/\\\/www.prorent.eu\\\/fr\\\/\",\"name\":\"ProRent GmbH\",\"description\":\"Website f\u00fcr\",\"potentialAction\":[{\"@type\":\"SearchAction\",\"target\":{\"@type\":\"EntryPoint\",\"urlTemplate\":\"https:\\\/\\\/www.prorent.eu\\\/fr\\\/?s={search_term_string}\"},\"query-input\":{\"@type\":\"PropertyValueSpecification\",\"valueRequired\":true,\"valueName\":\"search_term_string\"}}],\"inLanguage\":\"fr-FR\"}]}<\/script>\n<!-- \/ Yoast SEO plugin. -->","yoast_head_json":{"title":"Impressum | ProRent GmbH","description":"Rechtliche Informationen und Pflichtangaben f\u00fcr ProRent GmbH. Alle Details zu Adresse, Kontakt und Gesch\u00e4ftsf\u00fchrung finden Sie hier.","robots":{"index":"index","follow":"follow","max-snippet":"max-snippet:-1","max-image-preview":"max-image-preview:large","max-video-preview":"max-video-preview:-1"},"canonical":"https:\/\/www.prorent.eu\/fr\/mentions-legales\/","og_locale":"fr_FR","og_type":"article","og_title":"Impressum | ProRent GmbH","og_description":"Rechtliche Informationen und Pflichtangaben f\u00fcr ProRent GmbH. Alle Details zu Adresse, Kontakt und Gesch\u00e4ftsf\u00fchrung finden Sie hier.","og_url":"https:\/\/www.prorent.eu\/fr\/mentions-legales\/","og_site_name":"ProRent GmbH","article_modified_time":"2025-12-23T11:09:36+00:00","twitter_card":"summary_large_image","twitter_misc":{"Dur\u00e9e de lecture estim\u00e9e":"1 minute"},"schema":{"@context":"https:\/\/schema.org","@graph":[{"@type":"WebPage","@id":"https:\/\/www.prorent.eu\/fr\/mentions-legales\/","url":"https:\/\/www.prorent.eu\/fr\/mentions-legales\/","name":"Impressum | ProRent GmbH","isPartOf":{"@id":"https:\/\/www.prorent.eu\/fr\/#website"},"datePublished":"2023-02-06T08:53:20+00:00","dateModified":"2025-12-23T11:09:36+00:00","description":"Rechtliche Informationen und Pflichtangaben f\u00fcr ProRent GmbH. Alle Details zu Adresse, Kontakt und Gesch\u00e4ftsf\u00fchrung finden Sie hier.","breadcrumb":{"@id":"https:\/\/www.prorent.eu\/fr\/mentions-legales\/#breadcrumb"},"inLanguage":"fr-FR","potentialAction":[{"@type":"ReadAction","target":["https:\/\/www.prorent.eu\/fr\/mentions-legales\/"]}]},{"@type":"BreadcrumbList","@id":"https:\/\/www.prorent.eu\/fr\/mentions-legales\/#breadcrumb","itemListElement":[{"@type":"ListItem","position":1,"name":"Startseite","item":"https:\/\/www.prorent.eu\/fr\/"},{"@type":"ListItem","position":2,"name":"Mentions l\u00e9gales"}]},{"@type":"WebSite","@id":"https:\/\/www.prorent.eu\/fr\/#website","url":"https:\/\/www.prorent.eu\/fr\/","name":"ProRent GmbH","description":"Website f\u00fcr","potentialAction":[{"@type":"SearchAction","target":{"@type":"EntryPoint","urlTemplate":"https:\/\/www.prorent.eu\/fr\/?s={search_term_string}"},"query-input":{"@type":"PropertyValueSpecification","valueRequired":true,"valueName":"search_term_string"}}],"inLanguage":"fr-FR"}]}},"_links":{"self":[{"href":"https:\/\/www.prorent.eu\/fr\/wp-json\/wp\/v2\/pages\/475","targetHints":{"allow":["GET"]}}],"collection":[{"href":"https:\/\/www.prorent.eu\/fr\/wp-json\/wp\/v2\/pages"}],"about":[{"href":"https:\/\/www.prorent.eu\/fr\/wp-json\/wp\/v2\/types\/page"}],"author":[{"embeddable":true,"href":"https:\/\/www.prorent.eu\/fr\/wp-json\/wp\/v2\/users\/1"}],"replies":[{"embeddable":true,"href":"https:\/\/www.prorent.eu\/fr\/wp-json\/wp\/v2\/comments?post=475"}],"version-history":[{"count":3,"href":"https:\/\/www.prorent.eu\/fr\/wp-json\/wp\/v2\/pages\/475\/revisions"}],"predecessor-version":[{"id":530,"href":"https:\/\/www.prorent.eu\/fr\/wp-json\/wp\/v2\/pages\/475\/revisions\/530"}],"wp:attachment":[{"href":"https:\/\/www.prorent.eu\/fr\/wp-json\/wp\/v2\/media?parent=475"}],"curies":[{"name":"wp","href":"https:\/\/api.w.org\/{rel}","templated":true}]}}