{"id":459,"date":"2023-02-06T08:53:07","date_gmt":"2023-02-06T08:53:07","guid":{"rendered":"https:\/\/www.prorent.eu\/accueil\/"},"modified":"2025-12-17T17:02:15","modified_gmt":"2025-12-17T17:02:15","slug":"accueil","status":"publish","type":"page","link":"https:\/\/www.prorent.eu\/fr\/","title":{"rendered":"Accueil"},"content":{"rendered":"<ul>\n<li>\n<p>        <img decoding=\"async\" src=\"\/wp-content\/uploads\/2025\/11\/Bildschirmfoto-2025-11-15-um-15.08.23.png\" alt=\"\"><\/p>\n<h2>Vous souhaitez louer un v\u00e9hicule ?<\/h2>\n<p><a href=\"https:\/\/www.prorent.eu\/fr\/contact\/\">Faites une demande<\/a><\/p>\n<\/li>\n<li>\n<p>        <img decoding=\"async\" src=\"\/wp-content\/uploads\/2025\/09\/AdobeStock_282077531-scaled.jpg\" alt=\"\"><\/p>\n<h2>Recherche &#038; d\u00e9veloppement <br \/>dans l&rsquo;industrie automobile<\/h2>\n<p><a href=\"https:\/\/www.prorent.eu\/fr\/automotive\/\">Automotive<\/a><\/p>\n<\/li>\n<li>\n<p>        <img decoding=\"async\" src=\"\/wp-content\/uploads\/2025\/09\/AdobeStock_1412454105-scaled.jpg\" alt=\"\"><\/p>\n<h2>Gestion de flotte &#038; services <br \/>de v\u00e9hicules de Remplacement<\/h2>\n<p><a href=\"https:\/\/www.prorent.eu\/fr\/solutions-de-mobilite\/\">Solutions de mobilit\u00e9<\/a><\/p>\n<\/li>\n<\/ul>\n<div>\n<h1>ProRent GmbH<\/h1>\n<\/div>\n<hr>\n<div>\n<p>Depuis 2003, ProRent GmbH incarne des solutions de mobilit\u00e9 personnalis\u00e9es et fiables. Bas\u00e9e \u00e0 Lohmar et forte d\u2019une \u00e9quipe de collaborateurs exp\u00e9riment\u00e9s, l\u2019entreprise est sp\u00e9cialis\u00e9e dans la mise \u00e0 disposition de v\u00e9hicules pour l\u2019industrie automobile ainsi que dans les services de gestion de flotte et de v\u00e9hicules de remplacement.<\/p>\n<p>Qu\u2019il s\u2019agisse de recherche et d\u00e9veloppement, de v\u00e9hicules de remplacement apr\u00e8s accident ou de remplacement en atelier, nous veillons \u00e0 ce que les v\u00e9hicules adapt\u00e9s soient mis \u00e0 votre disposition rapidement et en toute simplicit\u00e9. Des entreprises et partenaires issus de secteurs tr\u00e8s vari\u00e9s font confiance \u00e0 notre longue exp\u00e9rience, \u00e0 nos d\u00e9lais de r\u00e9action courts et \u00e0 notre tr\u00e8s haut niveau de qualit\u00e9 de service.<\/p>\n<\/div>\n<hr>\n<p><p>\n        <a href=\"https:\/\/www.prorent.eu\/fr\/contact\/\">Mettez-nous \u00e0 l\u2019\u00e9preuve<\/a>\n    <\/p>\n<\/p>\n<p><img decoding=\"async\" src=\"\/wp-content\/uploads\/2025\/09\/AdobeStock_647492977-scaled.jpg\" alt=\"\"><\/p>\n<div>\n<h2>Nos atouts<\/h2>\n<\/div>\n<ul>\n<li>\n<h3>Rapidit\u00e9<\/h3>\n<div>Disponibilit\u00e9 rapide des v\u00e9hicules<\/div>\n<\/li>\n<li>\n<h3>\u00c9quipe exp\u00e9riment\u00e9e<\/h3>\n<div>Une \u00e9quipe hautement qualifi\u00e9e et exp\u00e9riment\u00e9e<\/div>\n<\/li>\n<li>\n<h3>R\u00e9activit\u00e9<\/h3>\n<div>D\u00e9lais de r\u00e9ponse tr\u00e8s courts<\/div>\n<\/li>\n<li>\n<h3>Service<\/h3>\n<div>Exigence de qualit\u00e9 maximale<\/div>\n<\/li>\n<li>\n<h3>Stabilit\u00e9<\/h3>\n<div>Plus de 20 ans de pr\u00e9sence stable sur le march\u00e9<\/div>\n<\/li>\n<li>\n<h3>Label de qualit\u00e9<\/h3>\n<div>certifi\u00e9 selon la norme DIN ISO 9001<\/div>\n<\/li>\n<\/ul>\n<ul>\n<li>\n<p>        <img decoding=\"async\" src=\"\/wp-content\/uploads\/2025\/09\/rim.svg\" alt=\"\"><\/p>\n<h2>Automotive<\/h2>\n<p><a href=\"https:\/\/www.prorent.eu\/fr\/automotive\/\"><\/a><\/p>\n<\/li>\n<li>\n<p>        <img decoding=\"async\" src=\"\/wp-content\/uploads\/2025\/09\/transport.svg\" alt=\"\"><\/p>\n<h2>Mobility solutions<\/h2>\n<p><a href=\"https:\/\/www.prorent.eu\/fr\/solutions-de-mobilite\/\"><\/a><\/p>\n<\/li>\n<\/ul>\n<p><!--more--><br \/>\n<!-- {\"type\":\"layout\",\"children\":[{\"type\":\"section\",\"props\":{\"image_position\":\"center-center\",\"padding_remove_bottom\":true,\"padding_remove_top\":true,\"style\":\"default\",\"title_breakpoint\":\"xl\",\"title_position\":\"top-left\",\"title_rotation\":\"left\",\"vertical_align\":\"middle\",\"width\":\"\"},\"children\":[{\"type\":\"row\",\"children\":[{\"type\":\"column\",\"props\":{\"image_position\":\"center-center\",\"position_sticky_breakpoint\":\"m\"},\"children\":[{\"type\":\"slideshow\",\"props\":{\"link_style\":\"default\",\"link_text\":\"Read more\",\"margin\":\"default\",\"meta_align\":\"below-title\",\"meta_element\":\"div\",\"meta_style\":\"text-meta\",\"nav\":\"thumbnav\",\"nav_align\":\"center\",\"nav_breakpoint\":\"s\",\"nav_position\":\"bottom-center\",\"nav_position_margin\":\"medium\",\"overlay_animation\":\"parallax\",\"overlay_position\":\"center-left\",\"overlay_style\":\"overlay-primary\",\"show_content\":true,\"show_link\":true,\"show_meta\":true,\"show_thumbnail\":true,\"show_title\":true,\"slidenav\":\"\",\"slidenav_breakpoint\":\"s\",\"slidenav_margin\":\"medium\",\"slidenav_outside_breakpoint\":\"xl\",\"slideshow_animation\":\"fade\",\"slideshow_autoplay\":true,\"slideshow_autoplay_pause\":false,\"slideshow_kenburns\":\"top-left\",\"slideshow_max_height\":\"600\",\"slideshow_min_height\":300,\"text_align\":\"center\",\"thumbnav_height\":\"75\",\"thumbnav_svg_color\":\"emphasis\",\"thumbnav_width\":\"100\",\"title_element\":\"h2\",\"title_hover_style\":\"reset\"},\"children\":[{\"type\":\"slideshow_item\",\"props\":{\"image\":\"wp-content\\\/uploads\\\/2025\\\/11\\\/Bildschirmfoto-2025-11-15-um-15.08.23.png\",\"link\":\"fr\\\/contact\\\/\",\"link_text\":\"Faites une demande\",\"title\":\"Vous souhaitez louer un v\\u00e9hicule ?\"}},{\"type\":\"slideshow_item\",\"props\":{\"image\":\"wp-content\\\/uploads\\\/2025\\\/09\\\/AdobeStock_282077531-scaled.jpg\",\"link\":\"fr\\\/automotive\\\/\",\"link_text\":\"Automotive\",\"title\":\"Recherche & d\\u00e9veloppement <br \/>dans l'industrie automobile\"}},{\"type\":\"slideshow_item\",\"props\":{\"image\":\"wp-content\\\/uploads\\\/2025\\\/09\\\/AdobeStock_1412454105-scaled.jpg\",\"link\":\"fr\\\/solutions-de-mobilite\\\/\",\"link_text\":\"Solutions de mobilit\\u00e9\",\"title\":\"Gestion de flotte & services <br \/>de v\\u00e9hicules de Remplacement\"}}]}]}]}]},{\"type\":\"section\",\"props\":{\"animation\":\"fade\",\"animation_delay\":\"150\",\"image_position\":\"center-center\",\"style\":\"default\",\"title_breakpoint\":\"xl\",\"title_position\":\"top-left\",\"title_rotation\":\"left\",\"vertical_align\":\"middle\",\"width\":\"large\"},\"children\":[{\"type\":\"row\",\"props\":{\"layout\":\"1-2,1-2\"},\"children\":[{\"type\":\"column\",\"props\":{\"image_position\":\"center-center\",\"position_sticky_breakpoint\":\"m\",\"width_medium\":\"1-2\"},\"children\":[{\"type\":\"panel\",\"props\":{\"content_column_breakpoint\":\"m\",\"icon_width\":80,\"image_align\":\"top\",\"image_grid_breakpoint\":\"m\",\"image_grid_width\":\"1-2\",\"image_svg_color\":\"emphasis\",\"link_style\":\"default\",\"link_text\":\"Read more\",\"margin\":\"default\",\"meta_align\":\"below-title\",\"meta_element\":\"div\",\"meta_style\":\"text-meta\",\"title\":\"ProRent GmbH\",\"title_align\":\"top\",\"title_decoration\":\"bullet\",\"title_element\":\"h1\",\"title_grid_breakpoint\":\"m\",\"title_grid_width\":\"1-2\",\"title_hover_style\":\"reset\",\"title_style\":\"h1\"}},{\"type\":\"divider\",\"props\":{\"divider_element\":\"hr\",\"margin_remove_top\":false}},{\"type\":\"text\",\"props\":{\"column_breakpoint\":\"m\",\"content\":\"\n\n<p>Depuis 2003, ProRent GmbH incarne des solutions de mobilit\\u00e9 personnalis\\u00e9es et fiables. Bas\\u00e9e \\u00e0 Lohmar et forte d\\u2019une \\u00e9quipe de collaborateurs exp\\u00e9riment\\u00e9s, l\\u2019entreprise est sp\\u00e9cialis\\u00e9e dans la mise \\u00e0 disposition de v\\u00e9hicules pour l\\u2019industrie automobile ainsi que dans les services de gestion de flotte et de v\\u00e9hicules de remplacement.<\\\/p>\\n\n\n<p>Qu\\u2019il s\\u2019agisse de recherche et d\\u00e9veloppement, de v\\u00e9hicules de remplacement apr\\u00e8s accident ou de remplacement en atelier, nous veillons \\u00e0 ce que les v\\u00e9hicules adapt\\u00e9s soient mis \\u00e0 votre disposition rapidement et en toute simplicit\\u00e9. Des entreprises et partenaires issus de secteurs tr\\u00e8s vari\\u00e9s font confiance \\u00e0 notre longue exp\\u00e9rience, \\u00e0 nos d\\u00e9lais de r\\u00e9action courts et \\u00e0 notre tr\\u00e8s haut niveau de qualit\\u00e9 de service.<\\\/p>\",\"margin\":\"default\"}},{\"type\":\"divider\",\"props\":{\"divider_element\":\"hr\",\"margin_remove_top\":false}},{\"type\":\"button\",\"props\":{\"grid_column_gap\":\"small\",\"grid_row_gap\":\"small\",\"margin\":\"medium\"},\"children\":[{\"type\":\"button_item\",\"props\":{\"button_style\":\"primary\",\"content\":\"Mettez-nous \\u00e0 l\\u2019\\u00e9preuve\",\"dialog_layout\":\"modal\",\"dialog_offcanvas_flip\":true,\"icon_align\":\"left\",\"link\":\"fr\\\/contact\\\/\"}}]}]},{\"type\":\"column\",\"props\":{\"image_position\":\"center-center\",\"position_sticky_breakpoint\":\"m\",\"width_medium\":\"1-2\"},\"children\":[{\"type\":\"image\",\"props\":{\"animation\":\"slide-right-medium\",\"height_expand\":true,\"image\":\"wp-content\\\/uploads\\\/2025\\\/09\\\/AdobeStock_647492977-scaled.jpg\",\"image_border\":\"rounded\",\"image_box_decoration\":\"secondary\",\"image_svg_color\":\"emphasis\",\"margin\":\"default\"}}]}]}]},{\"type\":\"section\",\"props\":{\"image_position\":\"center-center\",\"style\":\"muted\",\"title_breakpoint\":\"xl\",\"title_position\":\"top-left\",\"title_rotation\":\"left\",\"vertical_align\":\"middle\",\"width\":\"default\"},\"children\":[{\"type\":\"row\",\"children\":[{\"type\":\"column\",\"props\":{\"image_position\":\"center-center\",\"position_sticky_breakpoint\":\"m\"},\"children\":[{\"type\":\"panel\",\"props\":{\"content_column_breakpoint\":\"m\",\"icon_width\":80,\"image_align\":\"top\",\"image_grid_breakpoint\":\"m\",\"image_grid_width\":\"1-2\",\"image_svg_color\":\"emphasis\",\"link_style\":\"default\",\"link_text\":\"Read more\",\"margin\":\"default\",\"meta_align\":\"below-title\",\"meta_element\":\"div\",\"meta_style\":\"text-meta\",\"title\":\"Nos atouts\",\"title_align\":\"top\",\"title_decoration\":\"bullet\",\"title_element\":\"h2\",\"title_grid_breakpoint\":\"m\",\"title_grid_width\":\"1-2\",\"title_hover_style\":\"reset\",\"title_style\":\"h2\"}},{\"type\":\"grid\",\"props\":{\"content_column_breakpoint\":\"m\",\"content_margin\":\"remove\",\"filter_align\":\"left\",\"filter_all\":true,\"filter_grid_breakpoint\":\"m\",\"filter_grid_width\":\"auto\",\"filter_position\":\"top\",\"filter_style\":\"tab\",\"grid_default\":\"1\",\"grid_medium\":\"3\",\"grid_small\":\"2\",\"icon_width\":80,\"image_align\":\"top\",\"image_grid_breakpoint\":\"m\",\"image_grid_width\":\"1-2\",\"image_svg_color\":\"emphasis\",\"item_animation\":true,\"lightbox_bg_close\":true,\"link_style\":\"default\",\"link_text\":\"Read more\",\"margin\":\"remove-vertical\",\"meta_align\":\"below-title\",\"meta_element\":\"div\",\"meta_style\":\"text-meta\",\"panel_padding\":\"small\",\"panel_style\":\"card-secondary\",\"show_content\":true,\"show_hover_image\":true,\"show_hover_video\":true,\"show_image\":true,\"show_link\":true,\"show_meta\":true,\"show_title\":true,\"show_video\":true,\"text_align\":\"center\",\"title_align\":\"top\",\"title_element\":\"h3\",\"title_grid_breakpoint\":\"m\",\"title_grid_width\":\"1-2\",\"title_hover_style\":\"reset\",\"title_style\":\"h3\"},\"children\":[{\"type\":\"grid_item\",\"props\":{\"content\":\"Disponibilit\\u00e9 rapide des v\\u00e9hicules\",\"title\":\"Rapidit\\u00e9\"}},{\"type\":\"grid_item\",\"props\":{\"content\":\"Une \\u00e9quipe hautement qualifi\\u00e9e et exp\\u00e9riment\\u00e9e\",\"title\":\"\\u00c9quipe exp\\u00e9riment\\u00e9e\"}},{\"type\":\"grid_item\",\"props\":{\"content\":\"D\\u00e9lais de r\\u00e9ponse tr\\u00e8s courts\",\"title\":\"R\\u00e9activit\\u00e9\"}},{\"type\":\"grid_item\",\"props\":{\"content\":\"Exigence de qualit\\u00e9 maximale\",\"title\":\"Service\"}},{\"type\":\"grid_item\",\"props\":{\"content\":\"Plus de 20 ans de pr\\u00e9sence stable sur le march\\u00e9\",\"title\":\"Stabilit\\u00e9\"}},{\"type\":\"grid_item\",\"props\":{\"content\":\"certifi\\u00e9 selon la norme DIN ISO 9001\",\"image\":\"\",\"meta\":\"\",\"title\":\"Label de qualit\\u00e9\"}}]}]}]}]},{\"type\":\"section\",\"props\":{\"image\":\"wp-content\\\/uploads\\\/2025\\\/09\\\/AdobeStock_1530628231-scaled.jpg\",\"image_position\":\"center-center\",\"image_size\":\"cover\",\"style\":\"secondary\",\"title_breakpoint\":\"xl\",\"title_position\":\"top-left\",\"title_rotation\":\"left\",\"vertical_align\":\"middle\",\"width\":\"small\"},\"children\":[{\"type\":\"row\",\"children\":[{\"type\":\"column\",\"props\":{\"image_position\":\"center-center\",\"position_sticky_breakpoint\":\"m\"},\"children\":[{\"type\":\"grid\",\"props\":{\"content_column_breakpoint\":\"m\",\"filter_align\":\"left\",\"filter_all\":true,\"filter_grid_breakpoint\":\"m\",\"filter_grid_width\":\"auto\",\"filter_position\":\"top\",\"filter_style\":\"tab\",\"grid_default\":\"1\",\"grid_medium\":\"2\",\"grid_small\":\"2\",\"icon_width\":80,\"image_align\":\"left\",\"image_grid_breakpoint\":\"s\",\"image_grid_column_gap\":\"small\",\"image_grid_width\":\"auto\",\"image_height\":60,\"image_svg_color\":\"emphasis\",\"image_svg_inline\":true,\"image_vertical_align\":true,\"item_animation\":true,\"lightbox_bg_close\":true,\"link_style\":\"default\",\"link_text\":\"\",\"margin\":\"default\",\"meta_align\":\"below-title\",\"meta_element\":\"div\",\"meta_style\":\"text-meta\",\"panel_image_no_padding\":false,\"panel_link\":true,\"panel_padding\":\"small\",\"panel_style\":\"card-primary\",\"show_content\":true,\"show_hover_image\":true,\"show_hover_video\":true,\"show_image\":true,\"show_link\":true,\"show_meta\":true,\"show_title\":true,\"show_video\":true,\"text_align\":\"center\",\"title_align\":\"top\",\"title_element\":\"h2\",\"title_grid_breakpoint\":\"m\",\"title_grid_width\":\"1-2\",\"title_hover_style\":\"reset\",\"title_margin\":\"small\",\"title_style\":\"h3\"},\"children\":[{\"type\":\"grid_item\",\"props\":{\"image\":\"wp-content\\\/uploads\\\/2025\\\/09\\\/rim.svg\",\"link\":\"fr\\\/automotive\\\/\",\"title\":\"Automotive\"}},{\"type\":\"grid_item\",\"props\":{\"image\":\"wp-content\\\/uploads\\\/2025\\\/09\\\/transport.svg\",\"link\":\"fr\\\/solutions-de-mobilite\\\/\",\"title\":\"Mobility solutions\"}}]}]}]}]}],\"version\":\"4.5.33\"} --><\/p>\n","protected":false},"excerpt":{"rendered":"<p>Vous souhaitez louer un v\u00e9hicule ? Faites une demande Recherche &#038; d\u00e9veloppement dans l&rsquo;industrie automobile Automotive Gestion de flotte &#038; services de v\u00e9hicules de Remplacement Solutions de mobilit\u00e9 ProRent GmbH Depuis 2003, ProRent GmbH incarne des solutions de mobilit\u00e9 personnalis\u00e9es et fiables. Bas\u00e9e \u00e0 Lohmar et forte d\u2019une \u00e9quipe de collaborateurs exp\u00e9riment\u00e9s, l\u2019entreprise est sp\u00e9cialis\u00e9e [&hellip;]<\/p>\n","protected":false},"author":1,"featured_media":0,"parent":0,"menu_order":0,"comment_status":"closed","ping_status":"closed","template":"","meta":{"footnotes":""},"class_list":["post-459","page","type-page","status-publish","hentry"],"yoast_head":"<!-- This site is optimized with the Yoast SEO plugin v27.5 - https:\/\/yoast.com\/product\/yoast-seo-wordpress\/ -->\n<title>ProRent GmbH - your automotive partner<\/title>\n<meta name=\"description\" content=\"Depuis 2003, ProRent GmbH est votre partenaire fiable dans le secteur automobile et vous propose des solutions de mobilit\u00e9 sur mesure.\" \/>\n<meta name=\"robots\" content=\"index, follow, max-snippet:-1, max-image-preview:large, max-video-preview:-1\" \/>\n<link rel=\"canonical\" href=\"https:\/\/www.prorent.eu\/fr\/\" \/>\n<meta property=\"og:locale\" content=\"fr_FR\" \/>\n<meta property=\"og:type\" content=\"article\" \/>\n<meta property=\"og:title\" content=\"ProRent GmbH - your automotive partner\" \/>\n<meta property=\"og:description\" content=\"Depuis 2003, ProRent GmbH est votre partenaire fiable dans le secteur automobile et vous propose des solutions de mobilit\u00e9 sur mesure.\" \/>\n<meta property=\"og:url\" content=\"https:\/\/www.prorent.eu\/fr\/\" \/>\n<meta property=\"og:site_name\" content=\"ProRent GmbH\" \/>\n<meta property=\"article:modified_time\" content=\"2025-12-17T17:02:15+00:00\" \/>\n<meta name=\"twitter:card\" content=\"summary_large_image\" \/>\n<meta name=\"twitter:label1\" content=\"Dur\u00e9e de lecture estim\u00e9e\" \/>\n\t<meta name=\"twitter:data1\" content=\"1 minute\" \/>\n<script type=\"application\/ld+json\" class=\"yoast-schema-graph\">{\"@context\":\"https:\\\/\\\/schema.org\",\"@graph\":[{\"@type\":\"WebPage\",\"@id\":\"https:\\\/\\\/www.prorent.eu\\\/fr\\\/\",\"url\":\"https:\\\/\\\/www.prorent.eu\\\/fr\\\/\",\"name\":\"ProRent GmbH - your automotive partner\",\"isPartOf\":{\"@id\":\"https:\\\/\\\/www.prorent.eu\\\/fr\\\/#website\"},\"datePublished\":\"2023-02-06T08:53:07+00:00\",\"dateModified\":\"2025-12-17T17:02:15+00:00\",\"description\":\"Depuis 2003, ProRent GmbH est votre partenaire fiable dans le secteur automobile et vous propose des solutions de mobilit\u00e9 sur mesure.\",\"breadcrumb\":{\"@id\":\"https:\\\/\\\/www.prorent.eu\\\/fr\\\/#breadcrumb\"},\"inLanguage\":\"fr-FR\",\"potentialAction\":[{\"@type\":\"ReadAction\",\"target\":[\"https:\\\/\\\/www.prorent.eu\\\/fr\\\/\"]}]},{\"@type\":\"BreadcrumbList\",\"@id\":\"https:\\\/\\\/www.prorent.eu\\\/fr\\\/#breadcrumb\",\"itemListElement\":[{\"@type\":\"ListItem\",\"position\":1,\"name\":\"Startseite\",\"item\":\"https:\\\/\\\/www.prorent.eu\\\/fr\\\/\"},{\"@type\":\"ListItem\",\"position\":2,\"name\":\"Accueil\"}]},{\"@type\":\"WebSite\",\"@id\":\"https:\\\/\\\/www.prorent.eu\\\/fr\\\/#website\",\"url\":\"https:\\\/\\\/www.prorent.eu\\\/fr\\\/\",\"name\":\"ProRent GmbH\",\"description\":\"Website f\u00fcr\",\"potentialAction\":[{\"@type\":\"SearchAction\",\"target\":{\"@type\":\"EntryPoint\",\"urlTemplate\":\"https:\\\/\\\/www.prorent.eu\\\/fr\\\/?s={search_term_string}\"},\"query-input\":{\"@type\":\"PropertyValueSpecification\",\"valueRequired\":true,\"valueName\":\"search_term_string\"}}],\"inLanguage\":\"fr-FR\"}]}<\/script>\n<!-- \/ Yoast SEO plugin. -->","yoast_head_json":{"title":"ProRent GmbH - your automotive partner","description":"Depuis 2003, ProRent GmbH est votre partenaire fiable dans le secteur automobile et vous propose des solutions de mobilit\u00e9 sur mesure.","robots":{"index":"index","follow":"follow","max-snippet":"max-snippet:-1","max-image-preview":"max-image-preview:large","max-video-preview":"max-video-preview:-1"},"canonical":"https:\/\/www.prorent.eu\/fr\/","og_locale":"fr_FR","og_type":"article","og_title":"ProRent GmbH - your automotive partner","og_description":"Depuis 2003, ProRent GmbH est votre partenaire fiable dans le secteur automobile et vous propose des solutions de mobilit\u00e9 sur mesure.","og_url":"https:\/\/www.prorent.eu\/fr\/","og_site_name":"ProRent GmbH","article_modified_time":"2025-12-17T17:02:15+00:00","twitter_card":"summary_large_image","twitter_misc":{"Dur\u00e9e de lecture estim\u00e9e":"1 minute"},"schema":{"@context":"https:\/\/schema.org","@graph":[{"@type":"WebPage","@id":"https:\/\/www.prorent.eu\/fr\/","url":"https:\/\/www.prorent.eu\/fr\/","name":"ProRent GmbH - your automotive partner","isPartOf":{"@id":"https:\/\/www.prorent.eu\/fr\/#website"},"datePublished":"2023-02-06T08:53:07+00:00","dateModified":"2025-12-17T17:02:15+00:00","description":"Depuis 2003, ProRent GmbH est votre partenaire fiable dans le secteur automobile et vous propose des solutions de mobilit\u00e9 sur mesure.","breadcrumb":{"@id":"https:\/\/www.prorent.eu\/fr\/#breadcrumb"},"inLanguage":"fr-FR","potentialAction":[{"@type":"ReadAction","target":["https:\/\/www.prorent.eu\/fr\/"]}]},{"@type":"BreadcrumbList","@id":"https:\/\/www.prorent.eu\/fr\/#breadcrumb","itemListElement":[{"@type":"ListItem","position":1,"name":"Startseite","item":"https:\/\/www.prorent.eu\/fr\/"},{"@type":"ListItem","position":2,"name":"Accueil"}]},{"@type":"WebSite","@id":"https:\/\/www.prorent.eu\/fr\/#website","url":"https:\/\/www.prorent.eu\/fr\/","name":"ProRent GmbH","description":"Website f\u00fcr","potentialAction":[{"@type":"SearchAction","target":{"@type":"EntryPoint","urlTemplate":"https:\/\/www.prorent.eu\/fr\/?s={search_term_string}"},"query-input":{"@type":"PropertyValueSpecification","valueRequired":true,"valueName":"search_term_string"}}],"inLanguage":"fr-FR"}]}},"_links":{"self":[{"href":"https:\/\/www.prorent.eu\/fr\/wp-json\/wp\/v2\/pages\/459","targetHints":{"allow":["GET"]}}],"collection":[{"href":"https:\/\/www.prorent.eu\/fr\/wp-json\/wp\/v2\/pages"}],"about":[{"href":"https:\/\/www.prorent.eu\/fr\/wp-json\/wp\/v2\/types\/page"}],"author":[{"embeddable":true,"href":"https:\/\/www.prorent.eu\/fr\/wp-json\/wp\/v2\/users\/1"}],"replies":[{"embeddable":true,"href":"https:\/\/www.prorent.eu\/fr\/wp-json\/wp\/v2\/comments?post=459"}],"version-history":[{"count":13,"href":"https:\/\/www.prorent.eu\/fr\/wp-json\/wp\/v2\/pages\/459\/revisions"}],"predecessor-version":[{"id":472,"href":"https:\/\/www.prorent.eu\/fr\/wp-json\/wp\/v2\/pages\/459\/revisions\/472"}],"wp:attachment":[{"href":"https:\/\/www.prorent.eu\/fr\/wp-json\/wp\/v2\/media?parent=459"}],"curies":[{"name":"wp","href":"https:\/\/api.w.org\/{rel}","templated":true}]}}