{"id":602,"date":"2025-09-05T06:53:57","date_gmt":"2025-09-05T06:53:57","guid":{"rendered":"https:\/\/www.prorent.eu\/mobilitaetsloesungen\/"},"modified":"2025-12-23T14:57:22","modified_gmt":"2025-12-23T14:57:22","slug":"soluciones-de-movilidad","status":"publish","type":"page","link":"https:\/\/www.prorent.eu\/es\/soluciones-de-movilidad\/","title":{"rendered":"Soluciones de movilidad"},"content":{"rendered":"<div>\n<p>    <img decoding=\"async\" src=\"\/wp-content\/uploads\/2025\/09\/AdobeStock_598955509-scaled.jpg\" alt=\"\"><\/p>\n<\/div>\n<div>\n<h1>Soluciones de movilidad<\/h1>\n<\/div>\n<hr>\n<ul>\n<li>\n<p>        <img decoding=\"async\" src=\"\/wp-content\/uploads\/2025\/09\/AdobeStock_1411839421.jpg\" alt=\"\"><\/p>\n<h2>Gesti\u00f3n de flotas<\/h2>\n<div>\n<p>Nos encargamos de la organizaci\u00f3n y gesti\u00f3n de su flota de veh\u00edculos. Desde la adquisici\u00f3n hasta el uso y la devoluci\u00f3n, garantizamos eficiencia, claridad y costes previsibles.<\/p>\n<\/div>\n<\/li>\n<li>\n<p>        <img decoding=\"async\" src=\"\/wp-content\/uploads\/2025\/09\/AdobeStock_612399329.jpg\" alt=\"\"><\/p>\n<h2>Veh\u00edculos de sustituci\u00f3n en taller<\/h2>\n<div>\n<p>Si el veh\u00edculo de un cliente queda fuera de servicio por reparaciones o revisiones, proporcionamos veh\u00edculos de sustituci\u00f3n para talleres y concesionarios. Sus clientes siguen siendo m\u00f3viles y usted se beneficia de un proceso de servicio sin interrupciones.<\/p>\n<\/div>\n<\/li>\n<li>\n<p>        <img decoding=\"async\" src=\"\/wp-content\/uploads\/2025\/09\/AdobeStock_211630355.jpg\" alt=\"\"><\/p>\n<h2>Veh\u00edculos de sustituci\u00f3n por siniestro<\/h2>\n<div>\n<p>En caso de siniestro, la ayuda r\u00e1pida es fundamental. En colaboraci\u00f3n con talleres y concesionarios, garantizamos que los clientes afectados reciban un veh\u00edculo de sustituci\u00f3n de inmediato y sin p\u00e9rdida de tiempo.<\/p>\n<\/div>\n<\/li>\n<li>\n<p>        <img decoding=\"async\" src=\"\/wp-content\/uploads\/2025\/09\/AdobeStock_1557303674.jpg\" alt=\"\"><\/p>\n<h2>Suscripci\u00f3n de veh\u00edculos<\/h2>\n<div>\n<p>M\u00e1xima flexibilidad sin compromiso a largo plazo: con nuestra suscripci\u00f3n de veh\u00edculos, conduce un coche moderno por una cuota mensual fija. Seguro, mantenimiento y servicio est\u00e1n incluidos \u2013 solo el combustible o la carga corren por su cuenta.<\/p>\n<\/div>\n<\/li>\n<\/ul>\n<div>\n<h3>Cu\u00c9Ntenos Qu\u00c9 Necesita \u2013 Nosotros Le Proporcionamos La Soluci\u00d3N De Veh\u00cdCulo Adecuada<\/h3>\n<p><a href=\"https:\/\/www.prorent.eu\/es\/contacto\/\">P\u00f3ngase en contacto ahora<\/a><\/p>\n<\/div>\n<p><!--more--><br \/>\n<!-- {\"type\":\"layout\",\"children\":[{\"type\":\"section\",\"props\":{\"image_position\":\"center-center\",\"padding_remove_bottom\":true,\"padding_remove_top\":true,\"style\":\"default\",\"title_breakpoint\":\"xl\",\"title_position\":\"top-left\",\"title_rotation\":\"left\",\"vertical_align\":\"middle\",\"width\":\"\"},\"children\":[{\"type\":\"row\",\"children\":[{\"type\":\"column\",\"props\":{\"image_position\":\"center-center\",\"position_sticky_breakpoint\":\"m\"},\"children\":[{\"type\":\"slideshow\",\"props\":{\"link_style\":\"default\",\"link_text\":\"Read more\",\"margin\":\"default\",\"meta_align\":\"below-title\",\"meta_element\":\"div\",\"meta_style\":\"text-meta\",\"nav\":\"thumbnav\",\"nav_align\":\"center\",\"nav_breakpoint\":\"s\",\"nav_position\":\"bottom-center\",\"nav_position_margin\":\"medium\",\"overlay_animation\":\"parallax\",\"overlay_position\":\"center-left\",\"overlay_style\":\"overlay-primary\",\"show_content\":true,\"show_link\":true,\"show_meta\":true,\"show_thumbnail\":true,\"show_title\":true,\"slidenav\":\"\",\"slidenav_breakpoint\":\"s\",\"slidenav_margin\":\"medium\",\"slidenav_outside_breakpoint\":\"xl\",\"slideshow_animation\":\"fade\",\"slideshow_autoplay\":true,\"slideshow_autoplay_pause\":false,\"slideshow_kenburns\":\"top-left\",\"slideshow_max_height\":\"300\",\"slideshow_min_height\":300,\"text_align\":\"center\",\"thumbnav_height\":\"75\",\"thumbnav_svg_color\":\"emphasis\",\"thumbnav_width\":\"100\",\"title_element\":\"h2\",\"title_hover_style\":\"reset\"},\"children\":[{\"type\":\"slideshow_item\",\"props\":{\"image\":\"wp-content\\\/uploads\\\/2025\\\/09\\\/AdobeStock_598955509-scaled.jpg\",\"link_text\":\"Jetzt einfach anfragen! \",\"title\":\"\"}}]}]}]}]},{\"type\":\"section\",\"props\":{\"animation\":\"fade\",\"animation_delay\":\"150\",\"image_position\":\"center-center\",\"style\":\"default\",\"title_breakpoint\":\"xl\",\"title_position\":\"top-left\",\"title_rotation\":\"left\",\"vertical_align\":\"middle\",\"width\":\"large\"},\"children\":[{\"type\":\"row\",\"children\":[{\"type\":\"column\",\"props\":{\"image_position\":\"center-center\",\"position_sticky_breakpoint\":\"m\"},\"children\":[{\"type\":\"panel\",\"props\":{\"content_column_breakpoint\":\"m\",\"icon_width\":80,\"image_align\":\"top\",\"image_grid_breakpoint\":\"m\",\"image_grid_width\":\"1-2\",\"image_svg_color\":\"emphasis\",\"link_style\":\"default\",\"link_text\":\"Read more\",\"margin\":\"default\",\"meta_align\":\"below-title\",\"meta_element\":\"div\",\"meta_style\":\"text-meta\",\"title\":\"Soluciones de movilidad\",\"title_align\":\"top\",\"title_decoration\":\"bullet\",\"title_element\":\"h1\",\"title_grid_breakpoint\":\"m\",\"title_grid_width\":\"1-2\",\"title_hover_style\":\"reset\",\"title_style\":\"h1\"}},{\"type\":\"divider\",\"props\":{\"divider_element\":\"hr\",\"margin_remove_top\":false}}]}]},{\"type\":\"row\",\"children\":[{\"type\":\"column\",\"props\":{\"image_position\":\"center-center\",\"position_sticky_breakpoint\":\"m\"},\"children\":[{\"type\":\"grid\",\"props\":{\"content_column_breakpoint\":\"m\",\"filter_align\":\"left\",\"filter_all\":true,\"filter_grid_breakpoint\":\"m\",\"filter_grid_width\":\"auto\",\"filter_position\":\"top\",\"filter_style\":\"tab\",\"grid_column_align\":true,\"grid_default\":\"1\",\"grid_medium\":\"4\",\"grid_small\":\"2\",\"icon_width\":80,\"image_align\":\"top\",\"image_grid_breakpoint\":\"m\",\"image_grid_width\":\"1-2\",\"image_svg_color\":\"emphasis\",\"item_animation\":true,\"lightbox_bg_close\":true,\"link_style\":\"default\",\"link_text\":\"Read more\",\"margin\":\"default\",\"meta_align\":\"below-title\",\"meta_element\":\"div\",\"meta_style\":\"text-meta\",\"panel_image_no_padding\":true,\"panel_padding\":\"small\",\"panel_style\":\"card-primary\",\"show_content\":true,\"show_hover_image\":true,\"show_hover_video\":true,\"show_image\":true,\"show_link\":true,\"show_meta\":true,\"show_title\":true,\"show_video\":true,\"text_align\":\"center\",\"title_align\":\"top\",\"title_element\":\"h2\",\"title_grid_breakpoint\":\"m\",\"title_grid_width\":\"1-2\",\"title_hover_style\":\"reset\",\"title_style\":\"h4\"},\"children\":[{\"type\":\"grid_item\",\"props\":{\"content\":\"\n\n<p>Nos encargamos de la organizaci\\u00f3n y gesti\\u00f3n de su flota de veh\\u00edculos. Desde la adquisici\\u00f3n hasta el uso y la devoluci\\u00f3n, garantizamos eficiencia, claridad y costes previsibles.<\\\/p>\",\"image\":\"wp-content\\\/uploads\\\/2025\\\/09\\\/AdobeStock_1411839421.jpg\",\"title\":\"Gesti\\u00f3n de flotas\"}},{\"type\":\"grid_item\",\"props\":{\"content\":\"\n\n<p>Si el veh\\u00edculo de un cliente queda fuera de servicio por reparaciones o revisiones, proporcionamos veh\\u00edculos de sustituci\\u00f3n para talleres y concesionarios. Sus clientes siguen siendo m\\u00f3viles y usted se beneficia de un proceso de servicio sin interrupciones.<\\\/p>\",\"image\":\"wp-content\\\/uploads\\\/2025\\\/09\\\/AdobeStock_612399329.jpg\",\"title\":\"Veh\\u00edculos de sustituci\\u00f3n en taller\"}},{\"type\":\"grid_item\",\"props\":{\"content\":\"\n\n<p>En caso de siniestro, la ayuda r\\u00e1pida es fundamental. En colaboraci\\u00f3n con talleres y concesionarios, garantizamos que los clientes afectados reciban un veh\\u00edculo de sustituci\\u00f3n de inmediato y sin p\\u00e9rdida de tiempo.<\\\/p>\",\"image\":\"wp-content\\\/uploads\\\/2025\\\/09\\\/AdobeStock_211630355.jpg\",\"title\":\"Veh\\u00edculos de sustituci\\u00f3n por siniestro\"}},{\"type\":\"grid_item\",\"props\":{\"content\":\"\n\n<p>M\\u00e1xima flexibilidad sin compromiso a largo plazo: con nuestra suscripci\\u00f3n de veh\\u00edculos, conduce un coche moderno por una cuota mensual fija. Seguro, mantenimiento y servicio est\\u00e1n incluidos \\u2013 solo el combustible o la carga corren por su cuenta.<\\\/p>\",\"image\":\"wp-content\\\/uploads\\\/2025\\\/09\\\/AdobeStock_1557303674.jpg\",\"title\":\"Suscripci\\u00f3n de veh\\u00edculos\"}}]}]}]}]},{\"type\":\"section\",\"props\":{\"image\":\"wp-content\\\/uploads\\\/2025\\\/09\\\/AdobeStock_1530628231-scaled.jpg\",\"image_position\":\"center-center\",\"image_size\":\"cover\",\"style\":\"secondary\",\"title_breakpoint\":\"xl\",\"title_position\":\"top-left\",\"title_rotation\":\"left\",\"vertical_align\":\"middle\",\"width\":\"large\"},\"children\":[{\"type\":\"row\",\"children\":[{\"type\":\"column\",\"props\":{\"image_position\":\"center-center\",\"position_sticky_breakpoint\":\"m\"},\"children\":[{\"type\":\"panel\",\"props\":{\"content_column_breakpoint\":\"m\",\"icon_width\":80,\"image_align\":\"top\",\"image_grid_breakpoint\":\"m\",\"image_grid_width\":\"1-2\",\"image_svg_color\":\"emphasis\",\"link\":\"es\\\/contacto\\\/\",\"link_style\":\"default\",\"link_text\":\"P\\u00f3ngase en contacto ahora\",\"margin\":\"medium\",\"meta_align\":\"below-title\",\"meta_element\":\"div\",\"meta_style\":\"text-meta\",\"panel_link\":true,\"panel_padding\":\"default\",\"panel_style\":\"card-primary\",\"text_align\":\"center\",\"title\":\"Cu\\u00c9Ntenos Qu\\u00c9 Necesita \\u2013 Nosotros Le Proporcionamos La Soluci\\u00d3N De Veh\\u00cdCulo Adecuada\",\"title_align\":\"top\",\"title_element\":\"h3\",\"title_grid_breakpoint\":\"m\",\"title_grid_width\":\"1-2\",\"title_hover_style\":\"reset\"}}]}]}]}],\"version\":\"4.5.33\"} --><\/p>\n","protected":false},"excerpt":{"rendered":"<p>Soluciones de movilidad Gesti\u00f3n de flotas Nos encargamos de la organizaci\u00f3n y gesti\u00f3n de su flota de veh\u00edculos. Desde la adquisici\u00f3n hasta el uso y la devoluci\u00f3n, garantizamos eficiencia, claridad y costes previsibles. Veh\u00edculos de sustituci\u00f3n en taller Si el veh\u00edculo de un cliente queda fuera de servicio por reparaciones o revisiones, proporcionamos veh\u00edculos de [&hellip;]<\/p>\n","protected":false},"author":14,"featured_media":0,"parent":0,"menu_order":0,"comment_status":"closed","ping_status":"closed","template":"","meta":{"footnotes":""},"class_list":["post-602","page","type-page","status-publish","hentry"],"yoast_head":"<!-- This site is optimized with the Yoast SEO plugin v27.5 - https:\/\/yoast.com\/product\/yoast-seo-wordpress\/ -->\n<title>Soluciones de movilidad - ProRent GmbH<\/title>\n<meta name=\"robots\" content=\"index, follow, max-snippet:-1, max-image-preview:large, max-video-preview:-1\" \/>\n<link rel=\"canonical\" href=\"https:\/\/www.prorent.eu\/es\/soluciones-de-movilidad\/\" \/>\n<meta property=\"og:locale\" content=\"es_ES\" \/>\n<meta property=\"og:type\" content=\"article\" \/>\n<meta property=\"og:title\" content=\"Soluciones de movilidad - ProRent GmbH\" \/>\n<meta property=\"og:description\" content=\"Soluciones de movilidad Gesti\u00f3n de flotas Nos encargamos de la organizaci\u00f3n y gesti\u00f3n de su flota de veh\u00edculos. Desde la adquisici\u00f3n hasta el uso y la devoluci\u00f3n, garantizamos eficiencia, claridad y costes previsibles. Veh\u00edculos de sustituci\u00f3n en taller Si el veh\u00edculo de un cliente queda fuera de servicio por reparaciones o revisiones, proporcionamos veh\u00edculos de [&hellip;]\" \/>\n<meta property=\"og:url\" content=\"https:\/\/www.prorent.eu\/es\/soluciones-de-movilidad\/\" \/>\n<meta property=\"og:site_name\" content=\"ProRent GmbH\" \/>\n<meta property=\"article:modified_time\" content=\"2025-12-23T14:57:22+00:00\" \/>\n<meta name=\"twitter:card\" content=\"summary_large_image\" \/>\n<meta name=\"twitter:label1\" content=\"Tiempo de lectura\" \/>\n\t<meta name=\"twitter:data1\" content=\"1 minuto\" \/>\n<script type=\"application\/ld+json\" class=\"yoast-schema-graph\">{\"@context\":\"https:\\\/\\\/schema.org\",\"@graph\":[{\"@type\":\"WebPage\",\"@id\":\"https:\\\/\\\/www.prorent.eu\\\/es\\\/soluciones-de-movilidad\\\/\",\"url\":\"https:\\\/\\\/www.prorent.eu\\\/es\\\/soluciones-de-movilidad\\\/\",\"name\":\"Soluciones de movilidad - ProRent GmbH\",\"isPartOf\":{\"@id\":\"https:\\\/\\\/www.prorent.eu\\\/es\\\/#website\"},\"datePublished\":\"2025-09-05T06:53:57+00:00\",\"dateModified\":\"2025-12-23T14:57:22+00:00\",\"breadcrumb\":{\"@id\":\"https:\\\/\\\/www.prorent.eu\\\/es\\\/soluciones-de-movilidad\\\/#breadcrumb\"},\"inLanguage\":\"es\",\"potentialAction\":[{\"@type\":\"ReadAction\",\"target\":[\"https:\\\/\\\/www.prorent.eu\\\/es\\\/soluciones-de-movilidad\\\/\"]}]},{\"@type\":\"BreadcrumbList\",\"@id\":\"https:\\\/\\\/www.prorent.eu\\\/es\\\/soluciones-de-movilidad\\\/#breadcrumb\",\"itemListElement\":[{\"@type\":\"ListItem\",\"position\":1,\"name\":\"Startseite\",\"item\":\"https:\\\/\\\/www.prorent.eu\\\/es\\\/\"},{\"@type\":\"ListItem\",\"position\":2,\"name\":\"Soluciones de movilidad\"}]},{\"@type\":\"WebSite\",\"@id\":\"https:\\\/\\\/www.prorent.eu\\\/es\\\/#website\",\"url\":\"https:\\\/\\\/www.prorent.eu\\\/es\\\/\",\"name\":\"ProRent GmbH\",\"description\":\"Website f\u00fcr\",\"potentialAction\":[{\"@type\":\"SearchAction\",\"target\":{\"@type\":\"EntryPoint\",\"urlTemplate\":\"https:\\\/\\\/www.prorent.eu\\\/es\\\/?s={search_term_string}\"},\"query-input\":{\"@type\":\"PropertyValueSpecification\",\"valueRequired\":true,\"valueName\":\"search_term_string\"}}],\"inLanguage\":\"es\"}]}<\/script>\n<!-- \/ Yoast SEO plugin. -->","yoast_head_json":{"title":"Soluciones de movilidad - ProRent GmbH","robots":{"index":"index","follow":"follow","max-snippet":"max-snippet:-1","max-image-preview":"max-image-preview:large","max-video-preview":"max-video-preview:-1"},"canonical":"https:\/\/www.prorent.eu\/es\/soluciones-de-movilidad\/","og_locale":"es_ES","og_type":"article","og_title":"Soluciones de movilidad - ProRent GmbH","og_description":"Soluciones de movilidad Gesti\u00f3n de flotas Nos encargamos de la organizaci\u00f3n y gesti\u00f3n de su flota de veh\u00edculos. Desde la adquisici\u00f3n hasta el uso y la devoluci\u00f3n, garantizamos eficiencia, claridad y costes previsibles. Veh\u00edculos de sustituci\u00f3n en taller Si el veh\u00edculo de un cliente queda fuera de servicio por reparaciones o revisiones, proporcionamos veh\u00edculos de [&hellip;]","og_url":"https:\/\/www.prorent.eu\/es\/soluciones-de-movilidad\/","og_site_name":"ProRent GmbH","article_modified_time":"2025-12-23T14:57:22+00:00","twitter_card":"summary_large_image","twitter_misc":{"Tiempo de lectura":"1 minuto"},"schema":{"@context":"https:\/\/schema.org","@graph":[{"@type":"WebPage","@id":"https:\/\/www.prorent.eu\/es\/soluciones-de-movilidad\/","url":"https:\/\/www.prorent.eu\/es\/soluciones-de-movilidad\/","name":"Soluciones de movilidad - ProRent GmbH","isPartOf":{"@id":"https:\/\/www.prorent.eu\/es\/#website"},"datePublished":"2025-09-05T06:53:57+00:00","dateModified":"2025-12-23T14:57:22+00:00","breadcrumb":{"@id":"https:\/\/www.prorent.eu\/es\/soluciones-de-movilidad\/#breadcrumb"},"inLanguage":"es","potentialAction":[{"@type":"ReadAction","target":["https:\/\/www.prorent.eu\/es\/soluciones-de-movilidad\/"]}]},{"@type":"BreadcrumbList","@id":"https:\/\/www.prorent.eu\/es\/soluciones-de-movilidad\/#breadcrumb","itemListElement":[{"@type":"ListItem","position":1,"name":"Startseite","item":"https:\/\/www.prorent.eu\/es\/"},{"@type":"ListItem","position":2,"name":"Soluciones de movilidad"}]},{"@type":"WebSite","@id":"https:\/\/www.prorent.eu\/es\/#website","url":"https:\/\/www.prorent.eu\/es\/","name":"ProRent GmbH","description":"Website f\u00fcr","potentialAction":[{"@type":"SearchAction","target":{"@type":"EntryPoint","urlTemplate":"https:\/\/www.prorent.eu\/es\/?s={search_term_string}"},"query-input":{"@type":"PropertyValueSpecification","valueRequired":true,"valueName":"search_term_string"}}],"inLanguage":"es"}]}},"_links":{"self":[{"href":"https:\/\/www.prorent.eu\/es\/wp-json\/wp\/v2\/pages\/602","targetHints":{"allow":["GET"]}}],"collection":[{"href":"https:\/\/www.prorent.eu\/es\/wp-json\/wp\/v2\/pages"}],"about":[{"href":"https:\/\/www.prorent.eu\/es\/wp-json\/wp\/v2\/types\/page"}],"author":[{"embeddable":true,"href":"https:\/\/www.prorent.eu\/es\/wp-json\/wp\/v2\/users\/14"}],"replies":[{"embeddable":true,"href":"https:\/\/www.prorent.eu\/es\/wp-json\/wp\/v2\/comments?post=602"}],"version-history":[{"count":3,"href":"https:\/\/www.prorent.eu\/es\/wp-json\/wp\/v2\/pages\/602\/revisions"}],"predecessor-version":[{"id":628,"href":"https:\/\/www.prorent.eu\/es\/wp-json\/wp\/v2\/pages\/602\/revisions\/628"}],"wp:attachment":[{"href":"https:\/\/www.prorent.eu\/es\/wp-json\/wp\/v2\/media?parent=602"}],"curies":[{"name":"wp","href":"https:\/\/api.w.org\/{rel}","templated":true}]}}