{"id":597,"date":"2025-09-05T06:53:47","date_gmt":"2025-09-05T06:53:47","guid":{"rendered":"https:\/\/www.prorent.eu\/automotive\/"},"modified":"2025-12-23T15:23:26","modified_gmt":"2025-12-23T15:23:26","slug":"automocion","status":"publish","type":"page","link":"https:\/\/www.prorent.eu\/es\/automocion\/","title":{"rendered":"Automoci\u00f3n"},"content":{"rendered":"<div>\n<p>    <img decoding=\"async\" src=\"\/wp-content\/uploads\/2025\/09\/AdobeStock_1536159786-scaled.jpg\" alt=\"\"><\/p>\n<\/div>\n<div>\n<h1>Automoci\u00f3n<\/h1>\n<\/div>\n<hr>\n<div>\n<p>El sector de la automoci\u00f3n se basa en la innovaci\u00f3n y la precisi\u00f3n. Para ello se necesitan veh\u00edculos que se ajusten exactamente a cada proyecto, ya sea para pruebas, estudios de mercado o programas de desarrollo.<\/p>\n<p><b>Apoyamos a<\/b><strong>:<\/strong><\/p>\n<ul>\n<li>Fabricantes de autom\u00f3viles (OEMs)<\/li>\n<li>Proveedores Tier 1 y Tier 2<\/li>\n<li>Institutos de investigaci\u00f3n de mercado<\/li>\n<li>Empresas de ingenier\u00eda y desarrollo<\/li>\n<\/ul>\n<p>Proveemos todo tipo de veh\u00edculos a nuestros socios: de forma fiable, r\u00e1pida y adaptada a sus requisitos. Desde la disponibilidad inmediata de modelos individuales hasta la planificaci\u00f3n de flotas completas, garantizamos operaciones fluidas.<\/p>\n<\/div>\n<hr>\n<p><img decoding=\"async\" src=\"\/wp-content\/uploads\/2025\/09\/AdobeStock_1672891805-scaled.jpg\" alt=\"\"><\/p>\n<ul>\n<li>\n<h3>Investigaci\u00f3n &#038; desarrollo<\/h3>\n<div>\n<p>Veh\u00edculos y flotas de prueba para evaluar conceptos y tecnolog\u00edas innovadoras.<\/p>\n<\/div>\n<\/li>\n<li>\n<h3>Formaci\u00d3N De Producto &#038; Formaci\u00d3N Comercial<\/h3>\n<div>\n<p>Veh\u00edculos pr\u00e1cticos para sesiones de formaci\u00f3n y presentaciones de producto.<\/p>\n<\/div>\n<\/li>\n<li>\n<h3>Investigaci\u00f3n de mercado \/ car clinic<\/h3>\n<div>\n<p>Condiciones de prueba realistas para estudios de clientes y an\u00e1lisis de mercado.<\/p>\n<\/div>\n<\/li>\n<li>\n<h3>Pruebas completas en centros de ensayo<\/h3>\n<div>\n<p>Pruebas completas de veh\u00edculos y sistemas en instalaciones avanzadas.<\/p>\n<\/div>\n<\/li>\n<li>\n<h3>Presentaciones &#038; eventos<\/h3>\n<div>\n<p>Suministro flexible de veh\u00edculos para ferias, roadshows y demostraciones en vivo.<\/p>\n<\/div>\n<\/li>\n<li>\n<h3>Asesoramiento personalizado<\/h3>\n<div>\n<p>Soluciones de movilidad a medida seg\u00fan los requisitos espec\u00edficos.<\/p>\n<\/div>\n<\/li>\n<li>\n<h3>Log\u00edstica mundial<\/h3>\n<div>\n<p>Transporte fiable de veh\u00edculos y suministro en cualquier destino.<\/p>\n<\/div>\n<\/li>\n<\/ul>\n<div>\n<h3>Encontramos El Veh\u00cdCulo Adecuado Para Usted<\/h3>\n<p><a href=\"https:\/\/www.prorent.eu\/es\/contacto\/\">P\u00f3ngase en contacto ahora<\/a><\/p>\n<\/div>\n<p><!--more--><br \/>\n<!-- {\"type\":\"layout\",\"children\":[{\"type\":\"section\",\"props\":{\"image_position\":\"center-center\",\"padding_remove_bottom\":true,\"padding_remove_top\":true,\"style\":\"default\",\"title_breakpoint\":\"xl\",\"title_position\":\"top-left\",\"title_rotation\":\"left\",\"vertical_align\":\"middle\",\"width\":\"\"},\"children\":[{\"type\":\"row\",\"children\":[{\"type\":\"column\",\"props\":{\"image_position\":\"center-center\",\"position_sticky_breakpoint\":\"m\"},\"children\":[{\"type\":\"slideshow\",\"props\":{\"link_style\":\"default\",\"link_text\":\"Read more\",\"margin\":\"default\",\"meta_align\":\"below-title\",\"meta_element\":\"div\",\"meta_style\":\"text-meta\",\"nav\":\"thumbnav\",\"nav_align\":\"center\",\"nav_breakpoint\":\"s\",\"nav_position\":\"bottom-center\",\"nav_position_margin\":\"medium\",\"overlay_animation\":\"parallax\",\"overlay_position\":\"center-left\",\"overlay_style\":\"overlay-primary\",\"show_content\":true,\"show_link\":true,\"show_meta\":true,\"show_thumbnail\":true,\"show_title\":true,\"slidenav\":\"\",\"slidenav_breakpoint\":\"s\",\"slidenav_margin\":\"medium\",\"slidenav_outside_breakpoint\":\"xl\",\"slideshow_animation\":\"fade\",\"slideshow_autoplay\":true,\"slideshow_autoplay_pause\":false,\"slideshow_kenburns\":\"top-left\",\"slideshow_max_height\":\"300\",\"slideshow_min_height\":300,\"text_align\":\"center\",\"thumbnav_height\":\"75\",\"thumbnav_svg_color\":\"emphasis\",\"thumbnav_width\":\"100\",\"title_element\":\"h2\",\"title_hover_style\":\"reset\"},\"children\":[{\"type\":\"slideshow_item\",\"props\":{\"image\":\"wp-content\\\/uploads\\\/2025\\\/09\\\/AdobeStock_1536159786-scaled.jpg\",\"link_text\":\"Jetzt einfach anfragen! \",\"title\":\"\"}}]}]}]}]},{\"type\":\"section\",\"props\":{\"animation\":\"fade\",\"animation_delay\":\"150\",\"image_position\":\"center-center\",\"style\":\"default\",\"title_breakpoint\":\"xl\",\"title_position\":\"top-left\",\"title_rotation\":\"left\",\"vertical_align\":\"middle\",\"width\":\"large\"},\"children\":[{\"type\":\"row\",\"props\":{\"layout\":\"1-2,1-2\"},\"children\":[{\"type\":\"column\",\"props\":{\"image_position\":\"center-center\",\"position_sticky_breakpoint\":\"m\",\"width_medium\":\"1-2\"},\"children\":[{\"type\":\"panel\",\"props\":{\"content_column_breakpoint\":\"m\",\"icon_width\":80,\"image_align\":\"top\",\"image_grid_breakpoint\":\"m\",\"image_grid_width\":\"1-2\",\"image_svg_color\":\"emphasis\",\"link_style\":\"default\",\"link_text\":\"Read more\",\"margin\":\"default\",\"meta_align\":\"below-title\",\"meta_element\":\"div\",\"meta_style\":\"text-meta\",\"title\":\"Automoci\\u00f3n\",\"title_align\":\"top\",\"title_decoration\":\"bullet\",\"title_element\":\"h1\",\"title_grid_breakpoint\":\"m\",\"title_grid_width\":\"1-2\",\"title_hover_style\":\"reset\",\"title_style\":\"h1\"}},{\"type\":\"divider\",\"props\":{\"divider_element\":\"hr\",\"margin_remove_top\":false}},{\"type\":\"text\",\"props\":{\"class\":\"panellist\",\"column_breakpoint\":\"m\",\"content\":\"\n\n<p>El sector de la automoci\\u00f3n se basa en la innovaci\\u00f3n y la precisi\\u00f3n. Para ello se necesitan veh\\u00edculos que se ajusten exactamente a cada proyecto, ya sea para pruebas, estudios de mercado o programas de desarrollo.<\\\/p>\\n\n\n<p><b>Apoyamos a<\\\/b><strong>:<\\\/strong><\\\/p>\\n\n\n<ul>\\n\n\n<li>Fabricantes de autom\\u00f3viles (OEMs)<\\\/li>\\n\n\n<li>Proveedores Tier 1 y Tier 2<\\\/li>\\n\n\n<li>Institutos de investigaci\\u00f3n de mercado<\\\/li>\\n\n\n<li>Empresas de ingenier\\u00eda y desarrollo<\\\/li>\\n<\\\/ul>\\n\n\n<p>Proveemos todo tipo de veh\\u00edculos a nuestros socios: de forma fiable, r\\u00e1pida y adaptada a sus requisitos. Desde la disponibilidad inmediata de modelos individuales hasta la planificaci\\u00f3n de flotas completas, garantizamos operaciones fluidas.<\\\/p>\",\"margin\":\"default\"}},{\"type\":\"divider\",\"props\":{\"divider_element\":\"hr\",\"margin_remove_top\":false}}]},{\"type\":\"column\",\"props\":{\"image_position\":\"center-center\",\"position_sticky_breakpoint\":\"m\",\"width_medium\":\"1-2\"},\"children\":[{\"type\":\"image\",\"props\":{\"animation\":\"slide-right-medium\",\"height_expand\":true,\"image\":\"wp-content\\\/uploads\\\/2025\\\/09\\\/AdobeStock_1672891805-scaled.jpg\",\"image_border\":\"rounded\",\"image_box_decoration\":\"secondary\",\"image_focal_point\":\"center-left\",\"image_svg_color\":\"emphasis\",\"margin\":\"default\"}}]}]}]},{\"type\":\"section\",\"props\":{\"image\":\"wp-content\\\/uploads\\\/2025\\\/09\\\/AdobeStock_1530628231-scaled.jpg\",\"image_position\":\"center-center\",\"image_size\":\"cover\",\"style\":\"secondary\",\"title_breakpoint\":\"xl\",\"title_position\":\"top-left\",\"title_rotation\":\"left\",\"vertical_align\":\"middle\",\"width\":\"large\"},\"children\":[{\"type\":\"row\",\"children\":[{\"type\":\"column\",\"props\":{\"image_position\":\"center-center\",\"position_sticky_breakpoint\":\"m\"},\"children\":[{\"type\":\"grid\",\"props\":{\"content_column_breakpoint\":\"m\",\"content_margin\":\"small\",\"filter_align\":\"left\",\"filter_all\":true,\"filter_grid_breakpoint\":\"m\",\"filter_grid_width\":\"auto\",\"filter_position\":\"top\",\"filter_style\":\"tab\",\"grid_column_align\":true,\"grid_default\":\"1\",\"grid_medium\":\"3\",\"grid_parallax_justify\":false,\"grid_row_align\":false,\"icon_width\":80,\"image_align\":\"top\",\"image_grid_breakpoint\":\"m\",\"image_grid_width\":\"1-2\",\"image_svg_color\":\"emphasis\",\"item_animation\":true,\"lightbox_bg_close\":true,\"link_style\":\"default\",\"link_text\":\"Read more\",\"margin\":\"default\",\"meta_align\":\"below-title\",\"meta_element\":\"div\",\"meta_style\":\"text-meta\",\"panel_padding\":\"small\",\"panel_style\":\"card-secondary\",\"show_content\":true,\"show_hover_image\":true,\"show_hover_video\":true,\"show_image\":true,\"show_link\":true,\"show_meta\":true,\"show_title\":true,\"show_video\":true,\"title_align\":\"top\",\"title_element\":\"h3\",\"title_grid_breakpoint\":\"m\",\"title_grid_width\":\"1-2\",\"title_hover_style\":\"reset\"},\"children\":[{\"type\":\"grid_item\",\"props\":{\"content\":\"\n\n<p>Veh\\u00edculos y flotas de prueba para evaluar conceptos y tecnolog\\u00edas innovadoras.<\\\/p>\",\"title\":\"Investigaci\\u00f3n & desarrollo\"}},{\"type\":\"grid_item\",\"props\":{\"content\":\"\n\n<p>Veh\\u00edculos pr\\u00e1cticos para sesiones de formaci\\u00f3n y presentaciones de producto.<\\\/p>\",\"title\":\"Formaci\\u00d3N De Producto & Formaci\\u00d3N Comercial\"}},{\"type\":\"grid_item\",\"props\":{\"content\":\"\n\n<p>Condiciones de prueba realistas para estudios de clientes y an\\u00e1lisis de mercado.<\\\/p>\",\"title\":\"Investigaci\\u00f3n de mercado \\\/ car clinic\"}},{\"type\":\"grid_item\",\"props\":{\"content\":\"\n\n<p>Pruebas completas de veh\\u00edculos y sistemas en instalaciones avanzadas.<\\\/p>\",\"title\":\"Pruebas completas en centros de ensayo\"}},{\"type\":\"grid_item\",\"props\":{\"content\":\"\n\n<p>Suministro flexible de veh\\u00edculos para ferias, roadshows y demostraciones en vivo.<\\\/p>\",\"title\":\"Presentaciones & eventos\"}},{\"type\":\"grid_item\",\"props\":{\"content\":\"\n\n<p>Soluciones de movilidad a medida seg\\u00fan los requisitos espec\\u00edficos.<\\\/p>\",\"title\":\"Asesoramiento personalizado\"}},{\"type\":\"grid_item\",\"props\":{\"content\":\"\n\n<p>Transporte fiable de veh\\u00edculos y suministro en cualquier destino.<\\\/p>\",\"title\":\"Log\\u00edstica mundial\"}}]},{\"type\":\"panel\",\"props\":{\"content_column_breakpoint\":\"m\",\"icon_width\":80,\"image_align\":\"top\",\"image_grid_breakpoint\":\"m\",\"image_grid_width\":\"1-2\",\"image_svg_color\":\"emphasis\",\"link\":\"es\\\/contacto\\\/\",\"link_style\":\"default\",\"link_text\":\"P\\u00f3ngase en contacto ahora\",\"margin\":\"medium\",\"meta_align\":\"below-title\",\"meta_element\":\"div\",\"meta_style\":\"text-meta\",\"panel_link\":true,\"panel_padding\":\"default\",\"panel_style\":\"card-primary\",\"text_align\":\"center\",\"title\":\"Encontramos El Veh\\u00cdCulo Adecuado Para Usted\",\"title_align\":\"top\",\"title_element\":\"h3\",\"title_grid_breakpoint\":\"m\",\"title_grid_width\":\"1-2\",\"title_hover_style\":\"reset\"},\"name\":\"button\"}]}]}]}],\"version\":\"4.5.33\"} --><\/p>\n","protected":false},"excerpt":{"rendered":"<p>Automoci\u00f3n El sector de la automoci\u00f3n se basa en la innovaci\u00f3n y la precisi\u00f3n. Para ello se necesitan veh\u00edculos que se ajusten exactamente a cada proyecto, ya sea para pruebas, estudios de mercado o programas de desarrollo. Apoyamos a: Fabricantes de autom\u00f3viles (OEMs) Proveedores Tier 1 y Tier 2 Institutos de investigaci\u00f3n de mercado Empresas [&hellip;]<\/p>\n","protected":false},"author":14,"featured_media":0,"parent":0,"menu_order":0,"comment_status":"closed","ping_status":"closed","template":"","meta":{"footnotes":""},"class_list":["post-597","page","type-page","status-publish","hentry"],"yoast_head":"<!-- This site is optimized with the Yoast SEO plugin v27.5 - https:\/\/yoast.com\/product\/yoast-seo-wordpress\/ -->\n<title>Automoci\u00f3n - ProRent GmbH<\/title>\n<meta name=\"robots\" content=\"index, follow, max-snippet:-1, max-image-preview:large, max-video-preview:-1\" \/>\n<link rel=\"canonical\" href=\"https:\/\/www.prorent.eu\/es\/automocion\/\" \/>\n<meta property=\"og:locale\" content=\"es_ES\" \/>\n<meta property=\"og:type\" content=\"article\" \/>\n<meta property=\"og:title\" content=\"Automoci\u00f3n - ProRent GmbH\" \/>\n<meta property=\"og:description\" content=\"Automoci\u00f3n El sector de la automoci\u00f3n se basa en la innovaci\u00f3n y la precisi\u00f3n. Para ello se necesitan veh\u00edculos que se ajusten exactamente a cada proyecto, ya sea para pruebas, estudios de mercado o programas de desarrollo. Apoyamos a: Fabricantes de autom\u00f3viles (OEMs) Proveedores Tier 1 y Tier 2 Institutos de investigaci\u00f3n de mercado Empresas [&hellip;]\" \/>\n<meta property=\"og:url\" content=\"https:\/\/www.prorent.eu\/es\/automocion\/\" \/>\n<meta property=\"og:site_name\" content=\"ProRent GmbH\" \/>\n<meta property=\"article:modified_time\" content=\"2025-12-23T15:23:26+00:00\" \/>\n<meta name=\"twitter:card\" content=\"summary_large_image\" \/>\n<meta name=\"twitter:label1\" content=\"Tiempo de lectura\" \/>\n\t<meta name=\"twitter:data1\" content=\"1 minuto\" \/>\n<script type=\"application\/ld+json\" class=\"yoast-schema-graph\">{\"@context\":\"https:\\\/\\\/schema.org\",\"@graph\":[{\"@type\":\"WebPage\",\"@id\":\"https:\\\/\\\/www.prorent.eu\\\/es\\\/automocion\\\/\",\"url\":\"https:\\\/\\\/www.prorent.eu\\\/es\\\/automocion\\\/\",\"name\":\"Automoci\u00f3n - ProRent GmbH\",\"isPartOf\":{\"@id\":\"https:\\\/\\\/www.prorent.eu\\\/es\\\/#website\"},\"datePublished\":\"2025-09-05T06:53:47+00:00\",\"dateModified\":\"2025-12-23T15:23:26+00:00\",\"breadcrumb\":{\"@id\":\"https:\\\/\\\/www.prorent.eu\\\/es\\\/automocion\\\/#breadcrumb\"},\"inLanguage\":\"es\",\"potentialAction\":[{\"@type\":\"ReadAction\",\"target\":[\"https:\\\/\\\/www.prorent.eu\\\/es\\\/automocion\\\/\"]}]},{\"@type\":\"BreadcrumbList\",\"@id\":\"https:\\\/\\\/www.prorent.eu\\\/es\\\/automocion\\\/#breadcrumb\",\"itemListElement\":[{\"@type\":\"ListItem\",\"position\":1,\"name\":\"Startseite\",\"item\":\"https:\\\/\\\/www.prorent.eu\\\/es\\\/\"},{\"@type\":\"ListItem\",\"position\":2,\"name\":\"Automoci\u00f3n\"}]},{\"@type\":\"WebSite\",\"@id\":\"https:\\\/\\\/www.prorent.eu\\\/es\\\/#website\",\"url\":\"https:\\\/\\\/www.prorent.eu\\\/es\\\/\",\"name\":\"ProRent GmbH\",\"description\":\"Website f\u00fcr\",\"potentialAction\":[{\"@type\":\"SearchAction\",\"target\":{\"@type\":\"EntryPoint\",\"urlTemplate\":\"https:\\\/\\\/www.prorent.eu\\\/es\\\/?s={search_term_string}\"},\"query-input\":{\"@type\":\"PropertyValueSpecification\",\"valueRequired\":true,\"valueName\":\"search_term_string\"}}],\"inLanguage\":\"es\"}]}<\/script>\n<!-- \/ Yoast SEO plugin. -->","yoast_head_json":{"title":"Automoci\u00f3n - ProRent GmbH","robots":{"index":"index","follow":"follow","max-snippet":"max-snippet:-1","max-image-preview":"max-image-preview:large","max-video-preview":"max-video-preview:-1"},"canonical":"https:\/\/www.prorent.eu\/es\/automocion\/","og_locale":"es_ES","og_type":"article","og_title":"Automoci\u00f3n - ProRent GmbH","og_description":"Automoci\u00f3n El sector de la automoci\u00f3n se basa en la innovaci\u00f3n y la precisi\u00f3n. Para ello se necesitan veh\u00edculos que se ajusten exactamente a cada proyecto, ya sea para pruebas, estudios de mercado o programas de desarrollo. Apoyamos a: Fabricantes de autom\u00f3viles (OEMs) Proveedores Tier 1 y Tier 2 Institutos de investigaci\u00f3n de mercado Empresas [&hellip;]","og_url":"https:\/\/www.prorent.eu\/es\/automocion\/","og_site_name":"ProRent GmbH","article_modified_time":"2025-12-23T15:23:26+00:00","twitter_card":"summary_large_image","twitter_misc":{"Tiempo de lectura":"1 minuto"},"schema":{"@context":"https:\/\/schema.org","@graph":[{"@type":"WebPage","@id":"https:\/\/www.prorent.eu\/es\/automocion\/","url":"https:\/\/www.prorent.eu\/es\/automocion\/","name":"Automoci\u00f3n - ProRent GmbH","isPartOf":{"@id":"https:\/\/www.prorent.eu\/es\/#website"},"datePublished":"2025-09-05T06:53:47+00:00","dateModified":"2025-12-23T15:23:26+00:00","breadcrumb":{"@id":"https:\/\/www.prorent.eu\/es\/automocion\/#breadcrumb"},"inLanguage":"es","potentialAction":[{"@type":"ReadAction","target":["https:\/\/www.prorent.eu\/es\/automocion\/"]}]},{"@type":"BreadcrumbList","@id":"https:\/\/www.prorent.eu\/es\/automocion\/#breadcrumb","itemListElement":[{"@type":"ListItem","position":1,"name":"Startseite","item":"https:\/\/www.prorent.eu\/es\/"},{"@type":"ListItem","position":2,"name":"Automoci\u00f3n"}]},{"@type":"WebSite","@id":"https:\/\/www.prorent.eu\/es\/#website","url":"https:\/\/www.prorent.eu\/es\/","name":"ProRent GmbH","description":"Website f\u00fcr","potentialAction":[{"@type":"SearchAction","target":{"@type":"EntryPoint","urlTemplate":"https:\/\/www.prorent.eu\/es\/?s={search_term_string}"},"query-input":{"@type":"PropertyValueSpecification","valueRequired":true,"valueName":"search_term_string"}}],"inLanguage":"es"}]}},"_links":{"self":[{"href":"https:\/\/www.prorent.eu\/es\/wp-json\/wp\/v2\/pages\/597","targetHints":{"allow":["GET"]}}],"collection":[{"href":"https:\/\/www.prorent.eu\/es\/wp-json\/wp\/v2\/pages"}],"about":[{"href":"https:\/\/www.prorent.eu\/es\/wp-json\/wp\/v2\/types\/page"}],"author":[{"embeddable":true,"href":"https:\/\/www.prorent.eu\/es\/wp-json\/wp\/v2\/users\/14"}],"replies":[{"embeddable":true,"href":"https:\/\/www.prorent.eu\/es\/wp-json\/wp\/v2\/comments?post=597"}],"version-history":[{"count":6,"href":"https:\/\/www.prorent.eu\/es\/wp-json\/wp\/v2\/pages\/597\/revisions"}],"predecessor-version":[{"id":651,"href":"https:\/\/www.prorent.eu\/es\/wp-json\/wp\/v2\/pages\/597\/revisions\/651"}],"wp:attachment":[{"href":"https:\/\/www.prorent.eu\/es\/wp-json\/wp\/v2\/media?parent=597"}],"curies":[{"name":"wp","href":"https:\/\/api.w.org\/{rel}","templated":true}]}}