{"id":588,"date":"2023-02-06T08:53:07","date_gmt":"2023-02-06T08:53:07","guid":{"rendered":"https:\/\/www.prorent.eu\/startseite\/"},"modified":"2025-12-23T14:39:29","modified_gmt":"2025-12-23T14:39:29","slug":"inicio","status":"publish","type":"page","link":"https:\/\/www.prorent.eu\/es\/","title":{"rendered":"Inicio"},"content":{"rendered":"<ul>\n<li>\n<p>        <img decoding=\"async\" src=\"\/wp-content\/uploads\/2025\/11\/Bildschirmfoto-2025-11-15-um-15.08.23.png\" alt=\"\"><\/p>\n<h2>\u00bfquiere alquilar un veh\u00edculo?<\/h2>\n<p><a href=\"https:\/\/www.prorent.eu\/es\/contacto\/\">Solic\u00edtelo ahora<\/a><\/p>\n<\/li>\n<li>\n<p>        <img decoding=\"async\" src=\"\/wp-content\/uploads\/2025\/09\/AdobeStock_282077531-scaled.jpg\" alt=\"\"><\/p>\n<h2>Investigaci\u00d3N Y Desarrollo En El Sector De La Automoci\u00d3N<\/h2>\n<p><a href=\"https:\/\/www.prorent.eu\/es\/automocion\/\">Automoci\u00f3n<\/a><\/p>\n<\/li>\n<li>\n<p>        <img decoding=\"async\" src=\"\/wp-content\/uploads\/2025\/09\/AdobeStock_1412454105-scaled.jpg\" alt=\"\"><\/p>\n<h2>Gesti\u00d3N De Flotas &#038; Servicios De Sustituci\u00d3N De Veh\u00cdCulos<\/h2>\n<p><a href=\"https:\/\/www.prorent.eu\/es\/soluciones-de-movilidad\/\">Soluciones de movilidad<\/a><\/p>\n<\/li>\n<\/ul>\n<div>\n<h1>ProRent GmbH<\/h1>\n<\/div>\n<hr>\n<div>\n<p style=\"font-weight: 400;\">Desde 2003, ProRent GmbH representa soluciones de movilidad personalizadas y fiables. Con sede en Lohmar y un equipo de profesionales experimentados, estamos especializados en la provisi\u00f3n de veh\u00edculos para la industria automotriz, as\u00ed como en servicios de gesti\u00f3n de flotas y veh\u00edculos de sustituci\u00f3n.<\/p>\n<\/div>\n<div>\n<p style=\"font-weight: 400;\">Ya sea para investigaci\u00f3n y desarrollo, veh\u00edculos de sustituci\u00f3n por accidente o de taller, nos aseguramos de que los veh\u00edculos adecuados est\u00e9n disponibles para usted de forma r\u00e1pida y sencilla. Empresas y socios de los m\u00e1s diversos sectores conf\u00edan en nuestra amplia experiencia, nuestros cortos tiempos de respuesta y la m\u00e1xima calidad de servicio.<\/p>\n<\/div>\n<hr>\n<p><p>\n        <a href=\"https:\/\/www.prorent.eu\/es\/contacto\/\">P\u00f3nganos a prueba<\/a>\n    <\/p>\n<\/p>\n<p><img decoding=\"async\" src=\"\/wp-content\/uploads\/2025\/09\/AdobeStock_647492977-scaled.jpg\" alt=\"\"><\/p>\n<div>\n<h2>Nuestras fortalezas<\/h2>\n<\/div>\n<ul>\n<li>\n<h3>Rapidez<\/h3>\n<div>\n<p>R\u00e1pida disponibilidad de veh\u00edculos<\/p>\n<\/div>\n<\/li>\n<li>\n<h3>Equipo experto<\/h3>\n<div>\n<p>Un equipo altamente cualificado y experimentado<\/p>\n<\/div>\n<\/li>\n<li>\n<h3>Capacidad de respuesta<\/h3>\n<div>Tiempos de respuesta r\u00e1pidos<\/div>\n<\/li>\n<li>\n<h3>Servicio<\/h3>\n<div>M\u00e1xima exigencia de calidad<\/div>\n<\/li>\n<li>\n<h3>Estabilidad<\/h3>\n<div>M\u00e1s de 20 a\u00f1os de presencia estable en el mercado<\/div>\n<\/li>\n<li>\n<h3>Sello de calidad<\/h3>\n<div>certificado seg\u00fan DIN ISO 9001<\/div>\n<\/li>\n<\/ul>\n<ul>\n<li>\n<p>        <img decoding=\"async\" src=\"\/wp-content\/uploads\/2025\/09\/rim.svg\" alt=\"\"><\/p>\n<h2>Automoci\u00f3n<\/h2>\n<p><a href=\"https:\/\/www.prorent.eu\/es\/automocion\/\"><\/a><\/p>\n<\/li>\n<li>\n<p>        <img decoding=\"async\" src=\"\/wp-content\/uploads\/2025\/09\/transport.svg\" alt=\"\"><\/p>\n<h2>Soluciones de movilidad<\/h2>\n<p><a href=\"https:\/\/www.prorent.eu\/es\/soluciones-de-movilidad\/\"><\/a><\/p>\n<\/li>\n<\/ul>\n<p><!--more--><br \/>\n<!-- {\"type\":\"layout\",\"children\":[{\"type\":\"section\",\"props\":{\"image_position\":\"center-center\",\"padding_remove_bottom\":true,\"padding_remove_top\":true,\"style\":\"default\",\"title_breakpoint\":\"xl\",\"title_position\":\"top-left\",\"title_rotation\":\"left\",\"vertical_align\":\"middle\",\"width\":\"\"},\"children\":[{\"type\":\"row\",\"children\":[{\"type\":\"column\",\"props\":{\"image_position\":\"center-center\",\"position_sticky_breakpoint\":\"m\"},\"children\":[{\"type\":\"slideshow\",\"props\":{\"link_style\":\"default\",\"link_text\":\"Read more\",\"margin\":\"default\",\"meta_align\":\"below-title\",\"meta_element\":\"div\",\"meta_style\":\"text-meta\",\"nav\":\"thumbnav\",\"nav_align\":\"center\",\"nav_breakpoint\":\"s\",\"nav_position\":\"bottom-center\",\"nav_position_margin\":\"medium\",\"overlay_animation\":\"parallax\",\"overlay_position\":\"center-left\",\"overlay_style\":\"overlay-primary\",\"show_content\":true,\"show_link\":true,\"show_meta\":true,\"show_thumbnail\":true,\"show_title\":true,\"slidenav\":\"\",\"slidenav_breakpoint\":\"s\",\"slidenav_margin\":\"medium\",\"slidenav_outside_breakpoint\":\"xl\",\"slideshow_animation\":\"fade\",\"slideshow_autoplay\":true,\"slideshow_autoplay_pause\":false,\"slideshow_kenburns\":\"top-left\",\"slideshow_max_height\":\"600\",\"slideshow_min_height\":300,\"text_align\":\"center\",\"thumbnav_height\":\"75\",\"thumbnav_svg_color\":\"emphasis\",\"thumbnav_width\":\"100\",\"title_element\":\"h2\",\"title_hover_style\":\"reset\"},\"children\":[{\"type\":\"slideshow_item\",\"props\":{\"image\":\"wp-content\\\/uploads\\\/2025\\\/11\\\/Bildschirmfoto-2025-11-15-um-15.08.23.png\",\"link\":\"es\\\/contacto\\\/\",\"link_text\":\"Solic\\u00edtelo ahora\",\"title\":\"\\u00bfquiere alquilar un veh\\u00edculo?\"}},{\"type\":\"slideshow_item\",\"props\":{\"image\":\"wp-content\\\/uploads\\\/2025\\\/09\\\/AdobeStock_282077531-scaled.jpg\",\"link\":\"es\\\/automocion\\\/\",\"link_text\":\"Automoci\\u00f3n\",\"title\":\"Investigaci\\u00d3N Y Desarrollo En El Sector De La Automoci\\u00d3N\"}},{\"type\":\"slideshow_item\",\"props\":{\"image\":\"wp-content\\\/uploads\\\/2025\\\/09\\\/AdobeStock_1412454105-scaled.jpg\",\"link\":\"es\\\/soluciones-de-movilidad\\\/\",\"link_text\":\"Soluciones de movilidad\",\"title\":\"Gesti\\u00d3N De Flotas & Servicios De Sustituci\\u00d3N De Veh\\u00cdCulos\"}}]}]}]}]},{\"type\":\"section\",\"props\":{\"animation\":\"fade\",\"animation_delay\":\"150\",\"image_position\":\"center-center\",\"style\":\"default\",\"title_breakpoint\":\"xl\",\"title_position\":\"top-left\",\"title_rotation\":\"left\",\"vertical_align\":\"middle\",\"width\":\"large\"},\"children\":[{\"type\":\"row\",\"props\":{\"layout\":\"1-2,1-2\"},\"children\":[{\"type\":\"column\",\"props\":{\"image_position\":\"center-center\",\"position_sticky_breakpoint\":\"m\",\"width_medium\":\"1-2\"},\"children\":[{\"type\":\"panel\",\"props\":{\"content_column_breakpoint\":\"m\",\"icon_width\":80,\"image_align\":\"top\",\"image_grid_breakpoint\":\"m\",\"image_grid_width\":\"1-2\",\"image_svg_color\":\"emphasis\",\"link_style\":\"default\",\"link_text\":\"Read more\",\"margin\":\"default\",\"meta_align\":\"below-title\",\"meta_element\":\"div\",\"meta_style\":\"text-meta\",\"title\":\"ProRent GmbH\",\"title_align\":\"top\",\"title_decoration\":\"bullet\",\"title_element\":\"h1\",\"title_grid_breakpoint\":\"m\",\"title_grid_width\":\"1-2\",\"title_hover_style\":\"reset\",\"title_style\":\"h1\"}},{\"type\":\"divider\",\"props\":{\"divider_element\":\"hr\",\"margin_remove_top\":false}},{\"type\":\"text\",\"props\":{\"column_breakpoint\":\"m\",\"content\":\"\n\n<p style=\\\"font-weight: 400;\\\">Desde 2003, ProRent GmbH representa soluciones de movilidad personalizadas y fiables. Con sede en Lohmar y un equipo de profesionales experimentados, estamos especializados en la provisi\\u00f3n de veh\\u00edculos para la industria automotriz, as\\u00ed como en servicios de gesti\\u00f3n de flotas y veh\\u00edculos de sustituci\\u00f3n.<\\\/p>\",\"margin\":\"default\"}},{\"type\":\"text\",\"props\":{\"column_breakpoint\":\"m\",\"content\":\"\n\n<p style=\\\"font-weight: 400;\\\">Ya sea para investigaci\\u00f3n y desarrollo, veh\\u00edculos de sustituci\\u00f3n por accidente o de taller, nos aseguramos de que los veh\\u00edculos adecuados est\\u00e9n disponibles para usted de forma r\\u00e1pida y sencilla. Empresas y socios de los m\\u00e1s diversos sectores conf\\u00edan en nuestra amplia experiencia, nuestros cortos tiempos de respuesta y la m\\u00e1xima calidad de servicio.<\\\/p>\",\"margin\":\"default\"}},{\"type\":\"divider\",\"props\":{\"divider_element\":\"hr\",\"margin_remove_top\":false}},{\"type\":\"button\",\"props\":{\"grid_column_gap\":\"small\",\"grid_row_gap\":\"small\",\"margin\":\"medium\"},\"children\":[{\"type\":\"button_item\",\"props\":{\"button_style\":\"primary\",\"content\":\"P\\u00f3nganos a prueba\",\"dialog_layout\":\"modal\",\"dialog_offcanvas_flip\":true,\"icon_align\":\"left\",\"link\":\"es\\\/contacto\\\/\"}}]}]},{\"type\":\"column\",\"props\":{\"image_position\":\"center-center\",\"position_sticky_breakpoint\":\"m\",\"width_medium\":\"1-2\"},\"children\":[{\"type\":\"image\",\"props\":{\"animation\":\"slide-right-medium\",\"height_expand\":true,\"image\":\"wp-content\\\/uploads\\\/2025\\\/09\\\/AdobeStock_647492977-scaled.jpg\",\"image_border\":\"rounded\",\"image_box_decoration\":\"secondary\",\"image_svg_color\":\"emphasis\",\"margin\":\"default\"}}]}]}]},{\"type\":\"section\",\"props\":{\"image_position\":\"center-center\",\"style\":\"muted\",\"title_breakpoint\":\"xl\",\"title_position\":\"top-left\",\"title_rotation\":\"left\",\"vertical_align\":\"middle\",\"width\":\"default\"},\"children\":[{\"type\":\"row\",\"children\":[{\"type\":\"column\",\"props\":{\"image_position\":\"center-center\",\"position_sticky_breakpoint\":\"m\"},\"children\":[{\"type\":\"panel\",\"props\":{\"content_column_breakpoint\":\"m\",\"icon_width\":80,\"image_align\":\"top\",\"image_grid_breakpoint\":\"m\",\"image_grid_width\":\"1-2\",\"image_svg_color\":\"emphasis\",\"link_style\":\"default\",\"link_text\":\"Read more\",\"margin\":\"default\",\"meta_align\":\"below-title\",\"meta_element\":\"div\",\"meta_style\":\"text-meta\",\"title\":\"Nuestras fortalezas\",\"title_align\":\"top\",\"title_decoration\":\"bullet\",\"title_element\":\"h2\",\"title_grid_breakpoint\":\"m\",\"title_grid_width\":\"1-2\",\"title_hover_style\":\"reset\",\"title_style\":\"h2\"}},{\"type\":\"grid\",\"props\":{\"content_column_breakpoint\":\"m\",\"content_margin\":\"remove\",\"filter_align\":\"left\",\"filter_all\":true,\"filter_grid_breakpoint\":\"m\",\"filter_grid_width\":\"auto\",\"filter_position\":\"top\",\"filter_style\":\"tab\",\"grid_default\":\"1\",\"grid_medium\":\"3\",\"grid_small\":\"2\",\"icon_width\":80,\"image_align\":\"top\",\"image_grid_breakpoint\":\"m\",\"image_grid_width\":\"1-2\",\"image_svg_color\":\"emphasis\",\"item_animation\":true,\"lightbox_bg_close\":true,\"link_style\":\"default\",\"link_text\":\"Read more\",\"margin\":\"remove-vertical\",\"meta_align\":\"below-title\",\"meta_element\":\"div\",\"meta_style\":\"text-meta\",\"panel_padding\":\"small\",\"panel_style\":\"card-secondary\",\"show_content\":true,\"show_hover_image\":true,\"show_hover_video\":true,\"show_image\":true,\"show_link\":true,\"show_meta\":true,\"show_title\":true,\"show_video\":true,\"text_align\":\"center\",\"title_align\":\"top\",\"title_element\":\"h3\",\"title_grid_breakpoint\":\"m\",\"title_grid_width\":\"1-2\",\"title_hover_style\":\"reset\",\"title_style\":\"h3\"},\"children\":[{\"type\":\"grid_item\",\"props\":{\"content\":\"\n\n<p>R\\u00e1pida disponibilidad de veh\\u00edculos<\\\/p>\",\"title\":\"Rapidez\"}},{\"type\":\"grid_item\",\"props\":{\"content\":\"\n\n<p>Un equipo altamente cualificado y experimentado<\\\/p>\",\"title\":\"Equipo experto\"}},{\"type\":\"grid_item\",\"props\":{\"content\":\"Tiempos de respuesta r\\u00e1pidos\",\"title\":\"Capacidad de respuesta\"}},{\"type\":\"grid_item\",\"props\":{\"content\":\"M\\u00e1xima exigencia de calidad\",\"title\":\"Servicio\"}},{\"type\":\"grid_item\",\"props\":{\"content\":\"M\\u00e1s de 20 a\\u00f1os de presencia estable en el mercado\",\"title\":\"Estabilidad\"}},{\"type\":\"grid_item\",\"props\":{\"content\":\"certificado seg\\u00fan DIN ISO 9001\",\"image\":\"\",\"meta\":\"\",\"title\":\"Sello de calidad\"}}]}]}]}]},{\"type\":\"section\",\"props\":{\"image\":\"wp-content\\\/uploads\\\/2025\\\/09\\\/AdobeStock_1530628231-scaled.jpg\",\"image_position\":\"center-center\",\"image_size\":\"cover\",\"style\":\"secondary\",\"title_breakpoint\":\"xl\",\"title_position\":\"top-left\",\"title_rotation\":\"left\",\"vertical_align\":\"middle\",\"width\":\"small\"},\"children\":[{\"type\":\"row\",\"children\":[{\"type\":\"column\",\"props\":{\"image_position\":\"center-center\",\"position_sticky_breakpoint\":\"m\"},\"children\":[{\"type\":\"grid\",\"props\":{\"content_column_breakpoint\":\"m\",\"filter_align\":\"left\",\"filter_all\":true,\"filter_grid_breakpoint\":\"m\",\"filter_grid_width\":\"auto\",\"filter_position\":\"top\",\"filter_style\":\"tab\",\"grid_default\":\"1\",\"grid_medium\":\"2\",\"grid_small\":\"2\",\"icon_width\":80,\"image_align\":\"left\",\"image_grid_breakpoint\":\"s\",\"image_grid_column_gap\":\"small\",\"image_grid_width\":\"auto\",\"image_height\":60,\"image_svg_color\":\"emphasis\",\"image_svg_inline\":true,\"image_vertical_align\":true,\"item_animation\":true,\"lightbox_bg_close\":true,\"link_style\":\"default\",\"link_text\":\"\",\"margin\":\"default\",\"meta_align\":\"below-title\",\"meta_element\":\"div\",\"meta_style\":\"text-meta\",\"panel_image_no_padding\":false,\"panel_link\":true,\"panel_padding\":\"small\",\"panel_style\":\"card-primary\",\"show_content\":true,\"show_hover_image\":true,\"show_hover_video\":true,\"show_image\":true,\"show_link\":true,\"show_meta\":true,\"show_title\":true,\"show_video\":true,\"text_align\":\"center\",\"title_align\":\"top\",\"title_element\":\"h2\",\"title_grid_breakpoint\":\"m\",\"title_grid_width\":\"1-2\",\"title_hover_style\":\"reset\",\"title_margin\":\"small\",\"title_style\":\"h3\"},\"children\":[{\"type\":\"grid_item\",\"props\":{\"image\":\"wp-content\\\/uploads\\\/2025\\\/09\\\/rim.svg\",\"link\":\"es\\\/automocion\\\/\",\"title\":\"Automoci\\u00f3n\"}},{\"type\":\"grid_item\",\"props\":{\"image\":\"wp-content\\\/uploads\\\/2025\\\/09\\\/transport.svg\",\"link\":\"es\\\/soluciones-de-movilidad\\\/\",\"title\":\"Soluciones de movilidad\"}}]}]}]}]}],\"version\":\"4.5.33\"} --><\/p>\n","protected":false},"excerpt":{"rendered":"<p>\u00bfquiere alquilar un veh\u00edculo? Solic\u00edtelo ahora Investigaci\u00d3N Y Desarrollo En El Sector De La Automoci\u00d3N Automoci\u00f3n Gesti\u00d3N De Flotas &#038; Servicios De Sustituci\u00d3N De Veh\u00cdCulos Soluciones de movilidad ProRent GmbH Desde 2003, ProRent GmbH representa soluciones de movilidad personalizadas y fiables. Con sede en Lohmar y un equipo de profesionales experimentados, estamos especializados en la [&hellip;]<\/p>\n","protected":false},"author":1,"featured_media":0,"parent":0,"menu_order":0,"comment_status":"closed","ping_status":"closed","template":"","meta":{"footnotes":""},"class_list":["post-588","page","type-page","status-publish","hentry"],"yoast_head":"<!-- This site is optimized with the Yoast SEO plugin v27.5 - https:\/\/yoast.com\/product\/yoast-seo-wordpress\/ -->\n<title>ProRent GmbH - your automotive partner<\/title>\n<meta name=\"description\" content=\"Die ProRent GmbH ist seit 2003 Ihr zuverl\u00e4ssiger Partner f\u00fcr den Automotive Bereich und ma\u00dfgeschneiderte Mobilit\u00e4tsl\u00f6sungen.\" \/>\n<meta name=\"robots\" content=\"index, follow, max-snippet:-1, max-image-preview:large, max-video-preview:-1\" \/>\n<link rel=\"canonical\" href=\"https:\/\/www.prorent.eu\/es\/\" \/>\n<meta property=\"og:locale\" content=\"es_ES\" \/>\n<meta property=\"og:type\" content=\"article\" \/>\n<meta property=\"og:title\" content=\"ProRent GmbH - your automotive partner\" \/>\n<meta property=\"og:description\" content=\"Die ProRent GmbH ist seit 2003 Ihr zuverl\u00e4ssiger Partner f\u00fcr den Automotive Bereich und ma\u00dfgeschneiderte Mobilit\u00e4tsl\u00f6sungen.\" \/>\n<meta property=\"og:url\" content=\"https:\/\/www.prorent.eu\/es\/\" \/>\n<meta property=\"og:site_name\" content=\"ProRent GmbH\" \/>\n<meta property=\"article:modified_time\" content=\"2025-12-23T14:39:29+00:00\" \/>\n<meta name=\"twitter:card\" content=\"summary_large_image\" \/>\n<meta name=\"twitter:label1\" content=\"Tiempo de lectura\" \/>\n\t<meta name=\"twitter:data1\" content=\"1 minuto\" \/>\n<script type=\"application\/ld+json\" class=\"yoast-schema-graph\">{\"@context\":\"https:\\\/\\\/schema.org\",\"@graph\":[{\"@type\":\"WebPage\",\"@id\":\"https:\\\/\\\/www.prorent.eu\\\/es\\\/\",\"url\":\"https:\\\/\\\/www.prorent.eu\\\/es\\\/\",\"name\":\"ProRent GmbH - your automotive partner\",\"isPartOf\":{\"@id\":\"https:\\\/\\\/www.prorent.eu\\\/es\\\/#website\"},\"datePublished\":\"2023-02-06T08:53:07+00:00\",\"dateModified\":\"2025-12-23T14:39:29+00:00\",\"description\":\"Die ProRent GmbH ist seit 2003 Ihr zuverl\u00e4ssiger Partner f\u00fcr den Automotive Bereich und ma\u00dfgeschneiderte Mobilit\u00e4tsl\u00f6sungen.\",\"breadcrumb\":{\"@id\":\"https:\\\/\\\/www.prorent.eu\\\/es\\\/#breadcrumb\"},\"inLanguage\":\"es\",\"potentialAction\":[{\"@type\":\"ReadAction\",\"target\":[\"https:\\\/\\\/www.prorent.eu\\\/es\\\/\"]}]},{\"@type\":\"BreadcrumbList\",\"@id\":\"https:\\\/\\\/www.prorent.eu\\\/es\\\/#breadcrumb\",\"itemListElement\":[{\"@type\":\"ListItem\",\"position\":1,\"name\":\"Startseite\",\"item\":\"https:\\\/\\\/www.prorent.eu\\\/es\\\/\"},{\"@type\":\"ListItem\",\"position\":2,\"name\":\"Inicio\"}]},{\"@type\":\"WebSite\",\"@id\":\"https:\\\/\\\/www.prorent.eu\\\/es\\\/#website\",\"url\":\"https:\\\/\\\/www.prorent.eu\\\/es\\\/\",\"name\":\"ProRent GmbH\",\"description\":\"Website f\u00fcr\",\"potentialAction\":[{\"@type\":\"SearchAction\",\"target\":{\"@type\":\"EntryPoint\",\"urlTemplate\":\"https:\\\/\\\/www.prorent.eu\\\/es\\\/?s={search_term_string}\"},\"query-input\":{\"@type\":\"PropertyValueSpecification\",\"valueRequired\":true,\"valueName\":\"search_term_string\"}}],\"inLanguage\":\"es\"}]}<\/script>\n<!-- \/ Yoast SEO plugin. -->","yoast_head_json":{"title":"ProRent GmbH - your automotive partner","description":"Die ProRent GmbH ist seit 2003 Ihr zuverl\u00e4ssiger Partner f\u00fcr den Automotive Bereich und ma\u00dfgeschneiderte Mobilit\u00e4tsl\u00f6sungen.","robots":{"index":"index","follow":"follow","max-snippet":"max-snippet:-1","max-image-preview":"max-image-preview:large","max-video-preview":"max-video-preview:-1"},"canonical":"https:\/\/www.prorent.eu\/es\/","og_locale":"es_ES","og_type":"article","og_title":"ProRent GmbH - your automotive partner","og_description":"Die ProRent GmbH ist seit 2003 Ihr zuverl\u00e4ssiger Partner f\u00fcr den Automotive Bereich und ma\u00dfgeschneiderte Mobilit\u00e4tsl\u00f6sungen.","og_url":"https:\/\/www.prorent.eu\/es\/","og_site_name":"ProRent GmbH","article_modified_time":"2025-12-23T14:39:29+00:00","twitter_card":"summary_large_image","twitter_misc":{"Tiempo de lectura":"1 minuto"},"schema":{"@context":"https:\/\/schema.org","@graph":[{"@type":"WebPage","@id":"https:\/\/www.prorent.eu\/es\/","url":"https:\/\/www.prorent.eu\/es\/","name":"ProRent GmbH - your automotive partner","isPartOf":{"@id":"https:\/\/www.prorent.eu\/es\/#website"},"datePublished":"2023-02-06T08:53:07+00:00","dateModified":"2025-12-23T14:39:29+00:00","description":"Die ProRent GmbH ist seit 2003 Ihr zuverl\u00e4ssiger Partner f\u00fcr den Automotive Bereich und ma\u00dfgeschneiderte Mobilit\u00e4tsl\u00f6sungen.","breadcrumb":{"@id":"https:\/\/www.prorent.eu\/es\/#breadcrumb"},"inLanguage":"es","potentialAction":[{"@type":"ReadAction","target":["https:\/\/www.prorent.eu\/es\/"]}]},{"@type":"BreadcrumbList","@id":"https:\/\/www.prorent.eu\/es\/#breadcrumb","itemListElement":[{"@type":"ListItem","position":1,"name":"Startseite","item":"https:\/\/www.prorent.eu\/es\/"},{"@type":"ListItem","position":2,"name":"Inicio"}]},{"@type":"WebSite","@id":"https:\/\/www.prorent.eu\/es\/#website","url":"https:\/\/www.prorent.eu\/es\/","name":"ProRent GmbH","description":"Website f\u00fcr","potentialAction":[{"@type":"SearchAction","target":{"@type":"EntryPoint","urlTemplate":"https:\/\/www.prorent.eu\/es\/?s={search_term_string}"},"query-input":{"@type":"PropertyValueSpecification","valueRequired":true,"valueName":"search_term_string"}}],"inLanguage":"es"}]}},"_links":{"self":[{"href":"https:\/\/www.prorent.eu\/es\/wp-json\/wp\/v2\/pages\/588","targetHints":{"allow":["GET"]}}],"collection":[{"href":"https:\/\/www.prorent.eu\/es\/wp-json\/wp\/v2\/pages"}],"about":[{"href":"https:\/\/www.prorent.eu\/es\/wp-json\/wp\/v2\/types\/page"}],"author":[{"embeddable":true,"href":"https:\/\/www.prorent.eu\/es\/wp-json\/wp\/v2\/users\/1"}],"replies":[{"embeddable":true,"href":"https:\/\/www.prorent.eu\/es\/wp-json\/wp\/v2\/comments?post=588"}],"version-history":[{"count":6,"href":"https:\/\/www.prorent.eu\/es\/wp-json\/wp\/v2\/pages\/588\/revisions"}],"predecessor-version":[{"id":625,"href":"https:\/\/www.prorent.eu\/es\/wp-json\/wp\/v2\/pages\/588\/revisions\/625"}],"wp:attachment":[{"href":"https:\/\/www.prorent.eu\/es\/wp-json\/wp\/v2\/media?parent=588"}],"curies":[{"name":"wp","href":"https:\/\/api.w.org\/{rel}","templated":true}]}}