{"id":379,"date":"2023-02-06T08:53:20","date_gmt":"2023-02-06T08:53:20","guid":{"rendered":"https:\/\/www.prorent.eu\/impressum\/"},"modified":"2025-12-23T15:15:58","modified_gmt":"2025-12-23T15:15:58","slug":"imprint","status":"publish","type":"page","link":"https:\/\/www.prorent.eu\/en\/imprint\/","title":{"rendered":"Imprint"},"content":{"rendered":"<h1>Imprint<\/h1>\n<div>\n<p><strong><span>Represented by the Managing Director<\/span>:<\/strong> Alexander Stenmans<\/p>\n<h2 class=\"uk-text-large uk-margin-remove-bottom\">ProRent GmbH<\/h2>\n<p>Im Rohnweiher 12, 53797 Lohmar, Germany<br \/><strong>E-Mail:<\/strong> info@prorent.eu<br \/><strong>Phone:<\/strong> +49 (0) 2205 92016-0<br \/><strong>Fax:<\/strong> +49 (0) 2205 92016-66<strong><\/strong><\/p>\n<p><strong>Vat identification number according to \u00a727a German Vat Act:<\/strong> DE 227066632<\/p>\n<\/div>\n<div>\n<h3>Dispute resolution<\/h3>\r\n<p>Online dispute resolution pursuant to Art. 14 para. 1 ODR-VO:\r\nThe European Commission provides a platform for online dispute resolution (OS), which you can find at http:\/\/ec.europa.eu\/consumers\/odr.\r\n<\/p>\r\n<p>We do not participate in dispute resolution proceedings before a consumer arbitration board.<\/p>\r\n<h3>Copyright<\/h3>\r\n<p>The content and works created by the site operators on these pages are subject to German copyright law. Reproduction, editing, distribution and any kind of utilisation outside the limits of copyright law require the written consent of the respective author or creator. Downloads and copies of this site are only permitted for private, non-commercial use. Insofar as the content on this site was not created by the operator, the copyrights of third parties are respected. In particular, third-party content is labelled as such. Should you nevertheless become aware of a copyright infringement, please inform us accordingly. If we become aware of any infringements, we will remove such content immediately.<\/p>\r\n<h3>Design & realisation<\/h3>\r\n<p>Berendsohn AG | <a href=\"https:\/\/www.berendsohn.de\/\" target=\"_blank\" rel=\"noopener\">www.berendsohn.de<\/a><\/p>\n<\/div>\n<p><!--more--><br \/>\n<!-- {\"type\":\"layout\",\"children\":[{\"type\":\"section\",\"props\":{\"image_position\":\"center-center\",\"style\":\"muted\",\"title_breakpoint\":\"xl\",\"title_position\":\"top-left\",\"title_rotation\":\"left\",\"vertical_align\":\"\",\"width\":\"large\"},\"children\":[{\"type\":\"row\",\"children\":[{\"type\":\"column\",\"props\":{\"image_position\":\"center-center\",\"position_sticky_breakpoint\":\"m\"},\"children\":[{\"type\":\"headline\",\"props\":{\"content\":\"Imprint\",\"title_element\":\"h1\"},\"name\":\"Impressum \\u00dcberschrift\"}]}]},{\"type\":\"row\",\"children\":[{\"type\":\"column\",\"props\":{\"image_position\":\"center-center\",\"position_sticky_breakpoint\":\"m\"},\"children\":[{\"type\":\"text\",\"props\":{\"column_breakpoint\":\"m\",\"content\":\"\n\n<p><strong><span>Represented by the Managing Director<\\\/span>:<\\\/strong> Alexander Stenmans<\\\/p>\\n\n\n<h2 class=\\\"uk-text-large uk-margin-remove-bottom\\\">ProRent GmbH<\\\/h2>\\n\n\n<p>Im Rohnweiher 12, 53797 Lohmar, Germany<br \\\/><strong>E-Mail:<\\\/strong> info@prorent.eu<br \\\/><strong>Phone:<\\\/strong> +49 (0) 2205 92016-0<br \\\/><strong>Fax:<\\\/strong> +49 (0) 2205 92016-66<strong><\\\/strong><\\\/p>\\n\n\n<p><strong>Vat identification number according to \\u00a727a German Vat Act:<\\\/strong> DE 227066632<\\\/p>\",\"css\":\".el-element h2{font-weight:bold; font-size:18px;}\",\"margin\":\"default\"},\"name\":\"Kundendaten eintragen\"}]}]},{\"type\":\"row\",\"children\":[{\"type\":\"column\",\"props\":{\"image_position\":\"center-center\",\"position_sticky_breakpoint\":\"m\"},\"children\":[{\"type\":\"text\",\"props\":{\"column_breakpoint\":\"m\",\"content\":\"\n\n<p>[impressum-englisch]<\\\/p>\",\"margin\":\"default\"},\"name\":\"Impressumstext\"}]}]}]}],\"version\":\"4.5.33\"} --><\/p>\n","protected":false},"excerpt":{"rendered":"<p>Imprint Represented by the Managing Director: Alexander Stenmans ProRent GmbH Im Rohnweiher 12, 53797 Lohmar, GermanyE-Mail: info@prorent.euPhone: +49 (0) 2205 92016-0Fax: +49 (0) 2205 92016-66 Vat identification number according to \u00a727a German Vat Act: DE 227066632<\/p>\n","protected":false},"author":1,"featured_media":0,"parent":0,"menu_order":0,"comment_status":"closed","ping_status":"closed","template":"","meta":{"footnotes":""},"class_list":["post-379","page","type-page","status-publish","hentry"],"yoast_head":"<!-- This site is optimized with the Yoast SEO plugin v27.5 - https:\/\/yoast.com\/product\/yoast-seo-wordpress\/ -->\n<title>Impressum | ProRent GmbH<\/title>\n<meta name=\"description\" content=\"Rechtliche Informationen und Pflichtangaben f\u00fcr ProRent GmbH. Alle Details zu Adresse, Kontakt und Gesch\u00e4ftsf\u00fchrung finden Sie hier.\" \/>\n<meta name=\"robots\" content=\"index, follow, max-snippet:-1, max-image-preview:large, max-video-preview:-1\" \/>\n<link rel=\"canonical\" href=\"https:\/\/www.prorent.eu\/en\/imprint\/\" \/>\n<meta property=\"og:locale\" content=\"en_US\" \/>\n<meta property=\"og:type\" content=\"article\" \/>\n<meta property=\"og:title\" content=\"Impressum | ProRent GmbH\" \/>\n<meta property=\"og:description\" content=\"Rechtliche Informationen und Pflichtangaben f\u00fcr ProRent GmbH. Alle Details zu Adresse, Kontakt und Gesch\u00e4ftsf\u00fchrung finden Sie hier.\" \/>\n<meta property=\"og:url\" content=\"https:\/\/www.prorent.eu\/en\/imprint\/\" \/>\n<meta property=\"og:site_name\" content=\"ProRent GmbH\" \/>\n<meta property=\"article:modified_time\" content=\"2025-12-23T15:15:58+00:00\" \/>\n<meta name=\"twitter:card\" content=\"summary_large_image\" \/>\n<script type=\"application\/ld+json\" class=\"yoast-schema-graph\">{\"@context\":\"https:\\\/\\\/schema.org\",\"@graph\":[{\"@type\":\"WebPage\",\"@id\":\"https:\\\/\\\/www.prorent.eu\\\/en\\\/imprint\\\/\",\"url\":\"https:\\\/\\\/www.prorent.eu\\\/en\\\/imprint\\\/\",\"name\":\"Impressum | ProRent GmbH\",\"isPartOf\":{\"@id\":\"https:\\\/\\\/www.prorent.eu\\\/en\\\/#website\"},\"datePublished\":\"2023-02-06T08:53:20+00:00\",\"dateModified\":\"2025-12-23T15:15:58+00:00\",\"description\":\"Rechtliche Informationen und Pflichtangaben f\u00fcr ProRent GmbH. Alle Details zu Adresse, Kontakt und Gesch\u00e4ftsf\u00fchrung finden Sie hier.\",\"breadcrumb\":{\"@id\":\"https:\\\/\\\/www.prorent.eu\\\/en\\\/imprint\\\/#breadcrumb\"},\"inLanguage\":\"en-US\",\"potentialAction\":[{\"@type\":\"ReadAction\",\"target\":[\"https:\\\/\\\/www.prorent.eu\\\/en\\\/imprint\\\/\"]}]},{\"@type\":\"BreadcrumbList\",\"@id\":\"https:\\\/\\\/www.prorent.eu\\\/en\\\/imprint\\\/#breadcrumb\",\"itemListElement\":[{\"@type\":\"ListItem\",\"position\":1,\"name\":\"Startseite\",\"item\":\"https:\\\/\\\/www.prorent.eu\\\/en\\\/\"},{\"@type\":\"ListItem\",\"position\":2,\"name\":\"Imprint\"}]},{\"@type\":\"WebSite\",\"@id\":\"https:\\\/\\\/www.prorent.eu\\\/en\\\/#website\",\"url\":\"https:\\\/\\\/www.prorent.eu\\\/en\\\/\",\"name\":\"ProRent GmbH\",\"description\":\"Website f\u00fcr\",\"potentialAction\":[{\"@type\":\"SearchAction\",\"target\":{\"@type\":\"EntryPoint\",\"urlTemplate\":\"https:\\\/\\\/www.prorent.eu\\\/en\\\/?s={search_term_string}\"},\"query-input\":{\"@type\":\"PropertyValueSpecification\",\"valueRequired\":true,\"valueName\":\"search_term_string\"}}],\"inLanguage\":\"en-US\"}]}<\/script>\n<!-- \/ Yoast SEO plugin. -->","yoast_head_json":{"title":"Impressum | ProRent GmbH","description":"Rechtliche Informationen und Pflichtangaben f\u00fcr ProRent GmbH. Alle Details zu Adresse, Kontakt und Gesch\u00e4ftsf\u00fchrung finden Sie hier.","robots":{"index":"index","follow":"follow","max-snippet":"max-snippet:-1","max-image-preview":"max-image-preview:large","max-video-preview":"max-video-preview:-1"},"canonical":"https:\/\/www.prorent.eu\/en\/imprint\/","og_locale":"en_US","og_type":"article","og_title":"Impressum | ProRent GmbH","og_description":"Rechtliche Informationen und Pflichtangaben f\u00fcr ProRent GmbH. Alle Details zu Adresse, Kontakt und Gesch\u00e4ftsf\u00fchrung finden Sie hier.","og_url":"https:\/\/www.prorent.eu\/en\/imprint\/","og_site_name":"ProRent GmbH","article_modified_time":"2025-12-23T15:15:58+00:00","twitter_card":"summary_large_image","schema":{"@context":"https:\/\/schema.org","@graph":[{"@type":"WebPage","@id":"https:\/\/www.prorent.eu\/en\/imprint\/","url":"https:\/\/www.prorent.eu\/en\/imprint\/","name":"Impressum | ProRent GmbH","isPartOf":{"@id":"https:\/\/www.prorent.eu\/en\/#website"},"datePublished":"2023-02-06T08:53:20+00:00","dateModified":"2025-12-23T15:15:58+00:00","description":"Rechtliche Informationen und Pflichtangaben f\u00fcr ProRent GmbH. Alle Details zu Adresse, Kontakt und Gesch\u00e4ftsf\u00fchrung finden Sie hier.","breadcrumb":{"@id":"https:\/\/www.prorent.eu\/en\/imprint\/#breadcrumb"},"inLanguage":"en-US","potentialAction":[{"@type":"ReadAction","target":["https:\/\/www.prorent.eu\/en\/imprint\/"]}]},{"@type":"BreadcrumbList","@id":"https:\/\/www.prorent.eu\/en\/imprint\/#breadcrumb","itemListElement":[{"@type":"ListItem","position":1,"name":"Startseite","item":"https:\/\/www.prorent.eu\/en\/"},{"@type":"ListItem","position":2,"name":"Imprint"}]},{"@type":"WebSite","@id":"https:\/\/www.prorent.eu\/en\/#website","url":"https:\/\/www.prorent.eu\/en\/","name":"ProRent GmbH","description":"Website f\u00fcr","potentialAction":[{"@type":"SearchAction","target":{"@type":"EntryPoint","urlTemplate":"https:\/\/www.prorent.eu\/en\/?s={search_term_string}"},"query-input":{"@type":"PropertyValueSpecification","valueRequired":true,"valueName":"search_term_string"}}],"inLanguage":"en-US"}]}},"_links":{"self":[{"href":"https:\/\/www.prorent.eu\/en\/wp-json\/wp\/v2\/pages\/379","targetHints":{"allow":["GET"]}}],"collection":[{"href":"https:\/\/www.prorent.eu\/en\/wp-json\/wp\/v2\/pages"}],"about":[{"href":"https:\/\/www.prorent.eu\/en\/wp-json\/wp\/v2\/types\/page"}],"author":[{"embeddable":true,"href":"https:\/\/www.prorent.eu\/en\/wp-json\/wp\/v2\/users\/1"}],"replies":[{"embeddable":true,"href":"https:\/\/www.prorent.eu\/en\/wp-json\/wp\/v2\/comments?post=379"}],"version-history":[{"count":4,"href":"https:\/\/www.prorent.eu\/en\/wp-json\/wp\/v2\/pages\/379\/revisions"}],"predecessor-version":[{"id":642,"href":"https:\/\/www.prorent.eu\/en\/wp-json\/wp\/v2\/pages\/379\/revisions\/642"}],"wp:attachment":[{"href":"https:\/\/www.prorent.eu\/en\/wp-json\/wp\/v2\/media?parent=379"}],"curies":[{"name":"wp","href":"https:\/\/api.w.org\/{rel}","templated":true}]}}